{"id":32576,"date":"2023-09-14T14:49:37","date_gmt":"2023-09-14T12:49:37","guid":{"rendered":"https:\/\/perfectionist.ch\/?post_type=product&#038;p=32576"},"modified":"2024-03-19T10:36:30","modified_gmt":"2024-03-19T09:36:30","slug":"ultimus-plus","status":"publish","type":"product","link":"https:\/\/perfectionist.ch\/fr\/produit\/ultimus-plus\/","title":{"rendered":"Ultimus Plus"},"content":{"rendered":"<p><strong>Niveaux de pH r\u00e9glables pour un pouvoir nettoyant maximal :<\/strong><\/p>\n<p>En fonction du taux de dilution, Ultimus peut \u00eatre adapt\u00e9 au niveau de nettoyage requis.<\/p>\n<p>Il faut faire mousser le v\u00e9hicule et le laisser reposer avant de laver \u00e0 la main.<\/p>\n<p>Utiliser 50 ml pour les salissures hebdomadaires, 100 ml pour les salissures mensuelles et 200 ml pour la d\u00e9contamination avant l&rsquo;entretien.<\/p>\n<p><strong>Niveau de pH \u00e0 5-6 litres par minute (Karcher s\u00e9rie K)<\/strong><\/p>\n<ul>\n<li>50ml = 10.9 pH<\/li>\n<li>100ml = 11.5 pH<\/li>\n<li>200ml = 11.9 pH<\/li>\n<\/ul>\n<p><strong>Niveau de pH \u00e0 7-10 litres par minute (Kranzle K7 &amp; K10)<\/strong><\/p>\n<ul>\n<li>50ml = 10.6 pH<\/li>\n<li>100ml = 11.4 pH<\/li>\n<li>200ml = 11.8 pH<\/li>\n<\/ul>\n","protected":false},"excerpt":{"rendered":"<p>Une mousse \u00e0 neige puissante et concentr\u00e9e, formul\u00e9e pour \u00e9liminer les salissures hivernales les plus tenaces, tout en offrant la m\u00eame mousse dense et la m\u00eame adh\u00e9rence que celles attendues de la mousse \u00e0 neige Ultimus d&rsquo;origine.<\/p>\n<p><strong><u>Disponible en:<\/u><\/strong><\/p>\n<ul>\n<li><strong>2 Litres \u2013 55.00 CHF<\/strong><\/li>\n<li><strong>5 Litres \u2013 130.00 CHF<\/strong><\/li>\n<\/ul>\n","protected":false},"featured_media":32578,"comment_status":"open","ping_status":"closed","template":"","meta":{"site-sidebar-layout":"default","site-content-layout":"default","ast-global-header-display":"","ast-banner-title-visibility":"","ast-main-header-display":"","ast-hfb-above-header-display":"","ast-hfb-below-header-display":"","ast-hfb-mobile-header-display":"","site-post-title":"","ast-breadcrumbs-content":"","ast-featured-img":"","footer-sml-layout":"","theme-transparent-header-meta":"default","adv-header-id-meta":"","stick-header-meta":"default","header-above-stick-meta":"","header-main-stick-meta":"","header-below-stick-meta":""},"product_cat":[85,88],"product_tag":[87],"class_list":["post-32576","product","type-product","status-publish","has-post-thumbnail","hentry","product_cat-carbon-collective-fr","product_cat-shampooing","product_tag-carbon-collective-fr","desktop-align-left","tablet-align-center","mobile-align-left","ast-product-gallery-layout-horizontal-slider","ast-product-gallery-with-no-image","ast-product-tabs-layout-horizontal"],"_links":{"self":[{"href":"https:\/\/perfectionist.ch\/fr\/wp-json\/wp\/v2\/product\/32576","targetHints":{"allow":["GET"]}}],"collection":[{"href":"https:\/\/perfectionist.ch\/fr\/wp-json\/wp\/v2\/product"}],"about":[{"href":"https:\/\/perfectionist.ch\/fr\/wp-json\/wp\/v2\/types\/product"}],"replies":[{"embeddable":true,"href":"https:\/\/perfectionist.ch\/fr\/wp-json\/wp\/v2\/comments?post=32576"}],"wp:featuredmedia":[{"embeddable":true,"href":"https:\/\/perfectionist.ch\/fr\/wp-json\/wp\/v2\/media\/32578"}],"wp:attachment":[{"href":"https:\/\/perfectionist.ch\/fr\/wp-json\/wp\/v2\/media?parent=32576"}],"wp:term":[{"taxonomy":"product_cat","embeddable":true,"href":"https:\/\/perfectionist.ch\/fr\/wp-json\/wp\/v2\/product_cat?post=32576"},{"taxonomy":"product_tag","embeddable":true,"href":"https:\/\/perfectionist.ch\/fr\/wp-json\/wp\/v2\/product_tag?post=32576"}],"curies":[{"name":"wp","href":"https:\/\/api.w.org\/{rel}","templated":true}]}}