{"id":32572,"date":"2023-09-14T14:47:53","date_gmt":"2023-09-14T12:47:53","guid":{"rendered":"https:\/\/perfectionist.ch\/?post_type=product&#038;p=32572"},"modified":"2024-03-19T10:37:01","modified_gmt":"2024-03-19T09:37:01","slug":"bottle-organisers","status":"publish","type":"product","link":"https:\/\/perfectionist.ch\/fr\/produit\/bottle-organisers\/","title":{"rendered":"Bottle Organisers"},"content":{"rendered":"<p><strong>Caract\u00e9ristiques:<\/strong><\/p>\n<ul>\n<li aria-level=\"1\">Acier robuste de 1,5 mm d&rsquo;\u00e9paisseur<\/li>\n<li aria-level=\"1\">Finition par rev\u00eatement en poudre<\/li>\n<li aria-level=\"1\">1x trou pour bouteille de 15ml<\/li>\n<li aria-level=\"1\">5x trous pour bouteilles de 30ml<\/li>\n<li aria-level=\"1\">5x trous pour bouteilles de 500ml<\/li>\n<li aria-level=\"1\">5x trous pour bouteilles de 1 litre<\/li>\n<\/ul>\n","protected":false},"excerpt":{"rendered":"<p>Ajoutez du style, du stockage et une touche de couleur aux murs de votre garage ou \u00e0 l&rsquo;installation d&rsquo;une camionnette professionnelle.<\/p>\n<p>Les porte-bouteilles sont fabriqu\u00e9s en acier robuste de 1,5 mm d&rsquo;\u00e9paisseur et recouverts d&rsquo;un rev\u00eatement en poudre de notre couleur caract\u00e9ristique.<\/p>\n<p>Chaque porte-bouteille a des trous d\u00e9di\u00e9s, bord\u00e9s de caoutchouc pour \u00e9viter d&rsquo;endommager les bouteilles, tout en les tenant en place (important dans les installations de fourgonnettes).<\/p>\n<p><strong>40.00 CHF<\/strong><\/p>\n","protected":false},"featured_media":32574,"comment_status":"open","ping_status":"closed","template":"","meta":{"site-sidebar-layout":"default","site-content-layout":"default","ast-global-header-display":"","ast-banner-title-visibility":"","ast-main-header-display":"","ast-hfb-above-header-display":"","ast-hfb-below-header-display":"","ast-hfb-mobile-header-display":"","site-post-title":"","ast-breadcrumbs-content":"","ast-featured-img":"","footer-sml-layout":"","theme-transparent-header-meta":"default","adv-header-id-meta":"","stick-header-meta":"default","header-above-stick-meta":"","header-main-stick-meta":"","header-below-stick-meta":""},"product_cat":[86,85],"product_tag":[87],"class_list":["post-32572","product","type-product","status-publish","has-post-thumbnail","hentry","product_cat-accessories-fr","product_cat-carbon-collective-fr","product_tag-carbon-collective-fr","desktop-align-left","tablet-align-center","mobile-align-left","ast-product-gallery-layout-horizontal-slider","ast-product-gallery-with-no-image","ast-product-tabs-layout-horizontal"],"_links":{"self":[{"href":"https:\/\/perfectionist.ch\/fr\/wp-json\/wp\/v2\/product\/32572","targetHints":{"allow":["GET"]}}],"collection":[{"href":"https:\/\/perfectionist.ch\/fr\/wp-json\/wp\/v2\/product"}],"about":[{"href":"https:\/\/perfectionist.ch\/fr\/wp-json\/wp\/v2\/types\/product"}],"replies":[{"embeddable":true,"href":"https:\/\/perfectionist.ch\/fr\/wp-json\/wp\/v2\/comments?post=32572"}],"wp:featuredmedia":[{"embeddable":true,"href":"https:\/\/perfectionist.ch\/fr\/wp-json\/wp\/v2\/media\/32574"}],"wp:attachment":[{"href":"https:\/\/perfectionist.ch\/fr\/wp-json\/wp\/v2\/media?parent=32572"}],"wp:term":[{"taxonomy":"product_cat","embeddable":true,"href":"https:\/\/perfectionist.ch\/fr\/wp-json\/wp\/v2\/product_cat?post=32572"},{"taxonomy":"product_tag","embeddable":true,"href":"https:\/\/perfectionist.ch\/fr\/wp-json\/wp\/v2\/product_tag?post=32572"}],"curies":[{"name":"wp","href":"https:\/\/api.w.org\/{rel}","templated":true}]}}