{"id":32562,"date":"2023-09-14T14:45:29","date_gmt":"2023-09-14T12:45:29","guid":{"rendered":"https:\/\/perfectionist.ch\/?post_type=product&#038;p=32562"},"modified":"2024-03-19T10:37:40","modified_gmt":"2024-03-19T09:37:40","slug":"hex-dual-action-polisher","status":"publish","type":"product","link":"https:\/\/perfectionist.ch\/fr\/produit\/hex-dual-action-polisher\/","title":{"rendered":"Hex Dual Action Polisher"},"content":{"rendered":"<p><strong>Caract\u00e9ristiques<\/strong><b>:<\/b><\/p>\n<ul>\n<li aria-level=\"1\">D\u00e9clencheur \u00e0 d\u00e9marrage progressif<\/li>\n<li aria-level=\"1\">Six r\u00e9glages de vitesse variable<\/li>\n<li aria-level=\"1\">Roulements japonais<\/li>\n<li aria-level=\"1\">C\u00e2ble d&rsquo;alimentation renforc\u00e9<\/li>\n<li aria-level=\"1\">Poign\u00e9e lat\u00e9rale en option incluse<\/li>\n<\/ul>\n<p><strong>Sp\u00e9cification<\/strong><b>:<\/b><\/p>\n<ul>\n<li aria-level=\"1\">Lancer de 15 mm (disponible en <a href=\"https:\/\/www.carboncollective.com\/product\/hex-21-21mm-dual-action-polisher\/\" target=\"_blank\" rel=\"noopener\">21 mm<\/a>)<\/li>\n<li aria-level=\"1\">Plaque d&rsquo;appui de 125 mm<\/li>\n<li aria-level=\"1\">1 650 &#8211; 4 800 TR\/MIN<\/li>\n<li aria-level=\"1\">230V\/50hz<\/li>\n<li aria-level=\"1\">Puissant moteur de 900W<\/li>\n<li aria-level=\"1\">C\u00e2ble de 5 m\u00e8tres<\/li>\n<li aria-level=\"1\">Prise UE<\/li>\n<li aria-level=\"1\">Brosses de rechange pour le moteur<\/li>\n<\/ul>\n<p>Poids : 2,5 kg (environ)<\/p>\n","protected":false},"excerpt":{"rendered":"<p>La nouvelle machine \u00e0 <strong>polir HEX \u00e0 double action<\/strong> est d\u00e9sormais disponible avec deux options de port\u00e9e, 15 mm ou 21 mm.<\/p>\n<p>Parfaitement \u00e9quilibr\u00e9e dans un bo\u00eetier ergonomique avec 6 r\u00e9glages de vitesse, elle vous offre un contr\u00f4le ultime et vous permet d&rsquo;\u00e9liminer les traces sans les risques li\u00e9s \u00e0 une polisseuse rotative traditionnelle.<\/p>\n<p>Notre polisseuse HEX \u00e0 double action est con\u00e7ue pour corriger facilement les peintures les plus dures. La port\u00e9e de 15 mm ou 21 mm est parfaite pour un large \u00e9ventail d&rsquo;utilisations, y compris les zones complexes et les finitions d\u00e9licates.<\/p>\n<p>Le puissant moteur de 900 W vient \u00e0 bout des peintures les plus oxyd\u00e9es, tandis que le long c\u00e2ble de 5 m vous permet de ne pas vous limiter \u00e0 une seule zone.<\/p>\n<p>Enti\u00e8rement redessin\u00e9 par rapport \u00e0 son pr\u00e9d\u00e9cesseur, nous avons am\u00e9lior\u00e9 les composants internes en ajoutant des roulements japonais et en renfor\u00e7ant le c\u00e2ble d&rsquo;alimentation pour garantir sa long\u00e9vit\u00e9.<br \/>\nLa ventilation a \u00e9t\u00e9 maximis\u00e9e pour \u00e9viter l&rsquo;accumulation de chaleur et l&rsquo;ergonomie a \u00e9t\u00e9 am\u00e9lior\u00e9e avec une quantit\u00e9 accrue de caoutchouc sur le bo\u00eetier, ce qui le rend plus confortable tout en le prot\u00e9geant contre les chocs et les chutes.<\/p>\n<p><strong>200.00 CHF<\/strong><\/p>\n","protected":false},"featured_media":32564,"comment_status":"open","ping_status":"closed","template":"","meta":{"site-sidebar-layout":"default","site-content-layout":"default","ast-global-header-display":"","ast-banner-title-visibility":"","ast-main-header-display":"","ast-hfb-above-header-display":"","ast-hfb-below-header-display":"","ast-hfb-mobile-header-display":"","site-post-title":"","ast-breadcrumbs-content":"","ast-featured-img":"","footer-sml-layout":"","theme-transparent-header-meta":"default","adv-header-id-meta":"","stick-header-meta":"default","header-above-stick-meta":"","header-main-stick-meta":"","header-below-stick-meta":""},"product_cat":[86,85],"product_tag":[87],"class_list":["post-32562","product","type-product","status-publish","has-post-thumbnail","hentry","product_cat-accessories-fr","product_cat-carbon-collective-fr","product_tag-carbon-collective-fr","desktop-align-left","tablet-align-center","mobile-align-left","ast-product-gallery-layout-horizontal-slider","ast-product-tabs-layout-horizontal"],"_links":{"self":[{"href":"https:\/\/perfectionist.ch\/fr\/wp-json\/wp\/v2\/product\/32562","targetHints":{"allow":["GET"]}}],"collection":[{"href":"https:\/\/perfectionist.ch\/fr\/wp-json\/wp\/v2\/product"}],"about":[{"href":"https:\/\/perfectionist.ch\/fr\/wp-json\/wp\/v2\/types\/product"}],"replies":[{"embeddable":true,"href":"https:\/\/perfectionist.ch\/fr\/wp-json\/wp\/v2\/comments?post=32562"}],"wp:featuredmedia":[{"embeddable":true,"href":"https:\/\/perfectionist.ch\/fr\/wp-json\/wp\/v2\/media\/32564"}],"wp:attachment":[{"href":"https:\/\/perfectionist.ch\/fr\/wp-json\/wp\/v2\/media?parent=32562"}],"wp:term":[{"taxonomy":"product_cat","embeddable":true,"href":"https:\/\/perfectionist.ch\/fr\/wp-json\/wp\/v2\/product_cat?post=32562"},{"taxonomy":"product_tag","embeddable":true,"href":"https:\/\/perfectionist.ch\/fr\/wp-json\/wp\/v2\/product_tag?post=32562"}],"curies":[{"name":"wp","href":"https:\/\/api.w.org\/{rel}","templated":true}]}}