{"id":32557,"date":"2023-09-14T14:40:15","date_gmt":"2023-09-14T12:40:15","guid":{"rendered":"https:\/\/perfectionist.ch\/?post_type=product&#038;p=32557"},"modified":"2023-09-18T12:16:14","modified_gmt":"2023-09-18T10:16:14","slug":"hex-nano-machine-polisher-v3-2023","status":"publish","type":"product","link":"https:\/\/perfectionist.ch\/fr\/produit\/hex-nano-machine-polisher-v3-2023\/","title":{"rendered":"Hex Nano Machine Polisher &#8211; V3 (2023)"},"content":{"rendered":"<p><strong>Caract\u00e9ristiques:<\/strong><\/p>\n<ul>\n<li aria-level=\"1\">Lance de 9 mm \u00e0 double action<\/li>\n<li aria-level=\"1\">Mode rotatif<\/li>\n<li aria-level=\"1\">Moteur de 300 W (puissance et couple accrus par rapport aux mod\u00e8les pr\u00e9c\u00e9dents)<\/li>\n<li aria-level=\"1\">1000 &#8211; 5000 TR\/MIN<\/li>\n<li aria-level=\"1\">Les r\u00e9glages du capteur de charge am\u00e9liorent le mode rotatif complet<\/li>\n<li aria-level=\"1\">Conception ergonomique avec zones de contact caoutchout\u00e9es pour un maximum de confort et de prise en main<\/li>\n<li aria-level=\"1\">7 r\u00e9glages de vitesse<\/li>\n<li aria-level=\"1\">Ecran digital LED<\/li>\n<li aria-level=\"1\">2 piles pour une utilisation continue (dont une en cours de charge)<\/li>\n<li aria-level=\"1\">Adaptable aux plaques d&rsquo;appui 1\u2033 ou 2\u2033.<\/li>\n<li aria-level=\"1\">Augmentez la port\u00e9e de la polisseuse avec les barres d&rsquo;extension incluses<\/li>\n<\/ul>\n<p><strong>Accessoires inclus :<\/strong><\/p>\n<ul>\n<li aria-level=\"1\">Corps de la polisseuse HEX Nano<\/li>\n<li aria-level=\"1\">Couvercle protecteur de la t\u00eate Hex Nano<\/li>\n<li aria-level=\"1\">Mallette de transport rigide<\/li>\n<li aria-level=\"1\">Plaque d&rsquo;appui en m\u00e9tal 1\u2033 pour filets<\/li>\n<li aria-level=\"1\">Plaque d&rsquo;appui m\u00e9tallique 2\u2033 pour filetage<\/li>\n<li aria-level=\"1\">1x barre d&rsquo;extension 65mm<\/li>\n<li aria-level=\"1\">1x barre d&rsquo;extension 35mm<\/li>\n<li aria-level=\"1\">2x 2000mAh 12V Packs de batterie<\/li>\n<li aria-level=\"1\">Chargeur de batterie<\/li>\n<\/ul>\n<p><strong>2\u2033 Tampons de polissage inclus :<\/strong><\/p>\n<ul>\n<li aria-level=\"1\">2\u2033 Tampons de polissage jaunes x3<\/li>\n<li aria-level=\"1\">2\u2033 Tampons de polissage verts x3<\/li>\n<li aria-level=\"1\">2\u2033 Tampons de polissage orange x3<\/li>\n<li aria-level=\"1\">2\u2033 Tampons de polissage en feutre x2 (blanc)<\/li>\n<li aria-level=\"1\">2\u2033 Tampons de polissage en laine x2 (violet)<\/li>\n<li aria-level=\"1\">2\u2033 Tampons de polissage en microfibre x2 (blanc)<\/li>\n<\/ul>\n<p><strong>1\u2033 Tampons de polissage inclus :<\/strong><\/p>\n<ul>\n<li aria-level=\"1\">1\u2033 Tampon de polissage jaune x5<\/li>\n<li aria-level=\"1\">1\u2033 Tampon de polissage vert x5<\/li>\n<li aria-level=\"1\">1\u2033 Tampon de polissage orange x5<\/li>\n<li aria-level=\"1\">1\u2033 Tampons de polissage en feutre x2 (blanc)<\/li>\n<li aria-level=\"1\">1\u2033 Tampons de polissage en laine x2 (violet)<\/li>\n<li aria-level=\"1\">1\u2033 Tampons de polissage en microfibre x2 (blanc)<\/li>\n<\/ul>\n<p><strong>R\u00e9glages de la vitesse :<\/strong><\/p>\n<ol>\n<li>1000<\/li>\n<li>1650<\/li>\n<li>2300<\/li>\n<li>2950<\/li>\n<li>3600<\/li>\n<li>4300<\/li>\n<li>5000<\/li>\n<\/ol>\n","protected":false},"excerpt":{"rendered":"<ul>\n<li aria-level=\"1\">Am\u00e9lioration des composants internes<\/li>\n<li aria-level=\"1\">Qualit\u00e9 de construction am\u00e9lior\u00e9e du polisseur<\/li>\n<li aria-level=\"1\">Construction de la batterie am\u00e9lior\u00e9e<\/li>\n<\/ul>\n<p>La polisseuse <strong>HEX Nano de Carbon Collective<\/strong> utilise les derni\u00e8res technologies pour cr\u00e9er une mini-polisseuse \u00e0 batterie polyvalente, ergonomique et l\u00e9g\u00e8re.<\/p>\n<p>Elle s&rsquo;adapte facilement \u00e0 la double action, \u00e0 la rotation, aux plaques d&rsquo;appui de 1\u2033 et aux plaques d&rsquo;appui de 2\u2033. La polyvalence de la machine \u00e0 polir Hex Nano permet \u00e0 l&rsquo;utilisateur de travailler sur toutes les surfaces qu&rsquo;une polisseuse de taille normale ou m\u00eame une polisseuse manuelle ne peut pas atteindre.<\/p>\n<p>Augmentez la port\u00e9e de la polisseuse avec les barres d&rsquo;extension incluses pour acc\u00e9der \u00e0 des zones encore plus difficiles d&rsquo;acc\u00e8s, \u00e0 des espaces restreints et \u00e0 des d\u00e9tails complexes.<\/p>\n<p>Obtenez la m\u00eame finition sur l&rsquo;ensemble du v\u00e9hicule &#8211; les tampons en mousse du kit sont fabriqu\u00e9s \u00e0 partir des m\u00eames mat\u00e9riaux que nos tampons de polissage machine hexagonaux de 125 mm, ce qui vous permet d&rsquo;obtenir la m\u00eame coupe sur les panneaux plus grands que dans les zones plus \u00e9troites.<\/p>\n<p>Profitez d&rsquo;une utilisation continue gr\u00e2ce aux deux batteries de 2000mAh fournies, ce qui signifie que l&rsquo;une peut \u00eatre en charge pendant que l&rsquo;autre est en cours d&rsquo;utilisation.<\/p>\n<p>L&rsquo;\u00e9cran LED lumineux vous indique le r\u00e9glage exact de la vitesse que vous utilisez. Les 7 r\u00e9glages de vitesse allant de 1000RPM \u00e0 5000RPM permettent \u00e0 l&rsquo;utilisateur d&rsquo;ajuster la vitesse de rotation et de n&rsquo;utiliser que la vitesse n\u00e9cessaire pour le travail sp\u00e9cifique.<\/p>\n<p>Le chargeur de batterie international vous permet de recharger la batterie o\u00f9 que vous soyez.<\/p>\n<p><strong>280.00 CHF<\/strong><\/p>\n","protected":false},"featured_media":32548,"comment_status":"open","ping_status":"closed","template":"","meta":{"site-sidebar-layout":"default","site-content-layout":"default","ast-global-header-display":"","ast-banner-title-visibility":"","ast-main-header-display":"","ast-hfb-above-header-display":"","ast-hfb-below-header-display":"","ast-hfb-mobile-header-display":"","site-post-title":"","ast-breadcrumbs-content":"","ast-featured-img":"","footer-sml-layout":"","theme-transparent-header-meta":"default","adv-header-id-meta":"","stick-header-meta":"default","header-above-stick-meta":"","header-main-stick-meta":"","header-below-stick-meta":""},"product_cat":[86,85],"product_tag":[87],"class_list":["post-32557","product","type-product","status-publish","has-post-thumbnail","hentry","product_cat-accessories-fr","product_cat-carbon-collective-fr","product_tag-carbon-collective-fr","desktop-align-left","tablet-align-center","mobile-align-left","ast-product-gallery-layout-horizontal-slider","ast-product-tabs-layout-horizontal"],"_links":{"self":[{"href":"https:\/\/perfectionist.ch\/fr\/wp-json\/wp\/v2\/product\/32557","targetHints":{"allow":["GET"]}}],"collection":[{"href":"https:\/\/perfectionist.ch\/fr\/wp-json\/wp\/v2\/product"}],"about":[{"href":"https:\/\/perfectionist.ch\/fr\/wp-json\/wp\/v2\/types\/product"}],"replies":[{"embeddable":true,"href":"https:\/\/perfectionist.ch\/fr\/wp-json\/wp\/v2\/comments?post=32557"}],"wp:featuredmedia":[{"embeddable":true,"href":"https:\/\/perfectionist.ch\/fr\/wp-json\/wp\/v2\/media\/32548"}],"wp:attachment":[{"href":"https:\/\/perfectionist.ch\/fr\/wp-json\/wp\/v2\/media?parent=32557"}],"wp:term":[{"taxonomy":"product_cat","embeddable":true,"href":"https:\/\/perfectionist.ch\/fr\/wp-json\/wp\/v2\/product_cat?post=32557"},{"taxonomy":"product_tag","embeddable":true,"href":"https:\/\/perfectionist.ch\/fr\/wp-json\/wp\/v2\/product_tag?post=32557"}],"curies":[{"name":"wp","href":"https:\/\/api.w.org\/{rel}","templated":true}]}}