{"id":32536,"date":"2023-09-14T14:33:57","date_gmt":"2023-09-14T12:33:57","guid":{"rendered":"https:\/\/perfectionist.ch\/?post_type=product&#038;p=32536"},"modified":"2024-03-19T10:38:08","modified_gmt":"2024-03-19T09:38:08","slug":"firm-bristle-detailing-brush-set","status":"publish","type":"product","link":"https:\/\/perfectionist.ch\/fr\/produit\/firm-bristle-detailing-brush-set\/","title":{"rendered":"Firm Bristle Detailing Brush Set"},"content":{"rendered":"<ul>\n<li aria-level=\"1\"><strong>Construction anti-rayures<\/strong><\/li>\n<li aria-level=\"1\"><strong>Design ergonomique<\/strong><\/li>\n<li aria-level=\"1\"><strong>Poils synth\u00e9tiques fermes ultra doux<\/strong><\/li>\n<li aria-level=\"1\"><strong>R\u00e9sistant aux produits chimiques<\/strong><\/li>\n<li aria-level=\"1\"><strong>Peut \u00eatre utilis\u00e9 humide ou sec<\/strong><\/li>\n<li aria-level=\"1\"><strong>Peut \u00eatre utilis\u00e9 avec des produits de nettoyage<\/strong><\/li>\n<li aria-level=\"1\"><strong>Surfaces int\u00e9rieures ou ext\u00e9rieures<\/strong><\/li>\n<\/ul>\n","protected":false},"excerpt":{"rendered":"<p>Ce set a \u00e9volu\u00e9 \u00e0 partir du tr\u00e8s populaire set de brosses d&rsquo;entretien ultra-douces, dot\u00e9 de poils rigides avec les m\u00eames pointes synth\u00e9tiques douces pour \u00e9liminer la salet\u00e9 coll\u00e9e tenace, la crasse et les r\u00e9sidus de polissage dans les interstices des panneaux, les fissures et les crevasses.<\/p>\n<p>Apr\u00e8s avoir r\u00e9alis\u00e9 des travaux d&rsquo;esth\u00e9tique sur plusieurs voitures pr\u00e9sentant des espaces restreints entre les panneaux, des fissures g\u00eanantes et des bords en PPF, nous avons r\u00e9alis\u00e9 qu&rsquo;il manquait un cha\u00eenon \u00e0 notre arsenal de brosses d&rsquo;esth\u00e9tique. Nos brosses d&rsquo;entretien \u00e0 poils fermes sont suffisamment rigides pour nettoyer efficacement ces zones, sans endommager la surface.<\/p>\n<p>Elles sont parfaites pour l&rsquo;entretien des motos, des baies moteur, des \u00e9triers de frein, des suspensions, des roues ou des surfaces qui n\u00e9cessitent une agitation sans rayures.<\/p>\n<p>Chaque brosse du kit est de taille diff\u00e9rente, ce qui permet d&rsquo;acc\u00e9der \u00e0 des zones difficiles d&rsquo;acc\u00e8s de l&rsquo;int\u00e9rieur ou de la carrosserie qui ne pourraient pas \u00eatre nettoy\u00e9es autrement.<\/p>\n<p>Les brosses sont fabriqu\u00e9es \u00e0 partir de mat\u00e9riaux anti-rayures afin d&rsquo;\u00e9liminer en toute s\u00e9curit\u00e9 la salet\u00e9 et la crasse sur les surfaces peintes, les roues et les garnitures int\u00e9rieures en plastique sans les rayer.<\/p>\n<p>&#8211;<\/p>\n<p><strong>29.00 CHF<\/strong><\/p>\n","protected":false},"featured_media":32542,"comment_status":"open","ping_status":"closed","template":"","meta":{"site-sidebar-layout":"default","site-content-layout":"default","ast-global-header-display":"","ast-banner-title-visibility":"","ast-main-header-display":"","ast-hfb-above-header-display":"","ast-hfb-below-header-display":"","ast-hfb-mobile-header-display":"","site-post-title":"","ast-breadcrumbs-content":"","ast-featured-img":"","footer-sml-layout":"","theme-transparent-header-meta":"default","adv-header-id-meta":"","stick-header-meta":"default","header-above-stick-meta":"","header-main-stick-meta":"","header-below-stick-meta":""},"product_cat":[86,85],"product_tag":[87],"class_list":["post-32536","product","type-product","status-publish","has-post-thumbnail","hentry","product_cat-accessories-fr","product_cat-carbon-collective-fr","product_tag-carbon-collective-fr","desktop-align-left","tablet-align-center","mobile-align-left","ast-product-gallery-layout-horizontal-slider","ast-product-tabs-layout-horizontal"],"_links":{"self":[{"href":"https:\/\/perfectionist.ch\/fr\/wp-json\/wp\/v2\/product\/32536","targetHints":{"allow":["GET"]}}],"collection":[{"href":"https:\/\/perfectionist.ch\/fr\/wp-json\/wp\/v2\/product"}],"about":[{"href":"https:\/\/perfectionist.ch\/fr\/wp-json\/wp\/v2\/types\/product"}],"replies":[{"embeddable":true,"href":"https:\/\/perfectionist.ch\/fr\/wp-json\/wp\/v2\/comments?post=32536"}],"wp:featuredmedia":[{"embeddable":true,"href":"https:\/\/perfectionist.ch\/fr\/wp-json\/wp\/v2\/media\/32542"}],"wp:attachment":[{"href":"https:\/\/perfectionist.ch\/fr\/wp-json\/wp\/v2\/media?parent=32536"}],"wp:term":[{"taxonomy":"product_cat","embeddable":true,"href":"https:\/\/perfectionist.ch\/fr\/wp-json\/wp\/v2\/product_cat?post=32536"},{"taxonomy":"product_tag","embeddable":true,"href":"https:\/\/perfectionist.ch\/fr\/wp-json\/wp\/v2\/product_tag?post=32536"}],"curies":[{"name":"wp","href":"https:\/\/api.w.org\/{rel}","templated":true}]}}