{"id":32528,"date":"2023-09-14T14:31:36","date_gmt":"2023-09-14T12:31:36","guid":{"rendered":"https:\/\/perfectionist.ch\/?post_type=product&#038;p=32528"},"modified":"2023-09-18T12:07:48","modified_gmt":"2023-09-18T10:07:48","slug":"hose-guide","status":"publish","type":"product","link":"https:\/\/perfectionist.ch\/fr\/produit\/hose-guide\/","title":{"rendered":"Hose Guide"},"content":{"rendered":"<p><strong>Aide \u00e0 faciliter :<\/strong><\/p>\n<ul>\n<li aria-level=\"1\">Les tuyaux \u00e0 basse pression<\/li>\n<li aria-level=\"1\">Tuyaux de nettoyeur haute pression<\/li>\n<li aria-level=\"1\">C\u00e2bles \u00e9lectriques et rallonges<\/li>\n<li aria-level=\"1\">Compagnies a\u00e9riennes<\/li>\n<\/ul>\n","protected":false},"excerpt":{"rendered":"<p>Les <strong>Hose Guides<\/strong> aide \u00e0 r\u00e9soudre l&rsquo;\u00e9ternel probl\u00e8me du detailer et de la station de lavage, le redoutable tuyau coinc\u00e9.<\/p>\n<p>Ces guides de tuyaux permettent de gagner du temps pendant le nettoyage en \u00e9vitant les interruptions. La conception incurv\u00e9e permet d&rsquo;\u00e9viter que les c\u00e2bles, les tuyaux et les lignes a\u00e9riennes ne soient coinc\u00e9s entre le pneu et le sol.<\/p>\n<p>Chaque bo\u00eete contient 4 guides de tuyaux, un pour chaque pneu. Il suffit d&rsquo;en placer un sur le bord ext\u00e9rieur de chaque pneu du v\u00e9hicule avant de commencer l&rsquo;entretien, de les retirer et de les ranger \u00e0 la fin, ils peuvent \u00eatre utilis\u00e9s \u00e0 maintes reprises.<\/p>\n<p>Fabriqu\u00e9s dans la couleur de notre marque, assortie \u00e0 la couleur de nos seaux et accessoires de lavage tr\u00e8s appr\u00e9ci\u00e9s.<\/p>\n<p><strong>20.00 CHF<\/strong><\/p>\n","protected":false},"featured_media":32532,"comment_status":"open","ping_status":"closed","template":"","meta":{"site-sidebar-layout":"default","site-content-layout":"default","ast-global-header-display":"","ast-banner-title-visibility":"","ast-main-header-display":"","ast-hfb-above-header-display":"","ast-hfb-below-header-display":"","ast-hfb-mobile-header-display":"","site-post-title":"","ast-breadcrumbs-content":"","ast-featured-img":"","footer-sml-layout":"","theme-transparent-header-meta":"default","adv-header-id-meta":"","stick-header-meta":"default","header-above-stick-meta":"","header-main-stick-meta":"","header-below-stick-meta":""},"product_cat":[86,85],"product_tag":[87],"class_list":["post-32528","product","type-product","status-publish","has-post-thumbnail","hentry","product_cat-accessories-fr","product_cat-carbon-collective-fr","product_tag-carbon-collective-fr","desktop-align-left","tablet-align-center","mobile-align-left","ast-product-gallery-layout-horizontal-slider","ast-product-tabs-layout-horizontal"],"_links":{"self":[{"href":"https:\/\/perfectionist.ch\/fr\/wp-json\/wp\/v2\/product\/32528","targetHints":{"allow":["GET"]}}],"collection":[{"href":"https:\/\/perfectionist.ch\/fr\/wp-json\/wp\/v2\/product"}],"about":[{"href":"https:\/\/perfectionist.ch\/fr\/wp-json\/wp\/v2\/types\/product"}],"replies":[{"embeddable":true,"href":"https:\/\/perfectionist.ch\/fr\/wp-json\/wp\/v2\/comments?post=32528"}],"wp:featuredmedia":[{"embeddable":true,"href":"https:\/\/perfectionist.ch\/fr\/wp-json\/wp\/v2\/media\/32532"}],"wp:attachment":[{"href":"https:\/\/perfectionist.ch\/fr\/wp-json\/wp\/v2\/media?parent=32528"}],"wp:term":[{"taxonomy":"product_cat","embeddable":true,"href":"https:\/\/perfectionist.ch\/fr\/wp-json\/wp\/v2\/product_cat?post=32528"},{"taxonomy":"product_tag","embeddable":true,"href":"https:\/\/perfectionist.ch\/fr\/wp-json\/wp\/v2\/product_tag?post=32528"}],"curies":[{"name":"wp","href":"https:\/\/api.w.org\/{rel}","templated":true}]}}