{"id":32509,"date":"2023-09-14T14:25:05","date_gmt":"2023-09-14T12:25:05","guid":{"rendered":"https:\/\/perfectionist.ch\/?post_type=product&#038;p=32509"},"modified":"2024-03-19T10:39:32","modified_gmt":"2024-03-19T09:39:32","slug":"carbon-collective-by-kln-drying-duo-large","status":"publish","type":"product","link":"https:\/\/perfectionist.ch\/fr\/produit\/carbon-collective-by-kln-drying-duo-large\/","title":{"rendered":"CARBON COLLECTIVE BY KL!N \u2013 Drying Duo Large"},"content":{"rendered":"<p><strong>Caract\u00e9ristiques:<\/strong><\/p>\n<ul>\n<li aria-level=\"1\">1200GSM<\/li>\n<li aria-level=\"1\">Taille : 90 x 70cm<\/li>\n<li aria-level=\"1\">Non pelucheux<\/li>\n<li aria-level=\"1\">Super absorbant<\/li>\n<li aria-level=\"1\">S\u00e9chage sans trace<\/li>\n<li aria-level=\"1\">\u00c9tiquette amovible<\/li>\n<li aria-level=\"1\">Fabriqu\u00e9 en Cor\u00e9e<\/li>\n<li aria-level=\"1\">Emballage du syst\u00e8me de contr\u00f4le des contaminants<\/li>\n<\/ul>\n","protected":false},"excerpt":{"rendered":"<p><strong>Carbon Collective &amp; KL!N Korea<\/strong> se sont associ\u00e9s pour cr\u00e9er Carbon Collective by KL!N, qui propose des serviettes en microfibre de la plus haute qualit\u00e9.<\/p>\n<p>La serviette Drying Duo Large est une serviette de s\u00e9chage double couche sans couture, cousue \u00e0 l&rsquo;int\u00e9rieur pour cr\u00e9er une serviette douce et sans rayures.<\/p>\n<p>Extr\u00eamement absorbante et non pelucheuse, elle permet un s\u00e9chage sans traces et r\u00e9duit les taches d&rsquo;eau, en particulier dans les r\u00e9gions o\u00f9 l&rsquo;eau est dure.<\/p>\n<p>Les dimensions de 90 x 70 cm (35 x 27\u2033) garantissent une efficacit\u00e9 maximale sur les petits v\u00e9hicules ou un s\u00e9chage ais\u00e9 des grands v\u00e9hicules. La serviette est lavable en machine pour cr\u00e9er une serviette tr\u00e8s performante qui durera des ann\u00e9es.<\/p>\n<p><strong>45.00 CHF<\/strong><\/p>\n","protected":false},"featured_media":32517,"comment_status":"open","ping_status":"closed","template":"","meta":{"site-sidebar-layout":"default","site-content-layout":"default","ast-global-header-display":"","ast-banner-title-visibility":"","ast-main-header-display":"","ast-hfb-above-header-display":"","ast-hfb-below-header-display":"","ast-hfb-mobile-header-display":"","site-post-title":"","ast-breadcrumbs-content":"","ast-featured-img":"","footer-sml-layout":"","theme-transparent-header-meta":"default","adv-header-id-meta":"","stick-header-meta":"default","header-above-stick-meta":"","header-main-stick-meta":"","header-below-stick-meta":""},"product_cat":[85,96,128,97],"product_tag":[87],"class_list":["post-32509","product","type-product","status-publish","has-post-thumbnail","hentry","product_cat-carbon-collective-fr","product_cat-kln-korea-fr","product_cat-microfibre-care-fr","product_cat-drying-fr","product_tag-carbon-collective-fr","desktop-align-left","tablet-align-center","mobile-align-left","ast-product-gallery-layout-horizontal-slider","ast-product-tabs-layout-horizontal"],"_links":{"self":[{"href":"https:\/\/perfectionist.ch\/fr\/wp-json\/wp\/v2\/product\/32509","targetHints":{"allow":["GET"]}}],"collection":[{"href":"https:\/\/perfectionist.ch\/fr\/wp-json\/wp\/v2\/product"}],"about":[{"href":"https:\/\/perfectionist.ch\/fr\/wp-json\/wp\/v2\/types\/product"}],"replies":[{"embeddable":true,"href":"https:\/\/perfectionist.ch\/fr\/wp-json\/wp\/v2\/comments?post=32509"}],"wp:featuredmedia":[{"embeddable":true,"href":"https:\/\/perfectionist.ch\/fr\/wp-json\/wp\/v2\/media\/32517"}],"wp:attachment":[{"href":"https:\/\/perfectionist.ch\/fr\/wp-json\/wp\/v2\/media?parent=32509"}],"wp:term":[{"taxonomy":"product_cat","embeddable":true,"href":"https:\/\/perfectionist.ch\/fr\/wp-json\/wp\/v2\/product_cat?post=32509"},{"taxonomy":"product_tag","embeddable":true,"href":"https:\/\/perfectionist.ch\/fr\/wp-json\/wp\/v2\/product_tag?post=32509"}],"curies":[{"name":"wp","href":"https:\/\/api.w.org\/{rel}","templated":true}]}}