{"id":32501,"date":"2023-09-14T14:20:33","date_gmt":"2023-09-14T12:20:33","guid":{"rendered":"https:\/\/perfectionist.ch\/?post_type=product&#038;p=32501"},"modified":"2024-03-19T10:40:32","modified_gmt":"2024-03-19T09:40:32","slug":"carbon-collective-by-kln-zero-finish-hd-5-pack","status":"publish","type":"product","link":"https:\/\/perfectionist.ch\/fr\/produit\/carbon-collective-by-kln-zero-finish-hd-5-pack\/","title":{"rendered":"CARBON COLLECTIVE BY KL!N \u2013 Zero Finish HD+ (5 Pack)"},"content":{"rendered":"<p><strong>Sp\u00e9cification:<\/strong><\/p>\n<ul>\n<li aria-level=\"1\">GSM Plus de 406 GSM (\u00e9chantillon al\u00e9atoire)<\/li>\n<li aria-level=\"1\">40 x 40cm<\/li>\n<li aria-level=\"1\">Non pelucheux<\/li>\n<li aria-level=\"1\">Tr\u00e8s durable<\/li>\n<li aria-level=\"1\">Construction sans bords<\/li>\n<li aria-level=\"1\">Syst\u00e8me de contr\u00f4le des contaminants<\/li>\n<li aria-level=\"1\">Fabriqu\u00e9 en Cor\u00e9e<\/li>\n<\/ul>\n<p><em>Cette serviette, ainsi que la collaboration, est le produit de la recherche du plus haut niveau de performance de la microfibre. Leur fabrication est co\u00fbteuse et, compte tenu de leurs performances, il convient d&rsquo;en prendre soin pour les maintenir dans des conditions optimales.<\/em><\/p>\n","protected":false},"excerpt":{"rendered":"<p><strong>Carbon Collective &amp; KL!N Korea<\/strong> se sont associ\u00e9s pour cr\u00e9er Carbon Collective by KL!N, qui propose des serviettes en microfibres de la plus haute qualit\u00e9 dans l&rsquo;industrie.<\/p>\n<p>Ces serviettes en microfibres ont \u00e9t\u00e9 sp\u00e9cialement cr\u00e9\u00e9es pour Carbon Collective \u00e0 l&rsquo;aide de proc\u00e9d\u00e9s de fabrication exclusifs, sans aucune d\u00e9pense.<\/p>\n<p>Cette collaboration de marque pr\u00e9sente un Zero Finish avec un GSM sp\u00e9cifique \u00e0 Carbon Collective, plus lourd et l\u00e9g\u00e8rement plus \u00e9pais que le Zero Finish HD. Le logo est en relief. Les serviettes en tissu perl\u00e9 ne sont pas nouvelles, mais la qualit\u00e9 des mat\u00e9riaux utilis\u00e9s et la fabrication les placent bien au-del\u00e0 des offres conventionnelles.<\/p>\n<p>La serviette Pearl Weave est un produit de base dans l&rsquo;industrie de l&rsquo;esth\u00e9tique depuis des ann\u00e9es, et il s&rsquo;agit d&rsquo;un produit efficace issu d&rsquo;applications multi-industrielles li\u00e9es \u00e0 l&rsquo;entretien de mat\u00e9riaux sensibles.<\/p>\n<p>La serviette en microfibre Zero Finish est parfaite pour enlever l&rsquo;exc\u00e9dent de rev\u00eatement c\u00e9ramique et les r\u00e9sidus de polissage ou pour appliquer des produits d&rsquo;\u00e9tanch\u00e9it\u00e9 et des rev\u00eatements en a\u00e9rosol sur la surface peinte de votre v\u00e9hicule. Moins d&rsquo;efforts, une application plus rapide et un flux de travail am\u00e9lior\u00e9.<\/p>\n<p>KL!N Korea fournit une serviette similaire au secteur nucl\u00e9aire, et si des produits similaires sont test\u00e9s et approuv\u00e9s par ce fabricant, il va sans dire que les applications automobiles b\u00e9n\u00e9ficieront du m\u00eame niveau de qualit\u00e9, de normes et d&rsquo;attention.<\/p>\n<p>Les serviettes sont pr\u00e9lav\u00e9es et lav\u00e9es \u00e0 l&rsquo;air avant d&rsquo;\u00eatre emball\u00e9es dans un syst\u00e8me de contr\u00f4le des contaminants (CCS\u2122).<\/p>\n<p><strong>25.00 CHF<\/strong><\/p>\n","protected":false},"featured_media":32507,"comment_status":"open","ping_status":"closed","template":"","meta":{"site-sidebar-layout":"default","site-content-layout":"default","ast-global-header-display":"","ast-banner-title-visibility":"","ast-main-header-display":"","ast-hfb-above-header-display":"","ast-hfb-below-header-display":"","ast-hfb-mobile-header-display":"","site-post-title":"","ast-breadcrumbs-content":"","ast-featured-img":"","footer-sml-layout":"","theme-transparent-header-meta":"default","adv-header-id-meta":"","stick-header-meta":"default","header-above-stick-meta":"","header-main-stick-meta":"","header-below-stick-meta":""},"product_cat":[85,99,96,128],"product_tag":[87],"class_list":["post-32501","product","type-product","status-publish","has-post-thumbnail","hentry","product_cat-carbon-collective-fr","product_cat-finishing-fr","product_cat-kln-korea-fr","product_cat-microfibre-care-fr","product_tag-carbon-collective-fr","desktop-align-left","tablet-align-center","mobile-align-left","ast-product-gallery-layout-horizontal-slider","ast-product-tabs-layout-horizontal"],"_links":{"self":[{"href":"https:\/\/perfectionist.ch\/fr\/wp-json\/wp\/v2\/product\/32501","targetHints":{"allow":["GET"]}}],"collection":[{"href":"https:\/\/perfectionist.ch\/fr\/wp-json\/wp\/v2\/product"}],"about":[{"href":"https:\/\/perfectionist.ch\/fr\/wp-json\/wp\/v2\/types\/product"}],"replies":[{"embeddable":true,"href":"https:\/\/perfectionist.ch\/fr\/wp-json\/wp\/v2\/comments?post=32501"}],"wp:featuredmedia":[{"embeddable":true,"href":"https:\/\/perfectionist.ch\/fr\/wp-json\/wp\/v2\/media\/32507"}],"wp:attachment":[{"href":"https:\/\/perfectionist.ch\/fr\/wp-json\/wp\/v2\/media?parent=32501"}],"wp:term":[{"taxonomy":"product_cat","embeddable":true,"href":"https:\/\/perfectionist.ch\/fr\/wp-json\/wp\/v2\/product_cat?post=32501"},{"taxonomy":"product_tag","embeddable":true,"href":"https:\/\/perfectionist.ch\/fr\/wp-json\/wp\/v2\/product_tag?post=32501"}],"curies":[{"name":"wp","href":"https:\/\/api.w.org\/{rel}","templated":true}]}}