{"id":32493,"date":"2023-09-14T14:14:10","date_gmt":"2023-09-14T12:14:10","guid":{"rendered":"https:\/\/perfectionist.ch\/?post_type=product&#038;p=32493"},"modified":"2024-03-19T10:41:02","modified_gmt":"2024-03-19T09:41:02","slug":"st-stainless-short-trigger","status":"publish","type":"product","link":"https:\/\/perfectionist.ch\/fr\/produit\/st-stainless-short-trigger\/","title":{"rendered":"ST Stainless Short Trigger"},"content":{"rendered":"<p><strong>Sp\u00e9cification<\/strong><b>:<\/b><\/p>\n<ul>\n<li aria-level=\"1\">MAX \u2013 160 <b>\u00b0<\/b> C \/ 320 <b>\u00b0<\/b> F<\/li>\n<li aria-level=\"1\">MAX \u2013 4500 PSI \/ 310 BAR<\/li>\n<li aria-level=\"1\">MAX \u2013 45L\/Min \u2013 12 USG P.M.<\/li>\n<li aria-level=\"1\">Acier inoxydable 304<\/li>\n<li aria-level=\"1\">Connecteur de tuyau pivotant<\/li>\n<li aria-level=\"1\">Raccord \u00e0 d\u00e9gagement rapide 1\/4\u2033.<\/li>\n<\/ul>\n","protected":false},"excerpt":{"rendered":"<p>Le <strong>ST Stainless Short Trigger Gun<\/strong><b> <\/b>est une solution puissante, durable et ergonomique pour am\u00e9liorer votre syst\u00e8me de lavage \u00e0 pression, avec des raccords en acier inoxydable et une construction interne en laiton pour assurer la long\u00e9vit\u00e9 et la durabilit\u00e9 pour les d\u00e9taillants et les passionn\u00e9s.<\/p>\n<p>Le <strong>pistolet \u00e0 g\u00e2chette courte ST<\/strong> met l&rsquo;accent sur l&rsquo;ergonomie et la durabilit\u00e9. Le pistolet est con\u00e7u pour tenir confortablement dans la main, tandis que la g\u00e2chette est l\u00e9g\u00e8re et pr\u00e9cise, ce qui r\u00e9duit la fatigue et facilite l&rsquo;utilisation pour les travaux de longue haleine. Le bo\u00eetier est con\u00e7u avec un plastique textur\u00e9 en forme de goutte d&rsquo;eau sur la poign\u00e9e, ce qui facilite la prise en main en cas d&rsquo;humidit\u00e9 et permet de r\u00e9sister \u00e0 une utilisation quotidienne rigoureuse. L&rsquo;attache rapide ergonomique est \u00e9galement recouverte de plastique afin de r\u00e9duire les risques de rayures et de garantir qu&rsquo;il est toujours facile de retirer les buses de la g\u00e2chette, m\u00eame lorsqu&rsquo;elles sont mouill\u00e9es.<\/p>\n<p>Le <strong>pistolet \u00e0 g\u00e2chette courte<\/strong> r\u00e9volutionne votre exp\u00e9rience de l&rsquo;esth\u00e9tique en offrant un meilleur contr\u00f4le et en permettant l&rsquo;acc\u00e8s aux espaces restreints et confin\u00e9s comme les passages de roues et le dessous de la carrosserie qui sont souvent n\u00e9glig\u00e9s, c&rsquo;est un compl\u00e9ment essentiel \u00e0 tout arsenal d&rsquo;esth\u00e9tique. Dot\u00e9 d&rsquo;un raccord de tuyau pivotant en acier inoxydable, il \u00e9limine les frustrations li\u00e9es aux plis et aux enchev\u00eatrements pendant l&rsquo;utilisation et \u00e9vite toute pression inutile sur le tuyau et les raccords, les prot\u00e9geant ainsi de tout dommage potentiel.<\/p>\n<p><strong>110.00 CHF<\/strong><\/p>\n","protected":false},"featured_media":32499,"comment_status":"open","ping_status":"closed","template":"","meta":{"site-sidebar-layout":"default","site-content-layout":"default","ast-global-header-display":"","ast-banner-title-visibility":"","ast-main-header-display":"","ast-hfb-above-header-display":"","ast-hfb-below-header-display":"","ast-hfb-mobile-header-display":"","site-post-title":"","ast-breadcrumbs-content":"","ast-featured-img":"","footer-sml-layout":"","theme-transparent-header-meta":"default","adv-header-id-meta":"","stick-header-meta":"default","header-above-stick-meta":"","header-main-stick-meta":"","header-below-stick-meta":""},"product_cat":[86,85],"product_tag":[87],"class_list":["post-32493","product","type-product","status-publish","has-post-thumbnail","hentry","product_cat-accessories-fr","product_cat-carbon-collective-fr","product_tag-carbon-collective-fr","desktop-align-left","tablet-align-center","mobile-align-left","ast-product-gallery-layout-horizontal-slider","ast-product-tabs-layout-horizontal"],"_links":{"self":[{"href":"https:\/\/perfectionist.ch\/fr\/wp-json\/wp\/v2\/product\/32493","targetHints":{"allow":["GET"]}}],"collection":[{"href":"https:\/\/perfectionist.ch\/fr\/wp-json\/wp\/v2\/product"}],"about":[{"href":"https:\/\/perfectionist.ch\/fr\/wp-json\/wp\/v2\/types\/product"}],"replies":[{"embeddable":true,"href":"https:\/\/perfectionist.ch\/fr\/wp-json\/wp\/v2\/comments?post=32493"}],"wp:featuredmedia":[{"embeddable":true,"href":"https:\/\/perfectionist.ch\/fr\/wp-json\/wp\/v2\/media\/32499"}],"wp:attachment":[{"href":"https:\/\/perfectionist.ch\/fr\/wp-json\/wp\/v2\/media?parent=32493"}],"wp:term":[{"taxonomy":"product_cat","embeddable":true,"href":"https:\/\/perfectionist.ch\/fr\/wp-json\/wp\/v2\/product_cat?post=32493"},{"taxonomy":"product_tag","embeddable":true,"href":"https:\/\/perfectionist.ch\/fr\/wp-json\/wp\/v2\/product_tag?post=32493"}],"curies":[{"name":"wp","href":"https:\/\/api.w.org\/{rel}","templated":true}]}}