{"id":32475,"date":"2023-09-14T13:59:37","date_gmt":"2023-09-14T11:59:37","guid":{"rendered":"https:\/\/perfectionist.ch\/?post_type=product&#038;p=32475"},"modified":"2023-09-18T11:55:59","modified_gmt":"2023-09-18T09:55:59","slug":"premium-turbo-nozzle","status":"publish","type":"product","link":"https:\/\/perfectionist.ch\/fr\/produit\/premium-turbo-nozzle\/","title":{"rendered":"Premium Turbo Nozzle"},"content":{"rendered":"<p><strong>Utilisation sur :<\/strong><\/p>\n<p>La buse turbo est destin\u00e9e \u00e0 \u00eatre utilis\u00e9e sur les rev\u00eatements de vo\u00fbte en plastique et en mat\u00e9riau, les applications sous la carrosserie et les composants profonds, des bras de suspension aux blocs moteurs.<\/p>\n<p>Nous d\u00e9conseillons l&rsquo;utilisation de cette buse sur les carrosseries ou les finitions peintes (\u00e0 moins que vous ne souhaitiez que la peinture soit enlev\u00e9e, nous l&rsquo;avons trouv\u00e9e id\u00e9ale pour enlever la peinture qui s&rsquo;\u00e9caille avant de la repeindre).<\/p>\n<p>Fini dans la m\u00eame couleur que notre g\u00e2chette inoxydable en plastique doux, garantissant que tout contact avec les roues ou la carrosserie ne laissera pas de marque.<\/p>\n<p><strong>Sp\u00e9cification<\/strong><b>:<\/b><\/p>\n<ul>\n<li aria-level=\"1\">MAX \u2013 3600 PSI \/ 250 bar<\/li>\n<li aria-level=\"1\">MAX \u2013 60 <b>\u00b0 <\/b>C \/ 140 <b>\u00b0 <\/b>F<\/li>\n<li aria-level=\"1\">1\/4\u2033 Raccord \u00e0 d\u00e9gagement rapide<\/li>\n<\/ul>\n","protected":false},"excerpt":{"rendered":"<p>Avec l&rsquo;afflux de voitures hybrides et \u00e9lectriques sur le march\u00e9, il y a eu une augmentation du nombre de fabricants utilisant des mat\u00e9riaux ou des rev\u00eatements d&rsquo;arceau de type \u00ab\u00a0moquette\u00a0\u00bb, qui sont notoirement difficiles \u00e0 nettoyer, mais nous avons trouv\u00e9 la r\u00e9ponse, le <strong>Turbo Nozzle<\/strong>.<\/p>\n<p>La buse turbo de l&rsquo;<strong>Arch Blaster<\/strong> est un jet \u00e0 haute pression \u00e0 z\u00e9ro degr\u00e9, qui tourne en cercle en succession rapide. Le jet \u00e0 haute puissance offre un nettoyage rapide et puissant.<\/p>\n<p><strong>30.00 CHF<\/strong><\/p>\n","protected":false},"featured_media":32477,"comment_status":"open","ping_status":"closed","template":"","meta":{"site-sidebar-layout":"default","site-content-layout":"default","ast-global-header-display":"","ast-banner-title-visibility":"","ast-main-header-display":"","ast-hfb-above-header-display":"","ast-hfb-below-header-display":"","ast-hfb-mobile-header-display":"","site-post-title":"","ast-breadcrumbs-content":"","ast-featured-img":"","footer-sml-layout":"","theme-transparent-header-meta":"default","adv-header-id-meta":"","stick-header-meta":"default","header-above-stick-meta":"","header-main-stick-meta":"","header-below-stick-meta":""},"product_cat":[86,85],"product_tag":[87],"class_list":["post-32475","product","type-product","status-publish","has-post-thumbnail","hentry","product_cat-accessories-fr","product_cat-carbon-collective-fr","product_tag-carbon-collective-fr","desktop-align-left","tablet-align-center","mobile-align-left","ast-product-gallery-layout-horizontal-slider","ast-product-tabs-layout-horizontal"],"_links":{"self":[{"href":"https:\/\/perfectionist.ch\/fr\/wp-json\/wp\/v2\/product\/32475","targetHints":{"allow":["GET"]}}],"collection":[{"href":"https:\/\/perfectionist.ch\/fr\/wp-json\/wp\/v2\/product"}],"about":[{"href":"https:\/\/perfectionist.ch\/fr\/wp-json\/wp\/v2\/types\/product"}],"replies":[{"embeddable":true,"href":"https:\/\/perfectionist.ch\/fr\/wp-json\/wp\/v2\/comments?post=32475"}],"wp:featuredmedia":[{"embeddable":true,"href":"https:\/\/perfectionist.ch\/fr\/wp-json\/wp\/v2\/media\/32477"}],"wp:attachment":[{"href":"https:\/\/perfectionist.ch\/fr\/wp-json\/wp\/v2\/media?parent=32475"}],"wp:term":[{"taxonomy":"product_cat","embeddable":true,"href":"https:\/\/perfectionist.ch\/fr\/wp-json\/wp\/v2\/product_cat?post=32475"},{"taxonomy":"product_tag","embeddable":true,"href":"https:\/\/perfectionist.ch\/fr\/wp-json\/wp\/v2\/product_tag?post=32475"}],"curies":[{"name":"wp","href":"https:\/\/api.w.org\/{rel}","templated":true}]}}