{"id":32469,"date":"2023-09-14T13:07:35","date_gmt":"2023-09-14T11:07:35","guid":{"rendered":"https:\/\/perfectionist.ch\/?post_type=product&#038;p=32469"},"modified":"2023-09-18T11:48:52","modified_gmt":"2023-09-18T09:48:52","slug":"restore-microfibre-wash","status":"publish","type":"product","link":"https:\/\/perfectionist.ch\/fr\/produit\/restore-microfibre-wash\/","title":{"rendered":"Restore Microfibre Wash"},"content":{"rendered":"<p><strong>Obtenez les meilleurs r\u00e9sultats :<\/strong><\/p>\n<p><strong>Pr\u00e9-trempage\/Lavage \u00e0 la main :<\/strong><\/p>\n<ul>\n<li aria-level=\"1\">Ajoutez 50 ml dans un bol d&rsquo;eau chaude, en agitant les serviettes toutes les quelques minutes. Laissez tremper pendant quelques heures, puis rincez \u00e0 l&rsquo;eau claire jusqu&rsquo;\u00e0 ce que l&rsquo;eau soit limpide.<\/li>\n<\/ul>\n<p><strong>Lavage en machine :<\/strong><\/p>\n<ul>\n<li aria-level=\"1\">Lavez toujours \u00e0 40\u00b0C (104\u00b0F), et s\u00e9parez les serviettes par type et par couleur lorsque cela est possible.<\/li>\n<li aria-level=\"1\">Pour les petites charges ou les linges peu sales &#8211; ajoutez 50 ml dans le compartiment de lavage.<\/li>\n<li aria-level=\"1\">Pour les charges plus importantes ou les linges tr\u00e8s sales, ajoutez 50 ml dans le compartiment de pr\u00e9lavage et 50 ml dans le compartiment de lavage (ou 100 ml dans le compartiment principal).<\/li>\n<\/ul>\n<p><strong>S\u00e9chage :<\/strong><\/p>\n<ul>\n<li aria-level=\"1\">Le s\u00e9chage peut faire ou d\u00e9faire une serviette en microfibres, <strong>la chaleur n&rsquo;est pas votre amie<\/strong> car elle peut faire fondre les fibres, ruinant ainsi le poil.<\/li>\n<li aria-level=\"1\">uspendez librement \u00e0 l&rsquo;ext\u00e9rieur ou s\u00e9chez par culbutage sur le r\u00e9glage de chaleur le plus bas (cela aidera \u00e0 faire gonfler les serviettes de GSM plus \u00e9lev\u00e9).<\/li>\n<\/ul>\n<p><strong>Pour des r\u00e9sultats optimaux, utilisez le produit comme indiqu\u00e9.<\/strong><\/p>\n<ul>\n<li aria-level=\"1\">Restore n&rsquo;\u00e9limine pas les r\u00e9sidus de rev\u00eatement c\u00e9ramique durcis, les serviettes pr\u00e9sentant des r\u00e9sidus de rev\u00eatement c\u00e9ramique doivent \u00eatre s\u00e9par\u00e9es.<\/li>\n<li aria-level=\"1\">Ne pas laver les microfibres ou les serviettes qui ont \u00e9t\u00e9 en contact avec notre nettoyant intensif SHIFT.<\/li>\n<li aria-level=\"1\">\u00c9vitez tout contact avec la peau ou les yeux.<\/li>\n<li aria-level=\"1\">Tenir hors de port\u00e9e des enfants.<\/li>\n<li aria-level=\"1\">Ne pas ing\u00e9rer.<\/li>\n<\/ul>\n","protected":false},"excerpt":{"rendered":"<p><strong>Restore Microfibre Wash<\/strong> est formul\u00e9 pour nettoyer en profondeur les chiffons et serviettes en microfibres et leur redonner leur \u00e9tat d&rsquo;origine. Il \u00e9limine les produits d&rsquo;\u00e9tanch\u00e9it\u00e9, les cires, les r\u00e9sidus de polissage, la salet\u00e9 et la crasse \u00e0 l&rsquo;int\u00e9rieur de la pile de microfibres.<\/p>\n<p>Nous sommes fiers de proposer Restore avec les tests, l&rsquo;approbation et la validation de <strong>KL!N Korea<\/strong>, ce qui t\u00e9moigne de sa qualit\u00e9 et de son efficacit\u00e9.<\/p>\n<p>Apr\u00e8s une ann\u00e9e de d\u00e9veloppement approfondi et de tests rigoureux, nous sommes fiers de pr\u00e9senter Restore Microfibre Wash, le seul d\u00e9tergent pour microfibres ayant re\u00e7u l&rsquo;approbation officielle d&rsquo;un fabricant ind\u00e9pendant. Contrairement aux autres options disponibles sur le march\u00e9, Restore Microfibre Wash s&rsquo;attaque au probl\u00e8me de la d\u00e9t\u00e9rioration progressive des performances et du toucher qui se manifeste lors de l&rsquo;utilisation des microfibres au fil du temps.<\/p>\n<p>En suivant les instructions, vous pouvez vous attendre \u00e0 ce que votre microfibre reste aussi douce que le jour o\u00f9 vous l&rsquo;avez ouverte pour la premi\u00e8re fois. Bien que nous ne puissions pas prendre en compte tous les facteurs susceptibles d&rsquo;affecter le tissu, Restore offre une solution fiable \u00e0 ceux qui prennent soin de leurs serviettes de mani\u00e8re m\u00e9ticuleuse et qui recherchent une option digne de confiance. En tant que dernier \u00e9l\u00e9ment en contact avec votre travail, la microfibre n\u00e9cessite un processus sp\u00e9cifique pour obtenir des r\u00e9sultats optimaux.<\/p>\n<p>Restore se distingue par l&rsquo;absence de colorants et l&rsquo;ajout d&rsquo;un parfum pour passer le test de l&rsquo;odeur et ajouter de la fra\u00eecheur.<\/p>\n<p><strong>15.00 CHF<\/strong><\/p>\n","protected":false},"featured_media":32471,"comment_status":"open","ping_status":"closed","template":"","meta":{"site-sidebar-layout":"default","site-content-layout":"default","ast-global-header-display":"","ast-banner-title-visibility":"","ast-main-header-display":"","ast-hfb-above-header-display":"","ast-hfb-below-header-display":"","ast-hfb-mobile-header-display":"","site-post-title":"","ast-breadcrumbs-content":"","ast-featured-img":"","footer-sml-layout":"","theme-transparent-header-meta":"default","adv-header-id-meta":"","stick-header-meta":"default","header-above-stick-meta":"","header-main-stick-meta":"","header-below-stick-meta":""},"product_cat":[85,96,102,128],"product_tag":[87],"class_list":["post-32469","product","type-product","status-publish","has-post-thumbnail","hentry","product_cat-carbon-collective-fr","product_cat-kln-korea-fr","product_cat-washing-fr","product_cat-microfibre-care-fr","product_tag-carbon-collective-fr","desktop-align-left","tablet-align-center","mobile-align-left","ast-product-gallery-layout-horizontal-slider","ast-product-tabs-layout-horizontal"],"_links":{"self":[{"href":"https:\/\/perfectionist.ch\/fr\/wp-json\/wp\/v2\/product\/32469","targetHints":{"allow":["GET"]}}],"collection":[{"href":"https:\/\/perfectionist.ch\/fr\/wp-json\/wp\/v2\/product"}],"about":[{"href":"https:\/\/perfectionist.ch\/fr\/wp-json\/wp\/v2\/types\/product"}],"replies":[{"embeddable":true,"href":"https:\/\/perfectionist.ch\/fr\/wp-json\/wp\/v2\/comments?post=32469"}],"wp:featuredmedia":[{"embeddable":true,"href":"https:\/\/perfectionist.ch\/fr\/wp-json\/wp\/v2\/media\/32471"}],"wp:attachment":[{"href":"https:\/\/perfectionist.ch\/fr\/wp-json\/wp\/v2\/media?parent=32469"}],"wp:term":[{"taxonomy":"product_cat","embeddable":true,"href":"https:\/\/perfectionist.ch\/fr\/wp-json\/wp\/v2\/product_cat?post=32469"},{"taxonomy":"product_tag","embeddable":true,"href":"https:\/\/perfectionist.ch\/fr\/wp-json\/wp\/v2\/product_tag?post=32469"}],"curies":[{"name":"wp","href":"https:\/\/api.w.org\/{rel}","templated":true}]}}