{"id":32465,"date":"2023-09-14T13:03:41","date_gmt":"2023-09-14T11:03:41","guid":{"rendered":"https:\/\/perfectionist.ch\/?post_type=product&#038;p=32465"},"modified":"2024-03-19T10:41:41","modified_gmt":"2024-03-19T09:41:41","slug":"shift-intensive-cleaner","status":"publish","type":"product","link":"https:\/\/perfectionist.ch\/fr\/produit\/shift-intensive-cleaner\/","title":{"rendered":"Shift Intensive Cleaner"},"content":{"rendered":"<p><strong>Sur le goudron<\/strong> &#8211; Vaporiser directement et laisser agir pendant quelques secondes jusqu&rsquo;\u00e0 ce qu&rsquo;un liquide brun s&rsquo;\u00e9coule du d\u00e9p\u00f4t. Essuyer avec une microfibre propre pour enlever le goudron. R\u00e9p\u00e9ter l&rsquo;op\u00e9ration si n\u00e9cessaire.<\/p>\n<p><strong>Sur les pneus<\/strong> &#8211; Nous avons trouv\u00e9 Shift extraordinaire pour \u00e9liminer les vieux rev\u00eatements, le savon pour pneus et les accumulations de salet\u00e9 et de crasse tenaces. Appliquer sur un chiffon en microfibre jusqu&rsquo;\u00e0 ce qu&rsquo;il soit satur\u00e9, frotter sur le flanc du pneu, r\u00e9appliquer le liquide jusqu&rsquo;\u00e0 ce que le pneu soit propre, et rincer \u00e0 l&rsquo;eau pour terminer.<\/p>\n<p><strong>Sur la colle des masses de roue<\/strong> &#8211; Il n&rsquo;est jamais facile d&rsquo;enlever la colle des masses de roue, mais Shift rend cette t\u00e2che plus facile que jamais. Vaporisez directement sur la surface, et utilisez une raclette ou une lame en plastique pour enlever le support en mousse. Une fois que vous pouvez acc\u00e9der \u00e0 la colle, r\u00e9appliquez-la et essuyez-la avec un chiffon en microfibres.<\/p>\n<p><strong>Sur le compartiment moteur \/ Graisse m\u00e9canique<\/strong> &#8211; Shift \u00e9liminera facilement des ann\u00e9es de graisse, d&rsquo;accumulation d&rsquo;huile et de salet\u00e9. Vaporisez directement sur la zone concern\u00e9e, laissez agir pendant 1 \u00e0 2 minutes, agitez avec une brosse \u00e0 poils durs si n\u00e9cessaire, puis rincez.<\/p>\n<p><strong>Sur les produits Waxoyl\/Underseal<\/strong> &#8211; Sur une voiture classique, on trouve souvent des produits Waxoyl et Undererseal appliqu\u00e9s en trop grande quantit\u00e9, Shift les \u00e9liminera facilement. Il suffit de vaporiser directement sur la zone affect\u00e9e et d&rsquo;essuyer avec un chiffon en microfibre, en r\u00e9p\u00e9tant l&rsquo;op\u00e9ration jusqu&rsquo;\u00e0 l&rsquo;obtention de l&rsquo;effet d\u00e9sir\u00e9.<\/p>\n<p><strong>Sur le caoutchouc des pneus et du circuit<\/strong> &#8211; Vaporiser directement sur la zone concern\u00e9e et, \u00e0 l&rsquo;aide d&rsquo;un chiffon, essuyer l\u00e9g\u00e8rement dans un mouvement de levage jusqu&rsquo;\u00e0 ce que le caoutchouc ait \u00e9t\u00e9 enlev\u00e9.<\/p>\n<p><strong>Avertissement :<\/strong><\/p>\n<p><strong>Ne pas utiliser sur les phares ou les plastiques des v\u00e9hicules.<\/strong><\/p>\n<p><strong>Porter des gants pendant l&rsquo;application.<\/strong><\/p>\n<p><strong>Tenir hors de port\u00e9e des enfants.<\/strong><\/p>\n<p><strong>Conserver \u00e0 l&rsquo;abri de la lumi\u00e8re directe du soleil.<\/strong><\/p>\n<p><strong>Ne pas ing\u00e9rer. <\/strong><\/p>\n<p><strong>Faire un essai sur une petite surface avant l&rsquo;application directe.<\/strong><\/p>\n","protected":false},"excerpt":{"rendered":"<p><strong>Shift<\/strong> est un nettoyant intensif pour la colle et le goudron, le caoutchouc, la pr\u00e9paration des circuits et les restaurations. Shift a d&rsquo;abord \u00e9t\u00e9 formul\u00e9 comme un d\u00e9capant de colle et de goudron, cependant, tout au long du d\u00e9veloppement, nous avons constat\u00e9 qu&rsquo;il pouvait \u00e9liminer plus que nous ne l&rsquo;avions pr\u00e9vu, de l&rsquo;huile de sous-couche\/cire, du caoutchouc de pneu, de la graisse, de l&rsquo;huile de moteur et de la crasse et de l&rsquo;accumulation de crasse.<\/p>\n<p>Ce nettoyant intensif est en d\u00e9veloppement depuis le d\u00e9but de l&rsquo;ann\u00e9e 2019, en constante \u00e9volution, apr\u00e8s de multiples r\u00e9visions et ajustements, il est maintenant disponible dans sa version finale perfectionn\u00e9e.<\/p>\n<p><strong>500ml &#8211; 16.00 CHF<\/strong><\/p>\n","protected":false},"featured_media":32467,"comment_status":"open","ping_status":"closed","template":"","meta":{"site-sidebar-layout":"default","site-content-layout":"default","ast-global-header-display":"","ast-banner-title-visibility":"","ast-main-header-display":"","ast-hfb-above-header-display":"","ast-hfb-below-header-display":"","ast-hfb-mobile-header-display":"","site-post-title":"","ast-breadcrumbs-content":"","ast-featured-img":"","footer-sml-layout":"","theme-transparent-header-meta":"default","adv-header-id-meta":"","stick-header-meta":"default","header-above-stick-meta":"","header-main-stick-meta":"","header-below-stick-meta":""},"product_cat":[85,95],"product_tag":[87],"class_list":["post-32465","product","type-product","status-publish","has-post-thumbnail","hentry","product_cat-carbon-collective-fr","product_cat-trim-tires-fr","product_tag-carbon-collective-fr","desktop-align-left","tablet-align-center","mobile-align-left","ast-product-gallery-layout-horizontal-slider","ast-product-gallery-with-no-image","ast-product-tabs-layout-horizontal"],"_links":{"self":[{"href":"https:\/\/perfectionist.ch\/fr\/wp-json\/wp\/v2\/product\/32465","targetHints":{"allow":["GET"]}}],"collection":[{"href":"https:\/\/perfectionist.ch\/fr\/wp-json\/wp\/v2\/product"}],"about":[{"href":"https:\/\/perfectionist.ch\/fr\/wp-json\/wp\/v2\/types\/product"}],"replies":[{"embeddable":true,"href":"https:\/\/perfectionist.ch\/fr\/wp-json\/wp\/v2\/comments?post=32465"}],"wp:featuredmedia":[{"embeddable":true,"href":"https:\/\/perfectionist.ch\/fr\/wp-json\/wp\/v2\/media\/32467"}],"wp:attachment":[{"href":"https:\/\/perfectionist.ch\/fr\/wp-json\/wp\/v2\/media?parent=32465"}],"wp:term":[{"taxonomy":"product_cat","embeddable":true,"href":"https:\/\/perfectionist.ch\/fr\/wp-json\/wp\/v2\/product_cat?post=32465"},{"taxonomy":"product_tag","embeddable":true,"href":"https:\/\/perfectionist.ch\/fr\/wp-json\/wp\/v2\/product_tag?post=32465"}],"curies":[{"name":"wp","href":"https:\/\/api.w.org\/{rel}","templated":true}]}}