{"id":32457,"date":"2023-09-14T12:17:17","date_gmt":"2023-09-14T10:17:17","guid":{"rendered":"https:\/\/perfectionist.ch\/?post_type=product&#038;p=32457"},"modified":"2023-09-18T11:33:44","modified_gmt":"2023-09-18T09:33:44","slug":"repel-fabric-protectant","status":"publish","type":"product","link":"https:\/\/perfectionist.ch\/fr\/produit\/repel-fabric-protectant\/","title":{"rendered":"Repel Fabric Protectant"},"content":{"rendered":"<p><strong>Formul\u00e9 pour \u00eatre utilis\u00e9 sur :<\/strong><\/p>\n<ul>\n<li aria-level=\"1\">Les toits d\u00e9capotables\/les soft tops.<\/li>\n<li aria-level=\"1\">Les moquettes et tapis de sol<\/li>\n<li aria-level=\"1\">Si\u00e8ges en tissu<\/li>\n<li aria-level=\"1\">Finitions en Alcantara<\/li>\n<li aria-level=\"1\">Finitions Race-tex<\/li>\n<li aria-level=\"1\">Chaussures et baskets (tissu, daim, toile)<\/li>\n<li aria-level=\"1\">V\u00eatements (manteaux, vestes, sweats \u00e0 capuche)<\/li>\n<li aria-level=\"1\">Tissus d&rsquo;ext\u00e9rieur &#8211; Marquises, tentes et auvents<\/li>\n<\/ul>\n<p><strong>Mode d\u2019emploi:<\/strong><\/p>\n<p>Faire un test sur une zone peu visible avant l&rsquo;application.<\/p>\n<ul>\n<li aria-level=\"1\">Nettoyer la surface avec le nettoyant antibact\u00e9rien pour tissus Reset avant l&rsquo;application.<\/li>\n<li aria-level=\"1\">Laissez la surface s\u00e9cher compl\u00e8tement apr\u00e8s l&rsquo;avoir nettoy\u00e9e avec Reset.<\/li>\n<li aria-level=\"1\">Vaporisez uniform\u00e9ment sur la surface \u00e0 une distance de 20 \u00e0 30 cm.<\/li>\n<li aria-level=\"1\">Essuyez l&rsquo;exc\u00e9dent sur les plastiques, les garnitures ou le cuir.<\/li>\n<li aria-level=\"1\">Sec au toucher en 1 \u00e0 2 heures, compl\u00e8tement durci en 24 heures.<\/li>\n<li aria-level=\"1\">Deux couches sont recommand\u00e9es pour une durabilit\u00e9 maximale.<\/li>\n<\/ul>\n<p>Dure au minimum 1 an apr\u00e8s une application compl\u00e8te.<\/p>\n<p><a href=\"https:\/\/perfectionist.ch\/wp-content\/uploads\/2023\/09\/7.-Repel-Fabric-Sealant-Carbon-Collective-21.11.22-R2.pdf\" target=\"_blank\" rel=\"noopener\">T\u00e9l\u00e9chargez la fiche de donn\u00e9es de s\u00e9curit\u00e9<\/a><\/p>\n","protected":false},"excerpt":{"rendered":"<p><strong>Repel Fabric Protectant<\/strong> est un rev\u00eatement textile ultra hydrophobe qui cr\u00e9e une barri\u00e8re protectrice sur presque tous les tissus, offrant des niveaux in\u00e9gal\u00e9s de perm\u00e9abilit\u00e9.<\/p>\n<p>Contrairement \u00e0 de nombreux autres produits de protection des tissus, notre enduit se lie aux fibres individuelles, ce qui permet au textile de rester souple et respirant, tout en le prot\u00e9geant contre les d\u00e9versements, les taches, les produits chimiques et les d\u00e9g\u00e2ts caus\u00e9s par l&rsquo;eau.<\/p>\n<p>\u00c0 base de solvant, l&rsquo;enduit s\u00e8che plus rapidement, p\u00e9n\u00e8tre plus profond\u00e9ment et n&rsquo;alt\u00e8re pas la couleur ou la finition du tissu.<\/p>\n<p>Con\u00e7u pour fonctionner avec notre nettoyant antibact\u00e9rien pour tissus Reset, il convient de nettoyer soigneusement la surface avant l&rsquo;application. Cette m\u00e9thode cr\u00e9e une liaison plus forte pour Repel et assure une protection et une durabilit\u00e9 maximales.<\/p>\n<p><strong>Flacon de 500ml, fourni avec une t\u00eate de pulv\u00e9risation noire de 28mm.<\/strong><\/p>\n<p><strong>30.00 CHF<\/strong><\/p>\n<p>&nbsp;<\/p>\n","protected":false},"featured_media":32463,"comment_status":"open","ping_status":"closed","template":"","meta":{"site-sidebar-layout":"default","site-content-layout":"default","ast-global-header-display":"","ast-banner-title-visibility":"","ast-main-header-display":"","ast-hfb-above-header-display":"","ast-hfb-below-header-display":"","ast-hfb-mobile-header-display":"","site-post-title":"","ast-breadcrumbs-content":"","ast-featured-img":"","footer-sml-layout":"","theme-transparent-header-meta":"default","adv-header-id-meta":"","stick-header-meta":"default","header-above-stick-meta":"","header-main-stick-meta":"","header-below-stick-meta":""},"product_cat":[85,92],"product_tag":[87],"class_list":["post-32457","product","type-product","status-publish","has-post-thumbnail","hentry","product_cat-carbon-collective-fr","product_cat-interior-fr","product_tag-carbon-collective-fr","desktop-align-left","tablet-align-center","mobile-align-left","ast-product-gallery-layout-horizontal-slider","ast-product-gallery-with-no-image","ast-product-tabs-layout-horizontal"],"_links":{"self":[{"href":"https:\/\/perfectionist.ch\/fr\/wp-json\/wp\/v2\/product\/32457","targetHints":{"allow":["GET"]}}],"collection":[{"href":"https:\/\/perfectionist.ch\/fr\/wp-json\/wp\/v2\/product"}],"about":[{"href":"https:\/\/perfectionist.ch\/fr\/wp-json\/wp\/v2\/types\/product"}],"replies":[{"embeddable":true,"href":"https:\/\/perfectionist.ch\/fr\/wp-json\/wp\/v2\/comments?post=32457"}],"wp:featuredmedia":[{"embeddable":true,"href":"https:\/\/perfectionist.ch\/fr\/wp-json\/wp\/v2\/media\/32463"}],"wp:attachment":[{"href":"https:\/\/perfectionist.ch\/fr\/wp-json\/wp\/v2\/media?parent=32457"}],"wp:term":[{"taxonomy":"product_cat","embeddable":true,"href":"https:\/\/perfectionist.ch\/fr\/wp-json\/wp\/v2\/product_cat?post=32457"},{"taxonomy":"product_tag","embeddable":true,"href":"https:\/\/perfectionist.ch\/fr\/wp-json\/wp\/v2\/product_tag?post=32457"}],"curies":[{"name":"wp","href":"https:\/\/api.w.org\/{rel}","templated":true}]}}