{"id":32362,"date":"2023-06-22T15:23:47","date_gmt":"2023-06-22T13:23:47","guid":{"rendered":"https:\/\/perfectionist.ch\/product\/wash-pad-v2\/"},"modified":"2023-08-30T15:21:23","modified_gmt":"2023-08-30T13:21:23","slug":"wash-pad-v2","status":"publish","type":"product","link":"https:\/\/perfectionist.ch\/fr\/produit\/wash-pad-v2\/","title":{"rendered":"WASH PAD V2"},"content":{"rendered":"","protected":false},"excerpt":{"rendered":"<p>Lorsqu&rsquo;il s&rsquo;agit de blocs de lavage, la qualit\u00e9 des microfibres est tr\u00e8s importante, car c&rsquo;est \u00e0 ce stade que se produisent la plupart des d\u00e9g\u00e2ts et des marques sur la peinture. Des microfibres douces et de qualit\u00e9 sup\u00e9rieure sont indispensables, et c&rsquo;est exactement ce que nous avons fabriqu\u00e9. La microfibre blanche permet de rep\u00e9rer facilement les salet\u00e9s qui ont \u00e9t\u00e9 pi\u00e9g\u00e9es \u00e0 l&rsquo;int\u00e9rieur pendant le processus de lavage, de sorte que vous pouvez facilement les identifier et les rincer avant de poursuivre le lavage, ce qui en fait le tampon de lavage le plus s\u00fbr jamais fabriqu\u00e9.<\/p>\n<ul>\n<li>2 tailles sont d\u00e9sormais disponibles : Small et Extra Large.<\/li>\n<li>Construction en trois fibres pour une performance optimale.<\/li>\n<li>Facile \u00e0 tenir et \u00e0 plier gr\u00e2ce \u00e0 la mousse interne sur mesure.<\/li>\n<\/ul>\n<p>Disponible en:<\/p>\n<ul>\n<li><strong>Small &#8211; 15.00 CHF<\/strong><\/li>\n<li><strong>Large &#8211; 20.00 CHF<\/strong><\/li>\n<\/ul>\n","protected":false},"featured_media":32009,"comment_status":"open","ping_status":"closed","template":"","meta":{"site-sidebar-layout":"default","site-content-layout":"default","ast-global-header-display":"","ast-banner-title-visibility":"","ast-main-header-display":"","ast-hfb-above-header-display":"","ast-hfb-below-header-display":"","ast-hfb-mobile-header-display":"","site-post-title":"","ast-breadcrumbs-content":"","ast-featured-img":"","footer-sml-layout":"","theme-transparent-header-meta":"default","adv-header-id-meta":"","stick-header-meta":"default","header-above-stick-meta":"","header-main-stick-meta":"","header-below-stick-meta":""},"product_cat":[116,107],"product_tag":[125],"class_list":["post-32362","product","type-product","status-publish","has-post-thumbnail","hentry","product_cat-microfiber-fr","product_cat-yum-cars-fr","product_tag-yum-cars-fr","desktop-align-left","tablet-align-center","mobile-align-left","ast-product-gallery-layout-horizontal-slider","ast-product-gallery-with-no-image","ast-product-tabs-layout-horizontal"],"_links":{"self":[{"href":"https:\/\/perfectionist.ch\/fr\/wp-json\/wp\/v2\/product\/32362","targetHints":{"allow":["GET"]}}],"collection":[{"href":"https:\/\/perfectionist.ch\/fr\/wp-json\/wp\/v2\/product"}],"about":[{"href":"https:\/\/perfectionist.ch\/fr\/wp-json\/wp\/v2\/types\/product"}],"replies":[{"embeddable":true,"href":"https:\/\/perfectionist.ch\/fr\/wp-json\/wp\/v2\/comments?post=32362"}],"wp:featuredmedia":[{"embeddable":true,"href":"https:\/\/perfectionist.ch\/fr\/wp-json\/wp\/v2\/media\/32009"}],"wp:attachment":[{"href":"https:\/\/perfectionist.ch\/fr\/wp-json\/wp\/v2\/media?parent=32362"}],"wp:term":[{"taxonomy":"product_cat","embeddable":true,"href":"https:\/\/perfectionist.ch\/fr\/wp-json\/wp\/v2\/product_cat?post=32362"},{"taxonomy":"product_tag","embeddable":true,"href":"https:\/\/perfectionist.ch\/fr\/wp-json\/wp\/v2\/product_tag?post=32362"}],"curies":[{"name":"wp","href":"https:\/\/api.w.org\/{rel}","templated":true}]}}