{"id":32359,"date":"2023-06-20T10:08:09","date_gmt":"2023-06-20T08:08:09","guid":{"rendered":"https:\/\/perfectionist.ch\/product\/applicator\/"},"modified":"2023-08-30T15:18:05","modified_gmt":"2023-08-30T13:18:05","slug":"applicator","status":"publish","type":"product","link":"https:\/\/perfectionist.ch\/fr\/produit\/applicator\/","title":{"rendered":"APPLICATOR"},"content":{"rendered":"","protected":false},"excerpt":{"rendered":"<p>Notre applicateur pelucheux est un m\u00e9lange de microfibres enveloppant la mousse la plus douce qui soit, pour vous offrir l&rsquo;applicateur le plus \u00e9pais qui soit. C&rsquo;est l&rsquo;accessoire id\u00e9al pour appliquer toutes sortes de cires, de produits d&rsquo;\u00e9tanch\u00e9it\u00e9 et d&rsquo;autres produits de protection sur la peinture. Le design est doux et souple, ce qui vous permet d&rsquo;acc\u00e9der facilement aux endroits les plus \u00e9troits. Le m\u00e9lange de microfibres vous permet d&rsquo;\u00e9taler le produit en toute s\u00e9curit\u00e9, pour une exp\u00e9rience d&rsquo;application optimale.<\/p>\n<ul>\n<li>Taille : 9cm x 11cm, 380gsm.<\/li>\n<li>Lavable en machine.<\/li>\n<li>Extr\u00eamement doux, flexible et polyvalent.<\/li>\n<\/ul>\n<p><strong>7.00 CHF<\/strong><\/p>\n","protected":false},"featured_media":32049,"comment_status":"open","ping_status":"closed","template":"","meta":{"site-sidebar-layout":"default","site-content-layout":"default","ast-global-header-display":"","ast-banner-title-visibility":"","ast-main-header-display":"","ast-hfb-above-header-display":"","ast-hfb-below-header-display":"","ast-hfb-mobile-header-display":"","site-post-title":"","ast-breadcrumbs-content":"","ast-featured-img":"","footer-sml-layout":"","theme-transparent-header-meta":"default","adv-header-id-meta":"","stick-header-meta":"default","header-above-stick-meta":"","header-main-stick-meta":"","header-below-stick-meta":""},"product_cat":[116,107],"product_tag":[125],"class_list":["post-32359","product","type-product","status-publish","has-post-thumbnail","hentry","product_cat-microfiber-fr","product_cat-yum-cars-fr","product_tag-yum-cars-fr","desktop-align-left","tablet-align-center","mobile-align-left","ast-product-gallery-layout-horizontal-slider","ast-product-gallery-with-no-image","ast-product-tabs-layout-horizontal"],"_links":{"self":[{"href":"https:\/\/perfectionist.ch\/fr\/wp-json\/wp\/v2\/product\/32359","targetHints":{"allow":["GET"]}}],"collection":[{"href":"https:\/\/perfectionist.ch\/fr\/wp-json\/wp\/v2\/product"}],"about":[{"href":"https:\/\/perfectionist.ch\/fr\/wp-json\/wp\/v2\/types\/product"}],"replies":[{"embeddable":true,"href":"https:\/\/perfectionist.ch\/fr\/wp-json\/wp\/v2\/comments?post=32359"}],"wp:featuredmedia":[{"embeddable":true,"href":"https:\/\/perfectionist.ch\/fr\/wp-json\/wp\/v2\/media\/32049"}],"wp:attachment":[{"href":"https:\/\/perfectionist.ch\/fr\/wp-json\/wp\/v2\/media?parent=32359"}],"wp:term":[{"taxonomy":"product_cat","embeddable":true,"href":"https:\/\/perfectionist.ch\/fr\/wp-json\/wp\/v2\/product_cat?post=32359"},{"taxonomy":"product_tag","embeddable":true,"href":"https:\/\/perfectionist.ch\/fr\/wp-json\/wp\/v2\/product_tag?post=32359"}],"curies":[{"name":"wp","href":"https:\/\/api.w.org\/{rel}","templated":true}]}}