{"id":32356,"date":"2023-06-22T15:16:12","date_gmt":"2023-06-22T13:16:12","guid":{"rendered":"https:\/\/perfectionist.ch\/product\/exfoliator-mitt\/"},"modified":"2023-08-30T15:15:23","modified_gmt":"2023-08-30T13:15:23","slug":"exfoliator-mitt","status":"publish","type":"product","link":"https:\/\/perfectionist.ch\/fr\/produit\/exfoliator-mitt\/","title":{"rendered":"EXFOLIATOR MITT"},"content":{"rendered":"","protected":false},"excerpt":{"rendered":"<p>Notre gant exfoliant vous permet de nettoyer les pores en profondeur, de mani\u00e8re s\u00fbre et efficace, sur les surfaces en plastique et en cuir. Essuyer la surface n&rsquo;est pas toujours suffisant et il faut parfois proc\u00e9der \u00e0 un nettoyage en profondeur de la surface en agitant les zones. Cet exfoliant a \u00e9t\u00e9 con\u00e7u comme un gant, afin que vous puissiez y glisser toute votre main et p\u00e9n\u00e9trer dans les pores de la surface, laissant vos surfaces rajeunies.<\/p>\n<ul>\n<li>Dimensions : 15 cm (largeur) x 22 cm (longueur) x 2 cm (\u00e9paisseur), 640gsm<\/li>\n<li>Peut se porter comme un gant ou se plier facilement, afin d&rsquo;utiliser de nombreuses surfaces.<\/li>\n<li>Peut \u00eatre utilis\u00e9 sur de nombreuses surfaces int\u00e9rieures telles que le cuir, les plastiques et les tapis.<\/li>\n<\/ul>\n<p><strong>14.00 CHF<\/strong><\/p>\n","protected":false},"featured_media":32010,"comment_status":"open","ping_status":"closed","template":"","meta":{"site-sidebar-layout":"default","site-content-layout":"default","ast-global-header-display":"","ast-banner-title-visibility":"","ast-main-header-display":"","ast-hfb-above-header-display":"","ast-hfb-below-header-display":"","ast-hfb-mobile-header-display":"","site-post-title":"","ast-breadcrumbs-content":"","ast-featured-img":"","footer-sml-layout":"","theme-transparent-header-meta":"default","adv-header-id-meta":"","stick-header-meta":"","header-above-stick-meta":"","header-main-stick-meta":"","header-below-stick-meta":""},"product_cat":[116,107],"product_tag":[125],"class_list":["post-32356","product","type-product","status-publish","has-post-thumbnail","hentry","product_cat-microfiber-fr","product_cat-yum-cars-fr","product_tag-yum-cars-fr","desktop-align-left","tablet-align-center","mobile-align-left","ast-product-gallery-layout-horizontal-slider","ast-product-gallery-with-no-image","ast-product-tabs-layout-horizontal"],"_links":{"self":[{"href":"https:\/\/perfectionist.ch\/fr\/wp-json\/wp\/v2\/product\/32356","targetHints":{"allow":["GET"]}}],"collection":[{"href":"https:\/\/perfectionist.ch\/fr\/wp-json\/wp\/v2\/product"}],"about":[{"href":"https:\/\/perfectionist.ch\/fr\/wp-json\/wp\/v2\/types\/product"}],"replies":[{"embeddable":true,"href":"https:\/\/perfectionist.ch\/fr\/wp-json\/wp\/v2\/comments?post=32356"}],"wp:featuredmedia":[{"embeddable":true,"href":"https:\/\/perfectionist.ch\/fr\/wp-json\/wp\/v2\/media\/32010"}],"wp:attachment":[{"href":"https:\/\/perfectionist.ch\/fr\/wp-json\/wp\/v2\/media?parent=32356"}],"wp:term":[{"taxonomy":"product_cat","embeddable":true,"href":"https:\/\/perfectionist.ch\/fr\/wp-json\/wp\/v2\/product_cat?post=32356"},{"taxonomy":"product_tag","embeddable":true,"href":"https:\/\/perfectionist.ch\/fr\/wp-json\/wp\/v2\/product_tag?post=32356"}],"curies":[{"name":"wp","href":"https:\/\/api.w.org\/{rel}","templated":true}]}}