{"id":32352,"date":"2023-06-22T15:03:25","date_gmt":"2023-06-22T13:03:25","guid":{"rendered":"https:\/\/perfectionist.ch\/product\/wheel-mitt\/"},"modified":"2023-08-30T15:08:53","modified_gmt":"2023-08-30T13:08:53","slug":"wheel-mitt","status":"publish","type":"product","link":"https:\/\/perfectionist.ch\/fr\/produit\/wheel-mitt\/","title":{"rendered":"WHEEL MITT"},"content":{"rendered":"","protected":false},"excerpt":{"rendered":"<p>Notre \u00bd gant de roue a \u00e9t\u00e9 con\u00e7u pour que vos doigts puissent s&rsquo;y glisser afin de nettoyer d\u00e9licatement la face de vos roues, derri\u00e8re les rayons, les compartiments moteur et les montants de porte, vous offrant ainsi une exp\u00e9rience de nettoyage ultime. Nous vous recommandons de la r\u00e9server aux t\u00e2ches les plus sales, car elle ne peut \u00eatre lav\u00e9e qu&rsquo;\u00e0 la main.<\/p>\n<ul>\n<li>Fabriqu\u00e9 en laine d&rsquo;agneau m\u00e9rinos.<\/li>\n<li>Extra douce et sans danger pour toutes les finitions de jantes.<\/li>\n<li>Parfait pour les zones complexes.<\/li>\n<\/ul>\n<p><strong>15.00 CHF<\/strong><\/p>\n","protected":false},"featured_media":32012,"comment_status":"open","ping_status":"closed","template":"","meta":{"site-sidebar-layout":"default","site-content-layout":"default","ast-global-header-display":"","ast-banner-title-visibility":"","ast-main-header-display":"","ast-hfb-above-header-display":"","ast-hfb-below-header-display":"","ast-hfb-mobile-header-display":"","site-post-title":"","ast-breadcrumbs-content":"","ast-featured-img":"","footer-sml-layout":"","theme-transparent-header-meta":"default","adv-header-id-meta":"","stick-header-meta":"","header-above-stick-meta":"","header-main-stick-meta":"","header-below-stick-meta":""},"product_cat":[116,107],"product_tag":[125],"class_list":["post-32352","product","type-product","status-publish","has-post-thumbnail","hentry","product_cat-microfiber-fr","product_cat-yum-cars-fr","product_tag-yum-cars-fr","desktop-align-left","tablet-align-center","mobile-align-left","ast-product-gallery-layout-horizontal-slider","ast-product-gallery-with-no-image","ast-product-tabs-layout-horizontal"],"_links":{"self":[{"href":"https:\/\/perfectionist.ch\/fr\/wp-json\/wp\/v2\/product\/32352","targetHints":{"allow":["GET"]}}],"collection":[{"href":"https:\/\/perfectionist.ch\/fr\/wp-json\/wp\/v2\/product"}],"about":[{"href":"https:\/\/perfectionist.ch\/fr\/wp-json\/wp\/v2\/types\/product"}],"replies":[{"embeddable":true,"href":"https:\/\/perfectionist.ch\/fr\/wp-json\/wp\/v2\/comments?post=32352"}],"wp:featuredmedia":[{"embeddable":true,"href":"https:\/\/perfectionist.ch\/fr\/wp-json\/wp\/v2\/media\/32012"}],"wp:attachment":[{"href":"https:\/\/perfectionist.ch\/fr\/wp-json\/wp\/v2\/media?parent=32352"}],"wp:term":[{"taxonomy":"product_cat","embeddable":true,"href":"https:\/\/perfectionist.ch\/fr\/wp-json\/wp\/v2\/product_cat?post=32352"},{"taxonomy":"product_tag","embeddable":true,"href":"https:\/\/perfectionist.ch\/fr\/wp-json\/wp\/v2\/product_tag?post=32352"}],"curies":[{"name":"wp","href":"https:\/\/api.w.org\/{rel}","templated":true}]}}