{"id":32326,"date":"2023-06-20T13:35:17","date_gmt":"2023-06-20T11:35:17","guid":{"rendered":"https:\/\/perfectionist.ch\/product\/brosse-ultra-dense-en-poils-de-sanglier\/"},"modified":"2023-08-30T14:44:55","modified_gmt":"2023-08-30T12:44:55","slug":"boars-hair-detailing-brush","status":"publish","type":"product","link":"https:\/\/perfectionist.ch\/fr\/produit\/boars-hair-detailing-brush\/","title":{"rendered":"BROSSE ULTRA DENSE EN POILS DE SANGLIER"},"content":{"rendered":"","protected":false},"excerpt":{"rendered":"<p>Ces brosses sont parfaites pour les zones qui n\u00e9cessitent un nettoyage plus intensif, que ce soit \u00e0 l&rsquo;int\u00e9rieur ou \u00e0 l&rsquo;ext\u00e9rieur. Ces brosses r\u00e9sistantes aux produits chimiques ne pr\u00e9sentent aucun danger lorsqu&rsquo;elles sont mouill\u00e9es et peuvent \u00eatre utilis\u00e9es avec toute une gamme de nettoyants. La qualit\u00e9 et la r\u00e9putation de Detail Factory sont in\u00e9gal\u00e9es et nous pensons que ces brosses en poils de sanglier sont le meilleur choix disponible pour une utilisation sur les zones les plus tenaces qui n\u00e9cessitent une action de nettoyage suppl\u00e9mentaire pour \u00eatre enlev\u00e9es.<\/p>\n<ul>\n<li>Fabriqu\u00e9es sans m\u00e9tal pour \u00e9viter tout dommage accidentel.<\/li>\n<li>Convient aux zones qui n\u00e9cessitent un nettoyage plus intense.<\/li>\n<li>Facilite le travail pour les t\u00e2ches les plus salissantes.<\/li>\n<\/ul>\n<p><strong>20.00 CHF<\/strong><\/p>\n","protected":false},"featured_media":32043,"comment_status":"open","ping_status":"closed","template":"","meta":{"site-sidebar-layout":"default","site-content-layout":"default","ast-global-header-display":"","ast-banner-title-visibility":"","ast-main-header-display":"","ast-hfb-above-header-display":"","ast-hfb-below-header-display":"","ast-hfb-mobile-header-display":"","site-post-title":"","ast-breadcrumbs-content":"","ast-featured-img":"","footer-sml-layout":"","theme-transparent-header-meta":"default","adv-header-id-meta":"","stick-header-meta":"default","header-above-stick-meta":"","header-main-stick-meta":"","header-below-stick-meta":""},"product_cat":[108,107],"product_tag":[125],"class_list":["post-32326","product","type-product","status-publish","has-post-thumbnail","hentry","product_cat-accessories-yumcars-fr","product_cat-yum-cars-fr","product_tag-yum-cars-fr","desktop-align-left","tablet-align-center","mobile-align-left","ast-product-gallery-layout-horizontal-slider","ast-product-gallery-with-no-image","ast-product-tabs-layout-horizontal"],"_links":{"self":[{"href":"https:\/\/perfectionist.ch\/fr\/wp-json\/wp\/v2\/product\/32326","targetHints":{"allow":["GET"]}}],"collection":[{"href":"https:\/\/perfectionist.ch\/fr\/wp-json\/wp\/v2\/product"}],"about":[{"href":"https:\/\/perfectionist.ch\/fr\/wp-json\/wp\/v2\/types\/product"}],"replies":[{"embeddable":true,"href":"https:\/\/perfectionist.ch\/fr\/wp-json\/wp\/v2\/comments?post=32326"}],"wp:featuredmedia":[{"embeddable":true,"href":"https:\/\/perfectionist.ch\/fr\/wp-json\/wp\/v2\/media\/32043"}],"wp:attachment":[{"href":"https:\/\/perfectionist.ch\/fr\/wp-json\/wp\/v2\/media?parent=32326"}],"wp:term":[{"taxonomy":"product_cat","embeddable":true,"href":"https:\/\/perfectionist.ch\/fr\/wp-json\/wp\/v2\/product_cat?post=32326"},{"taxonomy":"product_tag","embeddable":true,"href":"https:\/\/perfectionist.ch\/fr\/wp-json\/wp\/v2\/product_tag?post=32326"}],"curies":[{"name":"wp","href":"https:\/\/api.w.org\/{rel}","templated":true}]}}