{"id":32323,"date":"2023-06-20T14:10:11","date_gmt":"2023-06-20T12:10:11","guid":{"rendered":"https:\/\/perfectionist.ch\/product\/ultra-soft-detailing-brush\/"},"modified":"2023-08-30T14:42:06","modified_gmt":"2023-08-30T12:42:06","slug":"ultra-soft-detailing-brush","status":"publish","type":"product","link":"https:\/\/perfectionist.ch\/fr\/produit\/ultra-soft-detailing-brush\/","title":{"rendered":"ULTRA SOFT DETAILING BRUSH"},"content":{"rendered":"","protected":false},"excerpt":{"rendered":"<p>Ces brosses d&rsquo;entretien ultra-douces et anti-rayures de Detail Factory peuvent \u00eatre utilis\u00e9es en toute s\u00e9curit\u00e9 \u00e0 l&rsquo;int\u00e9rieur et \u00e0 l&rsquo;ext\u00e9rieur de votre v\u00e9hicule. Fabriqu\u00e9es \u00e0 partir de fibres synth\u00e9tiques douces et 100 % exemptes de m\u00e9tal, elles peuvent \u00eatre utilis\u00e9es en toute s\u00e9curit\u00e9, m\u00eame sur les surfaces les plus d\u00e9licates. Ces brosses sont la meilleure solution pour vos besoins de nettoyage complexes car elles combinent un excellent pouvoir d&rsquo;agitation avec la s\u00e9curit\u00e9 des poils super doux.<\/p>\n<ul>\n<li>Disponibles en blanc ou en jaune.<\/li>\n<li>S\u00e9curis\u00e9es pour une large gamme de t\u00e2ches de nettoyage int\u00e9rieur et ext\u00e9rieur.<\/li>\n<li>Excellent pouvoir d&rsquo;agitation.<\/li>\n<\/ul>\n<p>Disponibles en blanc ou en jaune.<\/p>\n","protected":false},"featured_media":32040,"comment_status":"open","ping_status":"closed","template":"","meta":{"site-sidebar-layout":"default","site-content-layout":"default","ast-global-header-display":"","ast-banner-title-visibility":"","ast-main-header-display":"","ast-hfb-above-header-display":"","ast-hfb-below-header-display":"","ast-hfb-mobile-header-display":"","site-post-title":"","ast-breadcrumbs-content":"","ast-featured-img":"","footer-sml-layout":"","theme-transparent-header-meta":"default","adv-header-id-meta":"","stick-header-meta":"default","header-above-stick-meta":"","header-main-stick-meta":"","header-below-stick-meta":""},"product_cat":[108,107],"product_tag":[125],"class_list":["post-32323","product","type-product","status-publish","has-post-thumbnail","hentry","product_cat-accessories-yumcars-fr","product_cat-yum-cars-fr","product_tag-yum-cars-fr","desktop-align-left","tablet-align-center","mobile-align-left","ast-product-gallery-layout-horizontal-slider","ast-product-tabs-layout-horizontal"],"_links":{"self":[{"href":"https:\/\/perfectionist.ch\/fr\/wp-json\/wp\/v2\/product\/32323","targetHints":{"allow":["GET"]}}],"collection":[{"href":"https:\/\/perfectionist.ch\/fr\/wp-json\/wp\/v2\/product"}],"about":[{"href":"https:\/\/perfectionist.ch\/fr\/wp-json\/wp\/v2\/types\/product"}],"replies":[{"embeddable":true,"href":"https:\/\/perfectionist.ch\/fr\/wp-json\/wp\/v2\/comments?post=32323"}],"wp:featuredmedia":[{"embeddable":true,"href":"https:\/\/perfectionist.ch\/fr\/wp-json\/wp\/v2\/media\/32040"}],"wp:attachment":[{"href":"https:\/\/perfectionist.ch\/fr\/wp-json\/wp\/v2\/media?parent=32323"}],"wp:term":[{"taxonomy":"product_cat","embeddable":true,"href":"https:\/\/perfectionist.ch\/fr\/wp-json\/wp\/v2\/product_cat?post=32323"},{"taxonomy":"product_tag","embeddable":true,"href":"https:\/\/perfectionist.ch\/fr\/wp-json\/wp\/v2\/product_tag?post=32323"}],"curies":[{"name":"wp","href":"https:\/\/api.w.org\/{rel}","templated":true}]}}