{"id":32317,"date":"2023-06-21T15:38:49","date_gmt":"2023-06-21T13:38:49","guid":{"rendered":"https:\/\/perfectionist.ch\/product\/brosse-a-pneus\/"},"modified":"2023-08-30T14:33:26","modified_gmt":"2023-08-30T12:33:26","slug":"tyre-brush","status":"publish","type":"product","link":"https:\/\/perfectionist.ch\/fr\/produit\/tyre-brush\/","title":{"rendered":"BROSSE \u00c0 PNEUS"},"content":{"rendered":"","protected":false},"excerpt":{"rendered":"<p>Les rev\u00eatements et les conditionneurs pour pneus fonctionnent toujours mieux lorsqu&rsquo;ils sont appliqu\u00e9s sur un pneu propre et pr\u00e9par\u00e9, et notre brosse pour pneus est l&rsquo;outil id\u00e9al \u00e0 ce titre. Les poils semi-rigides ont \u00e9t\u00e9 soigneusement choisis pour ajouter suffisamment de mordant au processus de nettoyage, sans pour autant \u00eatre extr\u00eamement rigides, au point que vous souffriez d&rsquo;\u00e9claboussures ou que vous ne puissiez pas exercer une forte pression en raison de la rigidit\u00e9 des poils.<\/p>\n<ul>\n<li>C&rsquo;est l&rsquo;accessoire id\u00e9al pour pr\u00e9parer les pneus aux rev\u00eatements.<\/li>\n<li>Nettoie en douceur la paroi du pneu.<\/li>\n<li>Pas d&rsquo;\u00e9claboussures pendant le processus de nettoyage.<\/li>\n<\/ul>\n<p><strong>10.00 CHF<\/strong><\/p>\n","protected":false},"featured_media":32655,"comment_status":"open","ping_status":"closed","template":"","meta":{"site-sidebar-layout":"default","site-content-layout":"default","ast-global-header-display":"","ast-banner-title-visibility":"","ast-main-header-display":"","ast-hfb-above-header-display":"","ast-hfb-below-header-display":"","ast-hfb-mobile-header-display":"","site-post-title":"","ast-breadcrumbs-content":"","ast-featured-img":"","footer-sml-layout":"","theme-transparent-header-meta":"default","adv-header-id-meta":"","stick-header-meta":"default","header-above-stick-meta":"","header-main-stick-meta":"","header-below-stick-meta":""},"product_cat":[108,107],"product_tag":[125],"class_list":["post-32317","product","type-product","status-publish","has-post-thumbnail","hentry","product_cat-accessories-yumcars-fr","product_cat-yum-cars-fr","product_tag-yum-cars-fr","desktop-align-left","tablet-align-center","mobile-align-left","ast-product-gallery-layout-horizontal-slider","ast-product-gallery-with-no-image","ast-product-tabs-layout-horizontal"],"_links":{"self":[{"href":"https:\/\/perfectionist.ch\/fr\/wp-json\/wp\/v2\/product\/32317","targetHints":{"allow":["GET"]}}],"collection":[{"href":"https:\/\/perfectionist.ch\/fr\/wp-json\/wp\/v2\/product"}],"about":[{"href":"https:\/\/perfectionist.ch\/fr\/wp-json\/wp\/v2\/types\/product"}],"replies":[{"embeddable":true,"href":"https:\/\/perfectionist.ch\/fr\/wp-json\/wp\/v2\/comments?post=32317"}],"wp:featuredmedia":[{"embeddable":true,"href":"https:\/\/perfectionist.ch\/fr\/wp-json\/wp\/v2\/media\/32655"}],"wp:attachment":[{"href":"https:\/\/perfectionist.ch\/fr\/wp-json\/wp\/v2\/media?parent=32317"}],"wp:term":[{"taxonomy":"product_cat","embeddable":true,"href":"https:\/\/perfectionist.ch\/fr\/wp-json\/wp\/v2\/product_cat?post=32317"},{"taxonomy":"product_tag","embeddable":true,"href":"https:\/\/perfectionist.ch\/fr\/wp-json\/wp\/v2\/product_tag?post=32317"}],"curies":[{"name":"wp","href":"https:\/\/api.w.org\/{rel}","templated":true}]}}