{"id":32307,"date":"2023-06-21T15:04:55","date_gmt":"2023-06-21T13:04:55","guid":{"rendered":"https:\/\/perfectionist.ch\/product\/clay-block\/"},"modified":"2023-08-30T14:23:23","modified_gmt":"2023-08-30T12:23:23","slug":"clay-block","status":"publish","type":"product","link":"https:\/\/perfectionist.ch\/fr\/produit\/clay-block\/","title":{"rendered":"CLAY BLOCK"},"content":{"rendered":"","protected":false},"excerpt":{"rendered":"<p>\u00c9liminez en toute s\u00e9curit\u00e9 les contaminants et les particules de votre v\u00e9hicule pour lui redonner une finition parfaitement lisse gr\u00e2ce \u00e0 notre bloc d&rsquo;argile synth\u00e9tique. L&rsquo;argile est un agent abrasif con\u00e7u pour \u00e9liminer les contaminants li\u00e9s \u00e0 la surface de votre peinture et de vos vitres, tels que la poussi\u00e8re et le goudron. Ce processus peut marquer votre peinture lorsque les contaminants sont \u00e9limin\u00e9s, c&rsquo;est pourquoi nous recommandons toujours de proc\u00e9der ensuite \u00e0 un polissage \u00e0 la machine.<\/p>\n<ul>\n<li>L&rsquo;argile synth\u00e9tique a l&rsquo;avantage de durer beaucoup plus longtemps que l&rsquo;argile traditionnelle.<\/li>\n<li>Si vous la laissez tomber, il vous suffit de la laver et de la r\u00e9utiliser.<\/li>\n<li>Un Clay Block peut \u00eatre utilis\u00e9 jusqu&rsquo;\u00e0 40 fois.<\/li>\n<\/ul>\n<p><strong>23.00 CHF<\/strong><\/p>\n","protected":false},"featured_media":32026,"comment_status":"open","ping_status":"closed","template":"","meta":{"site-sidebar-layout":"default","site-content-layout":"default","ast-global-header-display":"","ast-banner-title-visibility":"","ast-main-header-display":"","ast-hfb-above-header-display":"","ast-hfb-below-header-display":"","ast-hfb-mobile-header-display":"","site-post-title":"","ast-breadcrumbs-content":"","ast-featured-img":"","footer-sml-layout":"","theme-transparent-header-meta":"default","adv-header-id-meta":"","stick-header-meta":"default","header-above-stick-meta":"","header-main-stick-meta":"","header-below-stick-meta":""},"product_cat":[113,107],"product_tag":[125],"class_list":["post-32307","product","type-product","status-publish","has-post-thumbnail","hentry","product_cat-decontamination-fr","product_cat-yum-cars-fr","product_tag-yum-cars-fr","desktop-align-left","tablet-align-center","mobile-align-left","ast-product-gallery-layout-horizontal-slider","ast-product-gallery-with-no-image","ast-product-tabs-layout-horizontal"],"_links":{"self":[{"href":"https:\/\/perfectionist.ch\/fr\/wp-json\/wp\/v2\/product\/32307","targetHints":{"allow":["GET"]}}],"collection":[{"href":"https:\/\/perfectionist.ch\/fr\/wp-json\/wp\/v2\/product"}],"about":[{"href":"https:\/\/perfectionist.ch\/fr\/wp-json\/wp\/v2\/types\/product"}],"replies":[{"embeddable":true,"href":"https:\/\/perfectionist.ch\/fr\/wp-json\/wp\/v2\/comments?post=32307"}],"wp:featuredmedia":[{"embeddable":true,"href":"https:\/\/perfectionist.ch\/fr\/wp-json\/wp\/v2\/media\/32026"}],"wp:attachment":[{"href":"https:\/\/perfectionist.ch\/fr\/wp-json\/wp\/v2\/media?parent=32307"}],"wp:term":[{"taxonomy":"product_cat","embeddable":true,"href":"https:\/\/perfectionist.ch\/fr\/wp-json\/wp\/v2\/product_cat?post=32307"},{"taxonomy":"product_tag","embeddable":true,"href":"https:\/\/perfectionist.ch\/fr\/wp-json\/wp\/v2\/product_tag?post=32307"}],"curies":[{"name":"wp","href":"https:\/\/api.w.org\/{rel}","templated":true}]}}