{"id":32301,"date":"2023-06-20T11:42:38","date_gmt":"2023-06-20T09:42:38","guid":{"rendered":"https:\/\/perfectionist.ch\/product\/applicateurs-hexgrip-pour-pneus\/"},"modified":"2023-08-30T14:17:21","modified_gmt":"2023-08-30T12:17:21","slug":"tyre-hexgrip-applicator","status":"publish","type":"product","link":"https:\/\/perfectionist.ch\/fr\/produit\/tyre-hexgrip-applicator\/","title":{"rendered":"APPLICATEURS HEXGRIP POUR PNEUS"},"content":{"rendered":"","protected":false},"excerpt":{"rendered":"<p>Notre applicateur de mousse manuel est un compl\u00e9ment parfait \u00e0 votre routine d&rsquo;entretien. Il est parfait pour appliquer des rev\u00eatements sur les pneus en caoutchouc et les garnitures en plastique. Sa conception ergonomique comprend une poign\u00e9e de taille normale sur le dessus pour assurer le confort lors de l&rsquo;application des produits. Les rainures dans la mousse garantissent une couverture uniforme et de bons r\u00e9sultats \u00e0 chaque fois.<\/p>\n<ul>\n<li>Mousse haute densit\u00e9 r\u00e9utilisable.<\/li>\n<li>Poign\u00e9e confortable.<\/li>\n<li>Le motif ondul\u00e9 permet une couverture uniforme.<\/li>\n<\/ul>\n<p><strong>9.00 CHF<\/strong><\/p>\n","protected":false},"featured_media":32046,"comment_status":"open","ping_status":"closed","template":"","meta":{"site-sidebar-layout":"default","site-content-layout":"default","ast-global-header-display":"","ast-banner-title-visibility":"","ast-main-header-display":"","ast-hfb-above-header-display":"","ast-hfb-below-header-display":"","ast-hfb-mobile-header-display":"","site-post-title":"","ast-breadcrumbs-content":"","ast-featured-img":"","footer-sml-layout":"","theme-transparent-header-meta":"default","adv-header-id-meta":"","stick-header-meta":"default","header-above-stick-meta":"","header-main-stick-meta":"","header-below-stick-meta":""},"product_cat":[114,107],"product_tag":[125],"class_list":["post-32301","product","type-product","status-publish","has-post-thumbnail","hentry","product_cat-applicator-fr","product_cat-yum-cars-fr","product_tag-yum-cars-fr","desktop-align-left","tablet-align-center","mobile-align-left","ast-product-gallery-layout-horizontal-slider","ast-product-gallery-with-no-image","ast-product-tabs-layout-horizontal"],"_links":{"self":[{"href":"https:\/\/perfectionist.ch\/fr\/wp-json\/wp\/v2\/product\/32301","targetHints":{"allow":["GET"]}}],"collection":[{"href":"https:\/\/perfectionist.ch\/fr\/wp-json\/wp\/v2\/product"}],"about":[{"href":"https:\/\/perfectionist.ch\/fr\/wp-json\/wp\/v2\/types\/product"}],"replies":[{"embeddable":true,"href":"https:\/\/perfectionist.ch\/fr\/wp-json\/wp\/v2\/comments?post=32301"}],"wp:featuredmedia":[{"embeddable":true,"href":"https:\/\/perfectionist.ch\/fr\/wp-json\/wp\/v2\/media\/32046"}],"wp:attachment":[{"href":"https:\/\/perfectionist.ch\/fr\/wp-json\/wp\/v2\/media?parent=32301"}],"wp:term":[{"taxonomy":"product_cat","embeddable":true,"href":"https:\/\/perfectionist.ch\/fr\/wp-json\/wp\/v2\/product_cat?post=32301"},{"taxonomy":"product_tag","embeddable":true,"href":"https:\/\/perfectionist.ch\/fr\/wp-json\/wp\/v2\/product_tag?post=32301"}],"curies":[{"name":"wp","href":"https:\/\/api.w.org\/{rel}","templated":true}]}}