{"id":32289,"date":"2023-06-21T13:22:57","date_gmt":"2023-06-21T11:22:57","guid":{"rendered":"https:\/\/perfectionist.ch\/product\/yum-wash-mf\/"},"modified":"2023-08-30T14:03:31","modified_gmt":"2023-08-30T12:03:31","slug":"yum-wash-mf","status":"publish","type":"product","link":"https:\/\/perfectionist.ch\/fr\/produit\/yum-wash-mf\/","title":{"rendered":"YUM WASH MF"},"content":{"rendered":"","protected":false},"excerpt":{"rendered":"<p>Notre produit de lavage pour microfibres a \u00e9t\u00e9 con\u00e7u pour raviver et restaurer vos serviettes en microfibres encrass\u00e9es en leur offrant un nettoyage en profondeur ultime et 100 % s\u00fbr. Le m\u00e9lange sp\u00e9cial de nettoyants contenu dans notre formule \u00e9mulsifiera tous les produits de protection pendant les rotations de la machine pour vous donner des microfibres plus douces et plus brillantes d\u00e8s la sortie du lave-linge.<\/p>\n<ul>\n<li>\u00c9mulsifie les produits de protection, tels que les cires et les produits d&rsquo;\u00e9tanch\u00e9it\u00e9.<\/li>\n<li>Les microfibres sont plus douces et plus brillantes.<\/li>\n<li>Contient un m\u00e9lange sp\u00e9cial de nettoyants.<\/li>\n<\/ul>\n<p>Disponible en:<\/p>\n<ul>\n<li><strong>1 litre &#8211; 25.00 CHF<\/strong><\/li>\n<li><strong>5 litres &#8211; 80.00 CHF<\/strong><\/li>\n<\/ul>\n","protected":false},"featured_media":32031,"comment_status":"open","ping_status":"closed","template":"","meta":{"site-sidebar-layout":"default","site-content-layout":"default","ast-global-header-display":"","ast-banner-title-visibility":"","ast-main-header-display":"","ast-hfb-above-header-display":"","ast-hfb-below-header-display":"","ast-hfb-mobile-header-display":"","site-post-title":"","ast-breadcrumbs-content":"","ast-featured-img":"","footer-sml-layout":"","theme-transparent-header-meta":"default","adv-header-id-meta":"","stick-header-meta":"default","header-above-stick-meta":"","header-main-stick-meta":"","header-below-stick-meta":""},"product_cat":[112,107],"product_tag":[125],"class_list":["post-32289","product","type-product","status-publish","has-post-thumbnail","hentry","product_cat-detergent-fr","product_cat-yum-cars-fr","product_tag-yum-cars-fr","desktop-align-left","tablet-align-center","mobile-align-left","ast-product-gallery-layout-horizontal-slider","ast-product-tabs-layout-horizontal"],"_links":{"self":[{"href":"https:\/\/perfectionist.ch\/fr\/wp-json\/wp\/v2\/product\/32289","targetHints":{"allow":["GET"]}}],"collection":[{"href":"https:\/\/perfectionist.ch\/fr\/wp-json\/wp\/v2\/product"}],"about":[{"href":"https:\/\/perfectionist.ch\/fr\/wp-json\/wp\/v2\/types\/product"}],"replies":[{"embeddable":true,"href":"https:\/\/perfectionist.ch\/fr\/wp-json\/wp\/v2\/comments?post=32289"}],"wp:featuredmedia":[{"embeddable":true,"href":"https:\/\/perfectionist.ch\/fr\/wp-json\/wp\/v2\/media\/32031"}],"wp:attachment":[{"href":"https:\/\/perfectionist.ch\/fr\/wp-json\/wp\/v2\/media?parent=32289"}],"wp:term":[{"taxonomy":"product_cat","embeddable":true,"href":"https:\/\/perfectionist.ch\/fr\/wp-json\/wp\/v2\/product_cat?post=32289"},{"taxonomy":"product_tag","embeddable":true,"href":"https:\/\/perfectionist.ch\/fr\/wp-json\/wp\/v2\/product_tag?post=32289"}],"curies":[{"name":"wp","href":"https:\/\/api.w.org\/{rel}","templated":true}]}}