{"id":32283,"date":"2023-06-20T12:50:28","date_gmt":"2023-06-20T10:50:28","guid":{"rendered":"https:\/\/perfectionist.ch\/product\/yum-dress-v2\/"},"modified":"2023-08-30T13:55:41","modified_gmt":"2023-08-30T11:55:41","slug":"yum-dress-v2","status":"publish","type":"product","link":"https:\/\/perfectionist.ch\/fr\/produit\/yum-dress-v2\/","title":{"rendered":"YUM DRESS V2"},"content":{"rendered":"","protected":false},"excerpt":{"rendered":"<p>La nouvelle g\u00e9n\u00e9ration d&rsquo;entretien des pneus est arriv\u00e9e ! Dress V2 a \u00e9t\u00e9 con\u00e7u dans un but simple : hydrater le caoutchouc et les accessoires tout en garantissant une application uniforme sur toutes les surfaces. Notre formulation sp\u00e9ciale rend ce produit tr\u00e8s polyvalent. Il peut \u00eatre appliqu\u00e9 sur le caoutchouc ext\u00e9rieur, les inserts, le compartiment moteur et m\u00eame les plastiques int\u00e9rieurs.<\/p>\n<ul>\n<li>Formule \u00e0 base d&rsquo;eau renforc\u00e9e par des polym\u00e8res de r\u00e9sine.<\/li>\n<li>Peut-\u00eatre dilu\u00e9 pour les applications dans le compartiment moteur et \u00e0 l&rsquo;int\u00e9rieur.<\/li>\n<li>Contient des propri\u00e9t\u00e9s hydratantes et antistatiques pour maintenir le caoutchouc et les garnitures en bonne sant\u00e9 et, surtout, pour les rendre parfaitement imperm\u00e9ables<\/li>\n<\/ul>\n<p>Disponible en:<\/p>\n<ul>\n<li><strong>500 ml &#8211; 20.00 CHF<br \/>\n<\/strong><\/li>\n<li><strong>5 litres &#8211; 90.00 CHF<br \/>\n<\/strong><\/li>\n<\/ul>\n","protected":false},"featured_media":32044,"comment_status":"open","ping_status":"closed","template":"","meta":{"site-sidebar-layout":"default","site-content-layout":"default","ast-global-header-display":"","ast-banner-title-visibility":"","ast-main-header-display":"","ast-hfb-above-header-display":"","ast-hfb-below-header-display":"","ast-hfb-mobile-header-display":"","site-post-title":"","ast-breadcrumbs-content":"","ast-featured-img":"","footer-sml-layout":"","theme-transparent-header-meta":"default","adv-header-id-meta":"","stick-header-meta":"default","header-above-stick-meta":"","header-main-stick-meta":"","header-below-stick-meta":""},"product_cat":[122,107],"product_tag":[125],"class_list":["post-32283","product","type-product","status-publish","has-post-thumbnail","hentry","product_cat-wheels-tires-fr","product_cat-yum-cars-fr","product_tag-yum-cars-fr","desktop-align-left","tablet-align-center","mobile-align-left","ast-product-gallery-layout-horizontal-slider","ast-product-tabs-layout-horizontal"],"_links":{"self":[{"href":"https:\/\/perfectionist.ch\/fr\/wp-json\/wp\/v2\/product\/32283","targetHints":{"allow":["GET"]}}],"collection":[{"href":"https:\/\/perfectionist.ch\/fr\/wp-json\/wp\/v2\/product"}],"about":[{"href":"https:\/\/perfectionist.ch\/fr\/wp-json\/wp\/v2\/types\/product"}],"replies":[{"embeddable":true,"href":"https:\/\/perfectionist.ch\/fr\/wp-json\/wp\/v2\/comments?post=32283"}],"wp:featuredmedia":[{"embeddable":true,"href":"https:\/\/perfectionist.ch\/fr\/wp-json\/wp\/v2\/media\/32044"}],"wp:attachment":[{"href":"https:\/\/perfectionist.ch\/fr\/wp-json\/wp\/v2\/media?parent=32283"}],"wp:term":[{"taxonomy":"product_cat","embeddable":true,"href":"https:\/\/perfectionist.ch\/fr\/wp-json\/wp\/v2\/product_cat?post=32283"},{"taxonomy":"product_tag","embeddable":true,"href":"https:\/\/perfectionist.ch\/fr\/wp-json\/wp\/v2\/product_tag?post=32283"}],"curies":[{"name":"wp","href":"https:\/\/api.w.org\/{rel}","templated":true}]}}