{"id":32282,"date":"2023-06-21T13:13:59","date_gmt":"2023-06-21T11:13:59","guid":{"rendered":"https:\/\/perfectionist.ch\/product\/yum-wheels\/"},"modified":"2023-08-30T13:52:59","modified_gmt":"2023-08-30T11:52:59","slug":"yum-wheels","status":"publish","type":"product","link":"https:\/\/perfectionist.ch\/fr\/produit\/yum-wheels\/","title":{"rendered":"YUM WHEELS"},"content":{"rendered":"","protected":false},"excerpt":{"rendered":"<p>Yum Wheels a \u00e9t\u00e9 con\u00e7u pour vous offrir une solution tr\u00e8s simple de nettoyage de chaque partie de la roue et de tous les contaminants associ\u00e9s, \u00e0 l&rsquo;aide d&rsquo;une seule formule sophistiqu\u00e9e. Notre formule 2 en 1 contient deux cat\u00e9gories de nettoyants tr\u00e8s actifs qui, ensemble, cr\u00e9ent un m\u00e9lange qui constitue un nettoyage complet des roues.<\/p>\n<ul>\n<li>Nettoyant pour jantes non acide, au pH neutre, avec \u00e9liminateur de fer.<\/li>\n<li>Il permet d&rsquo;obtenir une surface lisse sur les roues, ce qui r\u00e9duit la tra\u00een\u00e9e lors du nettoyage de la poussi\u00e8re de frein tr\u00e8s abrasive.<\/li>\n<li>Sans danger pour la peinture, pour d\u00e9graisser et \u00e9liminer le fer de la couche transparente.<\/li>\n<\/ul>\n<p>Disponible en:<\/p>\n<ul>\n<li><strong>500 ml &#8211; 19.00 CHF<\/strong><\/li>\n<li><strong>5 litres &#8211; 100.00 CHF<\/strong><\/li>\n<\/ul>\n","protected":false},"featured_media":32084,"comment_status":"open","ping_status":"closed","template":"","meta":{"site-sidebar-layout":"default","site-content-layout":"default","ast-global-header-display":"","ast-banner-title-visibility":"","ast-main-header-display":"","ast-hfb-above-header-display":"","ast-hfb-below-header-display":"","ast-hfb-mobile-header-display":"","site-post-title":"","ast-breadcrumbs-content":"","ast-featured-img":"","footer-sml-layout":"","theme-transparent-header-meta":"default","adv-header-id-meta":"","stick-header-meta":"default","header-above-stick-meta":"","header-main-stick-meta":"","header-below-stick-meta":""},"product_cat":[122,107],"product_tag":[125],"class_list":["post-32282","product","type-product","status-publish","has-post-thumbnail","hentry","product_cat-wheels-tires-fr","product_cat-yum-cars-fr","product_tag-yum-cars-fr","desktop-align-left","tablet-align-center","mobile-align-left","ast-product-gallery-layout-horizontal-slider","ast-product-tabs-layout-horizontal"],"_links":{"self":[{"href":"https:\/\/perfectionist.ch\/fr\/wp-json\/wp\/v2\/product\/32282","targetHints":{"allow":["GET"]}}],"collection":[{"href":"https:\/\/perfectionist.ch\/fr\/wp-json\/wp\/v2\/product"}],"about":[{"href":"https:\/\/perfectionist.ch\/fr\/wp-json\/wp\/v2\/types\/product"}],"replies":[{"embeddable":true,"href":"https:\/\/perfectionist.ch\/fr\/wp-json\/wp\/v2\/comments?post=32282"}],"wp:featuredmedia":[{"embeddable":true,"href":"https:\/\/perfectionist.ch\/fr\/wp-json\/wp\/v2\/media\/32084"}],"wp:attachment":[{"href":"https:\/\/perfectionist.ch\/fr\/wp-json\/wp\/v2\/media?parent=32282"}],"wp:term":[{"taxonomy":"product_cat","embeddable":true,"href":"https:\/\/perfectionist.ch\/fr\/wp-json\/wp\/v2\/product_cat?post=32282"},{"taxonomy":"product_tag","embeddable":true,"href":"https:\/\/perfectionist.ch\/fr\/wp-json\/wp\/v2\/product_tag?post=32282"}],"curies":[{"name":"wp","href":"https:\/\/api.w.org\/{rel}","templated":true}]}}