{"id":32276,"date":"2023-06-20T14:55:58","date_gmt":"2023-06-20T12:55:58","guid":{"rendered":"https:\/\/perfectionist.ch\/product\/wheel-foam\/"},"modified":"2023-08-30T13:47:20","modified_gmt":"2023-08-30T11:47:20","slug":"wheel-foam","status":"publish","type":"product","link":"https:\/\/perfectionist.ch\/fr\/produit\/wheel-foam\/","title":{"rendered":"WHEEL FOAM"},"content":{"rendered":"","protected":false},"excerpt":{"rendered":"<p>Il nous a fallu un certain temps pour mettre au point notre derni\u00e8re innovation, Wheel Foam, et nous sommes maintenant impatients que vous puissiez tous l&rsquo;essayer et en tomber amoureux ! Cette formulation sp\u00e9ciale pour le nettoyage des roues contient une multitude de tensioactifs pour nettoyer, d\u00e9graisser et entretenir vos roues selon les normes les plus strictes. Wheel Foam a \u00e9t\u00e9 con\u00e7u pour \u00eatre utilis\u00e9 avec le canon \u00e0 mousse MTM Hydro PF22.2, afin de fournir les meilleures capacit\u00e9s de nettoyage en profondeur et de distribution. Un seul r\u00e9servoir de canon \u00e0 mousse vous permettra d&rsquo;utiliser cette technique pendant plusieurs semaines, contrairement aux canons moins chers et gourmands en produit que l&rsquo;on trouve aujourd&rsquo;hui sur le march\u00e9 !<\/p>\n<ul>\n<li>Formule alcaline.<\/li>\n<li>Temps de formation de mousse le plus \u00e9lev\u00e9 de l&rsquo;industrie.<\/li>\n<li>Sans danger pour tous les types de surface.<\/li>\n<\/ul>\n<p>Disponible en:<\/p>\n<ul>\n<li><strong>500 ml &#8211; 14.00 CHF<br \/>\n<\/strong><\/li>\n<li><strong>5 litres &#8211; 80.00 CHF<br \/>\n<\/strong><\/li>\n<\/ul>\n","protected":false},"featured_media":32039,"comment_status":"open","ping_status":"closed","template":"","meta":{"site-sidebar-layout":"default","site-content-layout":"default","ast-global-header-display":"","ast-banner-title-visibility":"","ast-main-header-display":"","ast-hfb-above-header-display":"","ast-hfb-below-header-display":"","ast-hfb-mobile-header-display":"","site-post-title":"","ast-breadcrumbs-content":"","ast-featured-img":"","footer-sml-layout":"","theme-transparent-header-meta":"default","adv-header-id-meta":"","stick-header-meta":"default","header-above-stick-meta":"","header-main-stick-meta":"","header-below-stick-meta":""},"product_cat":[122,107],"product_tag":[125],"class_list":["post-32276","product","type-product","status-publish","has-post-thumbnail","hentry","product_cat-wheels-tires-fr","product_cat-yum-cars-fr","product_tag-yum-cars-fr","desktop-align-left","tablet-align-center","mobile-align-left","ast-product-gallery-layout-horizontal-slider","ast-product-tabs-layout-horizontal"],"_links":{"self":[{"href":"https:\/\/perfectionist.ch\/fr\/wp-json\/wp\/v2\/product\/32276","targetHints":{"allow":["GET"]}}],"collection":[{"href":"https:\/\/perfectionist.ch\/fr\/wp-json\/wp\/v2\/product"}],"about":[{"href":"https:\/\/perfectionist.ch\/fr\/wp-json\/wp\/v2\/types\/product"}],"replies":[{"embeddable":true,"href":"https:\/\/perfectionist.ch\/fr\/wp-json\/wp\/v2\/comments?post=32276"}],"wp:featuredmedia":[{"embeddable":true,"href":"https:\/\/perfectionist.ch\/fr\/wp-json\/wp\/v2\/media\/32039"}],"wp:attachment":[{"href":"https:\/\/perfectionist.ch\/fr\/wp-json\/wp\/v2\/media?parent=32276"}],"wp:term":[{"taxonomy":"product_cat","embeddable":true,"href":"https:\/\/perfectionist.ch\/fr\/wp-json\/wp\/v2\/product_cat?post=32276"},{"taxonomy":"product_tag","embeddable":true,"href":"https:\/\/perfectionist.ch\/fr\/wp-json\/wp\/v2\/product_tag?post=32276"}],"curies":[{"name":"wp","href":"https:\/\/api.w.org\/{rel}","templated":true}]}}