{"id":32272,"date":"2023-06-21T13:09:43","date_gmt":"2023-06-21T11:09:43","guid":{"rendered":"https:\/\/perfectionist.ch\/product\/yum-undress\/"},"modified":"2023-08-30T13:43:45","modified_gmt":"2023-08-30T11:43:45","slug":"yum-undress","status":"publish","type":"product","link":"https:\/\/perfectionist.ch\/fr\/produit\/yum-undress\/","title":{"rendered":"YUM UNDRESS"},"content":{"rendered":"","protected":false},"excerpt":{"rendered":"<p>Notre nettoyant pour pneus et caoutchouc peut \u00e9galement \u00eatre utilis\u00e9 sur les baies de moteur et tous les composants ext\u00e9rieurs en plastique. Ce produit a \u00e9t\u00e9 sp\u00e9cialement formul\u00e9 pour nettoyer en profondeur les pores et lib\u00e9rer la salet\u00e9, la graisse et les contaminants qui s&rsquo;accumulent sur les routes. Yum Undress agit rapidement et contient une quantit\u00e9 importante d&rsquo;agents nettoyants et de d\u00e9graissants afin d&rsquo;obtenir une surface parfaite pour <a href=\"https:\/\/yumcars.co.uk\/product\/yum-dress-v2\/\">Yum Dress.<\/a><\/p>\n<ul>\n<li>Nettoie en toute s\u00e9curit\u00e9 les caoutchoucs et les plastiques sans les dess\u00e9cher.<\/li>\n<li>La consistance \u00e9paisse du gel adh\u00e8re au pneu et p\u00e9n\u00e8tre profond\u00e9ment dans la paroi du pneu.<\/li>\n<li>Associez-le \u00e0 la brosse \u00e0 pneus pour obtenir les meilleurs r\u00e9sultats.<\/li>\n<\/ul>\n<p>Disponible en:<\/p>\n<ul>\n<li><strong>500 ml &#8211; 14.00 CHF<\/strong><\/li>\n<li><strong>5 litres &#8211; 80.00 CHF<\/strong><\/li>\n<\/ul>\n","protected":false},"featured_media":32032,"comment_status":"open","ping_status":"closed","template":"","meta":{"site-sidebar-layout":"default","site-content-layout":"default","ast-global-header-display":"","ast-banner-title-visibility":"","ast-main-header-display":"","ast-hfb-above-header-display":"","ast-hfb-below-header-display":"","ast-hfb-mobile-header-display":"","site-post-title":"","ast-breadcrumbs-content":"","ast-featured-img":"","footer-sml-layout":"","theme-transparent-header-meta":"default","adv-header-id-meta":"","stick-header-meta":"default","header-above-stick-meta":"","header-main-stick-meta":"","header-below-stick-meta":""},"product_cat":[122,107],"product_tag":[125],"class_list":["post-32272","product","type-product","status-publish","has-post-thumbnail","hentry","product_cat-wheels-tires-fr","product_cat-yum-cars-fr","product_tag-yum-cars-fr","desktop-align-left","tablet-align-center","mobile-align-left","ast-product-gallery-layout-horizontal-slider","ast-product-tabs-layout-horizontal"],"_links":{"self":[{"href":"https:\/\/perfectionist.ch\/fr\/wp-json\/wp\/v2\/product\/32272","targetHints":{"allow":["GET"]}}],"collection":[{"href":"https:\/\/perfectionist.ch\/fr\/wp-json\/wp\/v2\/product"}],"about":[{"href":"https:\/\/perfectionist.ch\/fr\/wp-json\/wp\/v2\/types\/product"}],"replies":[{"embeddable":true,"href":"https:\/\/perfectionist.ch\/fr\/wp-json\/wp\/v2\/comments?post=32272"}],"wp:featuredmedia":[{"embeddable":true,"href":"https:\/\/perfectionist.ch\/fr\/wp-json\/wp\/v2\/media\/32032"}],"wp:attachment":[{"href":"https:\/\/perfectionist.ch\/fr\/wp-json\/wp\/v2\/media?parent=32272"}],"wp:term":[{"taxonomy":"product_cat","embeddable":true,"href":"https:\/\/perfectionist.ch\/fr\/wp-json\/wp\/v2\/product_cat?post=32272"},{"taxonomy":"product_tag","embeddable":true,"href":"https:\/\/perfectionist.ch\/fr\/wp-json\/wp\/v2\/product_tag?post=32272"}],"curies":[{"name":"wp","href":"https:\/\/api.w.org\/{rel}","templated":true}]}}