{"id":32269,"date":"2023-06-20T13:20:11","date_gmt":"2023-06-20T11:20:11","guid":{"rendered":"https:\/\/perfectionist.ch\/product\/yum-glass\/"},"modified":"2023-08-30T13:39:55","modified_gmt":"2023-08-30T11:39:55","slug":"yum-glass","status":"publish","type":"product","link":"https:\/\/perfectionist.ch\/fr\/produit\/yum-glass\/","title":{"rendered":"YUM GLASS"},"content":{"rendered":"","protected":false},"excerpt":{"rendered":"<p>En tirant parti des nouvelles perc\u00e9es dans la technologie des polym\u00e8res, nous avons cr\u00e9\u00e9 un nettoyant pour vitres qui ne contient pas de produits chimiques nocifs ou agressifs. Yum Glass nettoie sans effort, m\u00eame dans des conditions difficiles, et contient des clarifiants optiques qui aident \u00e0 am\u00e9liorer la clart\u00e9 et la visibilit\u00e9.<\/p>\n<ul>\n<li>Il peut \u00eatre utilis\u00e9 en toute s\u00e9curit\u00e9 sur toutes les vitres teint\u00e9es d&rsquo;usine et d&rsquo;apr\u00e8s-vente.<\/li>\n<li>Fonctionne parfaitement sur les vitres int\u00e9rieures et ext\u00e9rieures.<\/li>\n<li>Formule stable aux UV.<\/li>\n<\/ul>\n<p>Disponible en:<\/p>\n<ul>\n<li><strong>500 ml &#8211; 15.00 CHF<br \/>\n<\/strong><\/li>\n<li><strong>5 litres &#8211; 100.00 CHF<br \/>\n<\/strong><\/li>\n<\/ul>\n","protected":false},"featured_media":32042,"comment_status":"open","ping_status":"closed","template":"","meta":{"site-sidebar-layout":"default","site-content-layout":"default","ast-global-header-display":"","ast-banner-title-visibility":"","ast-main-header-display":"","ast-hfb-above-header-display":"","ast-hfb-below-header-display":"","ast-hfb-mobile-header-display":"","site-post-title":"","ast-breadcrumbs-content":"","ast-featured-img":"","footer-sml-layout":"","theme-transparent-header-meta":"default","adv-header-id-meta":"","stick-header-meta":"default","header-above-stick-meta":"","header-main-stick-meta":"","header-below-stick-meta":""},"product_cat":[110,107],"product_tag":[125],"class_list":["post-32269","product","type-product","status-publish","has-post-thumbnail","hentry","product_cat-glass-yumcars-fr","product_cat-yum-cars-fr","product_tag-yum-cars-fr","desktop-align-left","tablet-align-center","mobile-align-left","ast-product-gallery-layout-horizontal-slider","ast-product-tabs-layout-horizontal"],"_links":{"self":[{"href":"https:\/\/perfectionist.ch\/fr\/wp-json\/wp\/v2\/product\/32269","targetHints":{"allow":["GET"]}}],"collection":[{"href":"https:\/\/perfectionist.ch\/fr\/wp-json\/wp\/v2\/product"}],"about":[{"href":"https:\/\/perfectionist.ch\/fr\/wp-json\/wp\/v2\/types\/product"}],"replies":[{"embeddable":true,"href":"https:\/\/perfectionist.ch\/fr\/wp-json\/wp\/v2\/comments?post=32269"}],"wp:featuredmedia":[{"embeddable":true,"href":"https:\/\/perfectionist.ch\/fr\/wp-json\/wp\/v2\/media\/32042"}],"wp:attachment":[{"href":"https:\/\/perfectionist.ch\/fr\/wp-json\/wp\/v2\/media?parent=32269"}],"wp:term":[{"taxonomy":"product_cat","embeddable":true,"href":"https:\/\/perfectionist.ch\/fr\/wp-json\/wp\/v2\/product_cat?post=32269"},{"taxonomy":"product_tag","embeddable":true,"href":"https:\/\/perfectionist.ch\/fr\/wp-json\/wp\/v2\/product_tag?post=32269"}],"curies":[{"name":"wp","href":"https:\/\/api.w.org\/{rel}","templated":true}]}}