{"id":32268,"date":"2023-06-21T12:57:16","date_gmt":"2023-06-21T10:57:16","guid":{"rendered":"https:\/\/perfectionist.ch\/product\/glass\/"},"modified":"2023-08-30T13:36:54","modified_gmt":"2023-08-30T11:36:54","slug":"glass","status":"publish","type":"product","link":"https:\/\/perfectionist.ch\/fr\/produit\/glass\/","title":{"rendered":"GLASS+"},"content":{"rendered":"","protected":false},"excerpt":{"rendered":"<p>Glass\u271a est un puissant rev\u00eatement hydrophobe qui a \u00e9t\u00e9 con\u00e7u pour repousser la salet\u00e9 et l&rsquo;eau, la faisant perler et rouler lors de la conduite \u00e0 grande vitesse sous une pluie battante, sans avoir recours aux essuie-glaces. La plupart des gens oublient les vitres lorsqu&rsquo;ils entretiennent leur voiture, cependant, les produits d&rsquo;\u00e9tanch\u00e9it\u00e9 pour les vitres sont tr\u00e8s importants car ils permettent de garder les vitres propres et d&rsquo;assurer une meilleure visibilit\u00e9 pendant la conduite.<\/p>\n<ul>\n<li>50ml Glass\u271a et applicateur inclus.<\/li>\n<li>A utiliser conjointement avec Yum Glass (non inclus).<\/li>\n<li>Permet aux vitres de rester propres plus longtemps.<\/li>\n<\/ul>\n<p><strong>26.00 CHF<\/strong><\/p>\n","protected":false},"featured_media":32033,"comment_status":"open","ping_status":"closed","template":"","meta":{"site-sidebar-layout":"default","site-content-layout":"default","ast-global-header-display":"","ast-banner-title-visibility":"","ast-main-header-display":"","ast-hfb-above-header-display":"","ast-hfb-below-header-display":"","ast-hfb-mobile-header-display":"","site-post-title":"","ast-breadcrumbs-content":"","ast-featured-img":"","footer-sml-layout":"","theme-transparent-header-meta":"default","adv-header-id-meta":"","stick-header-meta":"","header-above-stick-meta":"","header-main-stick-meta":"","header-below-stick-meta":""},"product_cat":[110,107],"product_tag":[125],"class_list":["post-32268","product","type-product","status-publish","has-post-thumbnail","hentry","product_cat-glass-yumcars-fr","product_cat-yum-cars-fr","product_tag-yum-cars-fr","desktop-align-left","tablet-align-center","mobile-align-left","ast-product-gallery-layout-horizontal-slider","ast-product-gallery-with-no-image","ast-product-tabs-layout-horizontal"],"_links":{"self":[{"href":"https:\/\/perfectionist.ch\/fr\/wp-json\/wp\/v2\/product\/32268","targetHints":{"allow":["GET"]}}],"collection":[{"href":"https:\/\/perfectionist.ch\/fr\/wp-json\/wp\/v2\/product"}],"about":[{"href":"https:\/\/perfectionist.ch\/fr\/wp-json\/wp\/v2\/types\/product"}],"replies":[{"embeddable":true,"href":"https:\/\/perfectionist.ch\/fr\/wp-json\/wp\/v2\/comments?post=32268"}],"wp:featuredmedia":[{"embeddable":true,"href":"https:\/\/perfectionist.ch\/fr\/wp-json\/wp\/v2\/media\/32033"}],"wp:attachment":[{"href":"https:\/\/perfectionist.ch\/fr\/wp-json\/wp\/v2\/media?parent=32268"}],"wp:term":[{"taxonomy":"product_cat","embeddable":true,"href":"https:\/\/perfectionist.ch\/fr\/wp-json\/wp\/v2\/product_cat?post=32268"},{"taxonomy":"product_tag","embeddable":true,"href":"https:\/\/perfectionist.ch\/fr\/wp-json\/wp\/v2\/product_tag?post=32268"}],"curies":[{"name":"wp","href":"https:\/\/api.w.org\/{rel}","templated":true}]}}