{"id":32263,"date":"2023-06-20T09:58:01","date_gmt":"2023-06-20T07:58:01","guid":{"rendered":"https:\/\/perfectionist.ch\/product\/yum-deodoriser\/"},"modified":"2023-08-30T13:18:47","modified_gmt":"2023-08-30T11:18:47","slug":"yum-deodoriser","status":"publish","type":"product","link":"https:\/\/perfectionist.ch\/fr\/produit\/yum-deodoriser\/","title":{"rendered":"YUM DEODORISER"},"content":{"rendered":"","protected":false},"excerpt":{"rendered":"<p>Nous avons cr\u00e9\u00e9 une formule de d\u00e9sodorisant tr\u00e8s efficace qui int\u00e8gre des capacit\u00e9s de neutralisation des odeurs. Cela permet d&rsquo;\u00e9liminer toutes les mauvaises odeurs de l&rsquo;int\u00e9rieur de votre v\u00e9hicule ou de tout autre espace int\u00e9rieur, avec de l&rsquo;air pur et un soup\u00e7on de citron. Ce parfum frais de citron zest\u00e9 vous mettra l&rsquo;eau \u00e0 la bouche.<\/p>\n<ul>\n<li>Fra\u00eecheur durable de l&rsquo;int\u00e9rieur.<\/li>\n<li>\u00c9limine les mauvaises odeurs au lieu de les masquer.<\/li>\n<li>Dure 10 fois plus longtemps que les d\u00e9sodorisants classiques \u00e0 suspendre.<\/li>\n<\/ul>\n<p><strong>15.00 CHF<\/strong><\/p>\n","protected":false},"featured_media":32048,"comment_status":"open","ping_status":"closed","template":"","meta":{"site-sidebar-layout":"default","site-content-layout":"default","ast-global-header-display":"","ast-banner-title-visibility":"","ast-main-header-display":"","ast-hfb-above-header-display":"","ast-hfb-below-header-display":"","ast-hfb-mobile-header-display":"","site-post-title":"","ast-breadcrumbs-content":"","ast-featured-img":"","footer-sml-layout":"","theme-transparent-header-meta":"default","adv-header-id-meta":"","stick-header-meta":"","header-above-stick-meta":"","header-main-stick-meta":"","header-below-stick-meta":""},"product_cat":[111,107],"product_tag":[125],"class_list":["post-32263","product","type-product","status-publish","has-post-thumbnail","hentry","product_cat-interior-yumcars-fr","product_cat-yum-cars-fr","product_tag-yum-cars-fr","desktop-align-left","tablet-align-center","mobile-align-left","ast-product-gallery-layout-horizontal-slider","ast-product-gallery-with-no-image","ast-product-tabs-layout-horizontal"],"_links":{"self":[{"href":"https:\/\/perfectionist.ch\/fr\/wp-json\/wp\/v2\/product\/32263","targetHints":{"allow":["GET"]}}],"collection":[{"href":"https:\/\/perfectionist.ch\/fr\/wp-json\/wp\/v2\/product"}],"about":[{"href":"https:\/\/perfectionist.ch\/fr\/wp-json\/wp\/v2\/types\/product"}],"replies":[{"embeddable":true,"href":"https:\/\/perfectionist.ch\/fr\/wp-json\/wp\/v2\/comments?post=32263"}],"wp:featuredmedia":[{"embeddable":true,"href":"https:\/\/perfectionist.ch\/fr\/wp-json\/wp\/v2\/media\/32048"}],"wp:attachment":[{"href":"https:\/\/perfectionist.ch\/fr\/wp-json\/wp\/v2\/media?parent=32263"}],"wp:term":[{"taxonomy":"product_cat","embeddable":true,"href":"https:\/\/perfectionist.ch\/fr\/wp-json\/wp\/v2\/product_cat?post=32263"},{"taxonomy":"product_tag","embeddable":true,"href":"https:\/\/perfectionist.ch\/fr\/wp-json\/wp\/v2\/product_tag?post=32263"}],"curies":[{"name":"wp","href":"https:\/\/api.w.org\/{rel}","templated":true}]}}