{"id":32260,"date":"2023-06-21T12:50:34","date_gmt":"2023-06-21T10:50:34","guid":{"rendered":"https:\/\/perfectionist.ch\/product\/yum-interior\/"},"modified":"2023-08-30T13:14:52","modified_gmt":"2023-08-30T11:14:52","slug":"yum-interior","status":"publish","type":"product","link":"https:\/\/perfectionist.ch\/fr\/produit\/yum-interior\/","title":{"rendered":"YUM INTERIOR"},"content":{"rendered":"","protected":false},"excerpt":{"rendered":"<p>Nous avons cr\u00e9\u00e9 le premier nettoyant complet pour l&rsquo;int\u00e9rieur, \u00e9liminant ainsi la n\u00e9cessit\u00e9 d&rsquo;utiliser 4 \u00e0 5 produits diff\u00e9rents pour effectuer la m\u00eame t\u00e2che. Ce produit polyvalent nettoie en toute s\u00e9curit\u00e9 l&rsquo;ensemble de l&rsquo;int\u00e9rieur sans avoir \u00e0 se soucier d&rsquo;endommager les mat\u00e9riaux sensibles avec des nettoyants agressifs.<\/p>\n<ul>\n<li>Sans danger pour les principales surfaces int\u00e9rieures des v\u00e9hicules.<\/li>\n<li>Ne contient pas de nettoyants ou de traitements agressifs.<\/li>\n<li>Redonne \u00e0 toutes les surfaces leur lustre d&rsquo;origine sans aucun sous-produit graisseux.<\/li>\n<\/ul>\n<p>Disponible en:<\/p>\n<ul>\n<li><strong>500 ml &#8211; 16.00 CHF<\/strong><\/li>\n<li><strong>5 litres &#8211; 85.00 CHF<\/strong><\/li>\n<\/ul>\n","protected":false},"featured_media":32034,"comment_status":"open","ping_status":"closed","template":"","meta":{"site-sidebar-layout":"default","site-content-layout":"default","ast-global-header-display":"","ast-banner-title-visibility":"","ast-main-header-display":"","ast-hfb-above-header-display":"","ast-hfb-below-header-display":"","ast-hfb-mobile-header-display":"","site-post-title":"","ast-breadcrumbs-content":"","ast-featured-img":"","footer-sml-layout":"","theme-transparent-header-meta":"default","adv-header-id-meta":"","stick-header-meta":"default","header-above-stick-meta":"","header-main-stick-meta":"","header-below-stick-meta":""},"product_cat":[111,107],"product_tag":[125],"class_list":["post-32260","product","type-product","status-publish","has-post-thumbnail","hentry","product_cat-interior-yumcars-fr","product_cat-yum-cars-fr","product_tag-yum-cars-fr","desktop-align-left","tablet-align-center","mobile-align-left","ast-product-gallery-layout-horizontal-slider","ast-product-tabs-layout-horizontal"],"_links":{"self":[{"href":"https:\/\/perfectionist.ch\/fr\/wp-json\/wp\/v2\/product\/32260","targetHints":{"allow":["GET"]}}],"collection":[{"href":"https:\/\/perfectionist.ch\/fr\/wp-json\/wp\/v2\/product"}],"about":[{"href":"https:\/\/perfectionist.ch\/fr\/wp-json\/wp\/v2\/types\/product"}],"replies":[{"embeddable":true,"href":"https:\/\/perfectionist.ch\/fr\/wp-json\/wp\/v2\/comments?post=32260"}],"wp:featuredmedia":[{"embeddable":true,"href":"https:\/\/perfectionist.ch\/fr\/wp-json\/wp\/v2\/media\/32034"}],"wp:attachment":[{"href":"https:\/\/perfectionist.ch\/fr\/wp-json\/wp\/v2\/media?parent=32260"}],"wp:term":[{"taxonomy":"product_cat","embeddable":true,"href":"https:\/\/perfectionist.ch\/fr\/wp-json\/wp\/v2\/product_cat?post=32260"},{"taxonomy":"product_tag","embeddable":true,"href":"https:\/\/perfectionist.ch\/fr\/wp-json\/wp\/v2\/product_tag?post=32260"}],"curies":[{"name":"wp","href":"https:\/\/api.w.org\/{rel}","templated":true}]}}