{"id":32257,"date":"2023-06-20T09:24:18","date_gmt":"2023-06-20T07:24:18","guid":{"rendered":"https:\/\/perfectionist.ch\/product\/yum-ceramic\/"},"modified":"2023-08-30T13:10:23","modified_gmt":"2023-08-30T11:10:23","slug":"yum-ceramic","status":"publish","type":"product","link":"https:\/\/perfectionist.ch\/fr\/produit\/yum-ceramic\/","title":{"rendered":"YUM CERAMIC\u00ae"},"content":{"rendered":"","protected":false},"excerpt":{"rendered":"<h3>SPRAY D\u2019\u00c9TANCH\u00c9IT\u00c9 C\u00c9RAMIQUE<\/h3>\n<h1>YUM CERAMIC\u00ae<\/h1>\n<p>Notre formule Yum Ceramic est fi\u00e8rement notre produit phare de la gamme, dont le nom est accompagn\u00e9 d&rsquo;une marque d\u00e9pos\u00e9e en raison de l&rsquo;important travail de formulation et du temps consacr\u00e9 \u00e0 ce produit. Yum Ceramic est ce que nous pensons \u00eatre la prochaine \u00e9volution des produits d&rsquo;\u00e9tanch\u00e9it\u00e9 en spray. Notre formule peut \u00eatre utilis\u00e9e en toute s\u00e9curit\u00e9 sur la peinture, le verre, le chrome et les garnitures, y compris les jantes en alliage. Pour une pr\u00e9paration correcte, nous conseillons un minimum de d\u00e9contamination chimique et m\u00e9canique. Id\u00e9alement, la meilleure application n\u00e9cessite une surface nue et enti\u00e8rement polie pour permettre une meilleure adh\u00e9rence.<\/p>\n<ul>\n<li>Lisse et brillant extr\u00eames.<\/li>\n<li>Peut \u00eatre utilis\u00e9 comme aide au s\u00e9chage protecteur.<\/li>\n<li>M\u00e9lang\u00e9 \u00e0 de multiples polym\u00e8res et r\u00e9sines pour renforcer la formule.<\/li>\n<\/ul>\n<p><span class=\"woocommerce-Price-currencySymbol\">Disponible en:<\/span><\/p>\n<ul>\n<li><strong><span class=\"woocommerce-Price-currencySymbol\">500 ml &#8211; 27.00 CHF<br \/>\n<\/span><\/strong><\/li>\n<li><strong>5 litres &#8211; 145.00 CHF<br \/>\n<\/strong><\/li>\n<\/ul>\n","protected":false},"featured_media":32047,"comment_status":"open","ping_status":"closed","template":"","meta":{"site-sidebar-layout":"default","site-content-layout":"default","ast-global-header-display":"","ast-banner-title-visibility":"","ast-main-header-display":"","ast-hfb-above-header-display":"","ast-hfb-below-header-display":"","ast-hfb-mobile-header-display":"","site-post-title":"","ast-breadcrumbs-content":"","ast-featured-img":"","footer-sml-layout":"","theme-transparent-header-meta":"default","adv-header-id-meta":"","stick-header-meta":"default","header-above-stick-meta":"","header-main-stick-meta":"","header-below-stick-meta":""},"product_cat":[119,107],"product_tag":[125],"class_list":["post-32257","product","type-product","status-publish","has-post-thumbnail","hentry","product_cat-quick-detailer-fr","product_cat-yum-cars-fr","product_tag-yum-cars-fr","desktop-align-left","tablet-align-center","mobile-align-left","ast-product-gallery-layout-horizontal-slider","ast-product-tabs-layout-horizontal"],"_links":{"self":[{"href":"https:\/\/perfectionist.ch\/fr\/wp-json\/wp\/v2\/product\/32257","targetHints":{"allow":["GET"]}}],"collection":[{"href":"https:\/\/perfectionist.ch\/fr\/wp-json\/wp\/v2\/product"}],"about":[{"href":"https:\/\/perfectionist.ch\/fr\/wp-json\/wp\/v2\/types\/product"}],"replies":[{"embeddable":true,"href":"https:\/\/perfectionist.ch\/fr\/wp-json\/wp\/v2\/comments?post=32257"}],"wp:featuredmedia":[{"embeddable":true,"href":"https:\/\/perfectionist.ch\/fr\/wp-json\/wp\/v2\/media\/32047"}],"wp:attachment":[{"href":"https:\/\/perfectionist.ch\/fr\/wp-json\/wp\/v2\/media?parent=32257"}],"wp:term":[{"taxonomy":"product_cat","embeddable":true,"href":"https:\/\/perfectionist.ch\/fr\/wp-json\/wp\/v2\/product_cat?post=32257"},{"taxonomy":"product_tag","embeddable":true,"href":"https:\/\/perfectionist.ch\/fr\/wp-json\/wp\/v2\/product_tag?post=32257"}],"curies":[{"name":"wp","href":"https:\/\/api.w.org\/{rel}","templated":true}]}}