{"id":32254,"date":"2023-06-20T12:13:05","date_gmt":"2023-06-20T10:13:05","guid":{"rendered":"https:\/\/perfectionist.ch\/product\/yum-detailer\/"},"modified":"2023-08-30T12:49:17","modified_gmt":"2023-08-30T10:49:17","slug":"yum-detailer","status":"publish","type":"product","link":"https:\/\/perfectionist.ch\/fr\/produit\/yum-detailer\/","title":{"rendered":"YUM DETAILER"},"content":{"rendered":"","protected":false},"excerpt":{"rendered":"<p>Avec ce produit, vous allez vous r\u00e9galer ! Il est consid\u00e9r\u00e9 dans le monde entier comme l&rsquo;un des meilleurs produits de sa cat\u00e9gorie. Le seul et unique objectif dans cette cat\u00e9gorie est la brillance et le lissage, et ce produit offre ces deux caract\u00e9ristiques, de mani\u00e8re exceptionnelle.<\/p>\n<ul>\n<li>Action polyvalente lors des \u00e9tapes finales du processus du detailing.<\/li>\n<li>Peut \u00eatre utilis\u00e9 \u00e0 la fois pour les applications humides et s\u00e8ches.<\/li>\n<li>Ce produit excelle vraiment dans les \u00e9tapes d&rsquo;aide au s\u00e9chage lorsque vous s\u00e9chez votre voiture.<\/li>\n<\/ul>\n<p>Disponible en:<\/p>\n<ul>\n<li><strong>500 ml &#8211; 18.00 CHF<br \/>\n<\/strong><\/li>\n<li><strong>5 litres &#8211; 95.00 CHF<br \/>\n<\/strong><\/li>\n<\/ul>\n","protected":false},"featured_media":32045,"comment_status":"open","ping_status":"closed","template":"","meta":{"site-sidebar-layout":"default","site-content-layout":"default","ast-global-header-display":"","ast-banner-title-visibility":"","ast-main-header-display":"","ast-hfb-above-header-display":"","ast-hfb-below-header-display":"","ast-hfb-mobile-header-display":"","site-post-title":"","ast-breadcrumbs-content":"","ast-featured-img":"","footer-sml-layout":"","theme-transparent-header-meta":"default","adv-header-id-meta":"","stick-header-meta":"default","header-above-stick-meta":"","header-main-stick-meta":"","header-below-stick-meta":""},"product_cat":[119,107],"product_tag":[125],"class_list":["post-32254","product","type-product","status-publish","has-post-thumbnail","hentry","product_cat-quick-detailer-fr","product_cat-yum-cars-fr","product_tag-yum-cars-fr","desktop-align-left","tablet-align-center","mobile-align-left","ast-product-gallery-layout-horizontal-slider","ast-product-tabs-layout-horizontal"],"_links":{"self":[{"href":"https:\/\/perfectionist.ch\/fr\/wp-json\/wp\/v2\/product\/32254","targetHints":{"allow":["GET"]}}],"collection":[{"href":"https:\/\/perfectionist.ch\/fr\/wp-json\/wp\/v2\/product"}],"about":[{"href":"https:\/\/perfectionist.ch\/fr\/wp-json\/wp\/v2\/types\/product"}],"replies":[{"embeddable":true,"href":"https:\/\/perfectionist.ch\/fr\/wp-json\/wp\/v2\/comments?post=32254"}],"wp:featuredmedia":[{"embeddable":true,"href":"https:\/\/perfectionist.ch\/fr\/wp-json\/wp\/v2\/media\/32045"}],"wp:attachment":[{"href":"https:\/\/perfectionist.ch\/fr\/wp-json\/wp\/v2\/media?parent=32254"}],"wp:term":[{"taxonomy":"product_cat","embeddable":true,"href":"https:\/\/perfectionist.ch\/fr\/wp-json\/wp\/v2\/product_cat?post=32254"},{"taxonomy":"product_tag","embeddable":true,"href":"https:\/\/perfectionist.ch\/fr\/wp-json\/wp\/v2\/product_tag?post=32254"}],"curies":[{"name":"wp","href":"https:\/\/api.w.org\/{rel}","templated":true}]}}