{"id":32250,"date":"2023-06-21T12:39:01","date_gmt":"2023-06-21T10:39:01","guid":{"rendered":"https:\/\/perfectionist.ch\/product\/yum-citrus\/"},"modified":"2023-08-30T12:44:28","modified_gmt":"2023-08-30T10:44:28","slug":"yum-citrus","status":"publish","type":"product","link":"https:\/\/perfectionist.ch\/fr\/produit\/yum-citrus\/","title":{"rendered":"YUM CITRUS"},"content":{"rendered":"","protected":false},"excerpt":{"rendered":"<p>Il s&rsquo;agit d&rsquo;un nettoyant puissant et concentr\u00e9, sp\u00e9cialement con\u00e7u pour \u00e9liminer et lib\u00e9rer la salet\u00e9, la graisse, la crasse et les insectes de votre v\u00e9hicule avant le processus de lavage. Il a \u00e9t\u00e9 d\u00e9velopp\u00e9 pour nos clients, non seulement pour faciliter le processus de pr\u00e9lavage, mais aussi pour renforcer d&rsquo;autres \u00e9l\u00e9ments du processus d&rsquo;esth\u00e9tique, tels que les retouches dans le compartiment moteur, le nettoyage des montants de porte et l&rsquo;agitation de l&rsquo;espace entre les panneaux.<\/p>\n<ul>\n<li>Peut \u00eatre utilis\u00e9 sans danger sur les finitions en couches transparentes, les montants de porte, les baies de moteur, les caoutchoucs et plus encore.<\/li>\n<li>Peut \u00eatre largement utilis\u00e9 sur une gamme de surfaces ext\u00e9rieures peintes.<\/li>\n<li>Peut \u00eatre fortement dilu\u00e9 si n\u00e9cessaire pour des t\u00e2ches de nettoyage plus l\u00e9g\u00e8res.<\/li>\n<\/ul>\n<p>Disponible en:<\/p>\n<ul>\n<li><strong>500 ml &#8211; 14.00 CHF<\/strong><\/li>\n<li><strong>5 litres &#8211; 80.00 CHF<\/strong><\/li>\n<\/ul>\n","protected":false},"featured_media":32035,"comment_status":"open","ping_status":"closed","template":"","meta":{"site-sidebar-layout":"default","site-content-layout":"default","ast-global-header-display":"","ast-banner-title-visibility":"","ast-main-header-display":"","ast-hfb-above-header-display":"","ast-hfb-below-header-display":"","ast-hfb-mobile-header-display":"","site-post-title":"","ast-breadcrumbs-content":"","ast-featured-img":"","footer-sml-layout":"","theme-transparent-header-meta":"default","adv-header-id-meta":"","stick-header-meta":"default","header-above-stick-meta":"","header-main-stick-meta":"","header-below-stick-meta":""},"product_cat":[117,107],"product_tag":[125],"class_list":["post-32250","product","type-product","status-publish","has-post-thumbnail","hentry","product_cat-pre-cleaner-fr","product_cat-yum-cars-fr","product_tag-yum-cars-fr","desktop-align-left","tablet-align-center","mobile-align-left","ast-product-gallery-layout-horizontal-slider","ast-product-tabs-layout-horizontal"],"_links":{"self":[{"href":"https:\/\/perfectionist.ch\/fr\/wp-json\/wp\/v2\/product\/32250","targetHints":{"allow":["GET"]}}],"collection":[{"href":"https:\/\/perfectionist.ch\/fr\/wp-json\/wp\/v2\/product"}],"about":[{"href":"https:\/\/perfectionist.ch\/fr\/wp-json\/wp\/v2\/types\/product"}],"replies":[{"embeddable":true,"href":"https:\/\/perfectionist.ch\/fr\/wp-json\/wp\/v2\/comments?post=32250"}],"wp:featuredmedia":[{"embeddable":true,"href":"https:\/\/perfectionist.ch\/fr\/wp-json\/wp\/v2\/media\/32035"}],"wp:attachment":[{"href":"https:\/\/perfectionist.ch\/fr\/wp-json\/wp\/v2\/media?parent=32250"}],"wp:term":[{"taxonomy":"product_cat","embeddable":true,"href":"https:\/\/perfectionist.ch\/fr\/wp-json\/wp\/v2\/product_cat?post=32250"},{"taxonomy":"product_tag","embeddable":true,"href":"https:\/\/perfectionist.ch\/fr\/wp-json\/wp\/v2\/product_tag?post=32250"}],"curies":[{"name":"wp","href":"https:\/\/api.w.org\/{rel}","templated":true}]}}