{"id":32247,"date":"2023-06-21T12:30:57","date_gmt":"2023-06-21T10:30:57","guid":{"rendered":"https:\/\/perfectionist.ch\/product\/yum-wash\/"},"modified":"2023-08-30T12:39:49","modified_gmt":"2023-08-30T10:39:49","slug":"yum-wash","status":"publish","type":"product","link":"https:\/\/perfectionist.ch\/fr\/produit\/yum-wash\/","title":{"rendered":"YUM WASH"},"content":{"rendered":"","protected":false},"excerpt":{"rendered":"<p>Notre shampoing pour voiture a un pH de 7, ce qui permet de l&rsquo;utiliser en toute s\u00e9curit\u00e9 sur tous les types de peintures, ainsi que sur toutes les surfaces ext\u00e9rieures telles que le verre, les rev\u00eatements en vinyle, pour n&rsquo;en citer que quelques-unes. Yum Wash a une consistance liquide tr\u00e8s \u00e9paisse qui cr\u00e9e une \u00e9norme quantit\u00e9 de mousse et de lubrification pour \u00e9liminer en toute s\u00e9curit\u00e9 le film de circulation, la salet\u00e9 de la route, la crasse, le pollen et d&rsquo;autres contaminants, sans retirer ou compromettre la protection de la cire ou de l&rsquo;agent d&rsquo;\u00e9tanch\u00e9it\u00e9.<\/p>\n<ul>\n<li>Peut \u00eatre utilis\u00e9 sur toutes les surfaces ext\u00e9rieures des v\u00e9hicules.<\/li>\n<li>Formule ultra-glissante qui se rince facilement.<\/li>\n<li>Peut \u00eatre lav\u00e9 \u00e0 la main et au canon \u00e0 mousse.<\/li>\n<\/ul>\n<p>T\u00e9l\u00e9chargez la fiche de donn\u00e9es de s\u00e9curit\u00e9<\/p>\n<ul>\n<li><strong>Disponible en:<\/strong><\/li>\n<li><strong>5 litres &#8211; 85.00 CHF<\/strong><\/li>\n<\/ul>\n","protected":false},"featured_media":32036,"comment_status":"open","ping_status":"closed","template":"","meta":{"site-sidebar-layout":"default","site-content-layout":"default","ast-global-header-display":"","ast-banner-title-visibility":"","ast-main-header-display":"","ast-hfb-above-header-display":"","ast-hfb-below-header-display":"","ast-hfb-mobile-header-display":"","site-post-title":"","ast-breadcrumbs-content":"","ast-featured-img":"","footer-sml-layout":"","theme-transparent-header-meta":"default","adv-header-id-meta":"","stick-header-meta":"default","header-above-stick-meta":"","header-main-stick-meta":"","header-below-stick-meta":""},"product_cat":[109,107],"product_tag":[125],"class_list":["post-32247","product","type-product","status-publish","has-post-thumbnail","hentry","product_cat-exterior-yumcars-fr","product_cat-yum-cars-fr","product_tag-yum-cars-fr","desktop-align-left","tablet-align-center","mobile-align-left","ast-product-gallery-layout-horizontal-slider","ast-product-tabs-layout-horizontal"],"_links":{"self":[{"href":"https:\/\/perfectionist.ch\/fr\/wp-json\/wp\/v2\/product\/32247","targetHints":{"allow":["GET"]}}],"collection":[{"href":"https:\/\/perfectionist.ch\/fr\/wp-json\/wp\/v2\/product"}],"about":[{"href":"https:\/\/perfectionist.ch\/fr\/wp-json\/wp\/v2\/types\/product"}],"replies":[{"embeddable":true,"href":"https:\/\/perfectionist.ch\/fr\/wp-json\/wp\/v2\/comments?post=32247"}],"wp:featuredmedia":[{"embeddable":true,"href":"https:\/\/perfectionist.ch\/fr\/wp-json\/wp\/v2\/media\/32036"}],"wp:attachment":[{"href":"https:\/\/perfectionist.ch\/fr\/wp-json\/wp\/v2\/media?parent=32247"}],"wp:term":[{"taxonomy":"product_cat","embeddable":true,"href":"https:\/\/perfectionist.ch\/fr\/wp-json\/wp\/v2\/product_cat?post=32247"},{"taxonomy":"product_tag","embeddable":true,"href":"https:\/\/perfectionist.ch\/fr\/wp-json\/wp\/v2\/product_tag?post=32247"}],"curies":[{"name":"wp","href":"https:\/\/api.w.org\/{rel}","templated":true}]}}