{"id":32244,"date":"2023-06-21T12:11:48","date_gmt":"2023-06-21T10:11:48","guid":{"rendered":"https:\/\/perfectionist.ch\/product\/yum-foam\/"},"modified":"2023-08-30T12:34:39","modified_gmt":"2023-08-30T10:34:39","slug":"yum-foam","status":"publish","type":"product","link":"https:\/\/perfectionist.ch\/fr\/produit\/yum-foam\/","title":{"rendered":"YUM FOAM"},"content":{"rendered":"","protected":false},"excerpt":{"rendered":"<p>Notre formulation sp\u00e9ciale de pr\u00e9lavage rend ce traitement sans contact chimiquement parfait et, surtout, s\u00fbr. L&rsquo;une des principales diff\u00e9rences de notre pr\u00e9lavage est que nous avons consid\u00e9rablement r\u00e9duit certains agents lubrifiants afin d&rsquo;augmenter les propri\u00e9t\u00e9s de nettoyage.<\/p>\n<ul>\n<li>Peut \u00eatre utilis\u00e9 en toute s\u00e9curit\u00e9 sur toutes les surfaces peintes, en vinyle et en verre.<\/li>\n<li>N&rsquo;enl\u00e8ve pas la cire ou le produit d&rsquo;\u00e9tanch\u00e9it\u00e9 existant.<\/li>\n<li>\u00c9mulsionne la salet\u00e9 et la crasse, ce qui permet de la d\u00e9coller d\u00e9licatement de la surface lors de l&rsquo;\u00e9tape de rin\u00e7age.<\/li>\n<\/ul>\n<p>Disponible en:<\/p>\n<ul>\n<li><strong>500 ml &#8211; 14.00 CHF<\/strong><\/li>\n<li><strong>5 litres &#8211; 80.00 CHF<\/strong><\/li>\n<\/ul>\n","protected":false},"featured_media":32038,"comment_status":"open","ping_status":"closed","template":"","meta":{"site-sidebar-layout":"default","site-content-layout":"default","ast-global-header-display":"","ast-banner-title-visibility":"","ast-main-header-display":"","ast-hfb-above-header-display":"","ast-hfb-below-header-display":"","ast-hfb-mobile-header-display":"","site-post-title":"","ast-breadcrumbs-content":"","ast-featured-img":"","footer-sml-layout":"","theme-transparent-header-meta":"default","adv-header-id-meta":"","stick-header-meta":"default","header-above-stick-meta":"","header-main-stick-meta":"","header-below-stick-meta":""},"product_cat":[109,107],"product_tag":[125],"class_list":["post-32244","product","type-product","status-publish","has-post-thumbnail","hentry","product_cat-exterior-yumcars-fr","product_cat-yum-cars-fr","product_tag-yum-cars-fr","desktop-align-left","tablet-align-center","mobile-align-left","ast-product-gallery-layout-horizontal-slider","ast-product-tabs-layout-horizontal"],"_links":{"self":[{"href":"https:\/\/perfectionist.ch\/fr\/wp-json\/wp\/v2\/product\/32244","targetHints":{"allow":["GET"]}}],"collection":[{"href":"https:\/\/perfectionist.ch\/fr\/wp-json\/wp\/v2\/product"}],"about":[{"href":"https:\/\/perfectionist.ch\/fr\/wp-json\/wp\/v2\/types\/product"}],"replies":[{"embeddable":true,"href":"https:\/\/perfectionist.ch\/fr\/wp-json\/wp\/v2\/comments?post=32244"}],"wp:featuredmedia":[{"embeddable":true,"href":"https:\/\/perfectionist.ch\/fr\/wp-json\/wp\/v2\/media\/32038"}],"wp:attachment":[{"href":"https:\/\/perfectionist.ch\/fr\/wp-json\/wp\/v2\/media?parent=32244"}],"wp:term":[{"taxonomy":"product_cat","embeddable":true,"href":"https:\/\/perfectionist.ch\/fr\/wp-json\/wp\/v2\/product_cat?post=32244"},{"taxonomy":"product_tag","embeddable":true,"href":"https:\/\/perfectionist.ch\/fr\/wp-json\/wp\/v2\/product_tag?post=32244"}],"curies":[{"name":"wp","href":"https:\/\/api.w.org\/{rel}","templated":true}]}}