{"id":32239,"date":"2023-06-02T13:40:45","date_gmt":"2023-06-02T11:40:45","guid":{"rendered":"https:\/\/perfectionist.ch\/product\/drying-duo-large\/"},"modified":"2023-06-02T13:40:45","modified_gmt":"2023-06-02T11:40:45","slug":"drying-duo-large","status":"publish","type":"product","link":"https:\/\/perfectionist.ch\/fr\/produit\/drying-duo-large\/","title":{"rendered":"DRYING DUO \u2013 LARGE"},"content":{"rendered":"","protected":false},"excerpt":{"rendered":"<p>La Drying Duo est vraiment une serviette qui va changer votre vision de la qualit\u00e9 des mat\u00e9riaux et de la fabrication en mati\u00e8re de microfibre. Cette serviette de s\u00e9chage en microfibre torsad\u00e9e \u00e0 double couche est cousue \u00e0 l\u2019int\u00e9rieur sans bordure ext\u00e9rieur. Extr\u00eamement absorbante, elle mesure 90\u00d770 cm. Livr\u00e9e dans un emballage scell\u00e9 pour \u00e9liminer les contaminants \u00e9trangers. Une serviette sans rayures que vous tenez par chaque coin et que vous tirez sur les surfaces mouill\u00e9es, sans avoir \u00e0 exercer de pression sur la peinture.<\/p>\n<p><b>UTILISATION<\/b>: Ouvrir compl\u00e8tement la serviette et la poser sur une surface fra\u00eechement lav\u00e9e et exempte de contaminants. Tirez d\u2019un c\u00f4t\u00e9 \u00e0 l\u2019autre. Les portes, les ailes, les pare-chocs et les capots arri\u00e8re b\u00e9n\u00e9ficient de la \u00ab technique Matador \u00bb.<\/p>\n<p><strong> <\/strong><strong>LARGE (80x75cm) \u2013 45.00 CHF<br \/>\n<\/strong><\/p>\n","protected":false},"featured_media":2958,"comment_status":"open","ping_status":"closed","template":"","meta":{"site-sidebar-layout":"default","site-content-layout":"default","ast-global-header-display":"","ast-banner-title-visibility":"","ast-main-header-display":"","ast-hfb-above-header-display":"","ast-hfb-below-header-display":"","ast-hfb-mobile-header-display":"","site-post-title":"","ast-breadcrumbs-content":"","ast-featured-img":"","footer-sml-layout":"","theme-transparent-header-meta":"default","adv-header-id-meta":"","stick-header-meta":"","header-above-stick-meta":"","header-main-stick-meta":"","header-below-stick-meta":""},"product_cat":[96,97],"product_tag":[124],"class_list":["post-32239","product","type-product","status-publish","has-post-thumbnail","hentry","product_cat-kln-korea-fr","product_cat-drying-fr","product_tag-kln-korea-fr","desktop-align-left","tablet-align-center","mobile-align-left","ast-product-gallery-layout-horizontal-slider","ast-product-gallery-with-no-image","ast-product-tabs-layout-horizontal"],"_links":{"self":[{"href":"https:\/\/perfectionist.ch\/fr\/wp-json\/wp\/v2\/product\/32239","targetHints":{"allow":["GET"]}}],"collection":[{"href":"https:\/\/perfectionist.ch\/fr\/wp-json\/wp\/v2\/product"}],"about":[{"href":"https:\/\/perfectionist.ch\/fr\/wp-json\/wp\/v2\/types\/product"}],"replies":[{"embeddable":true,"href":"https:\/\/perfectionist.ch\/fr\/wp-json\/wp\/v2\/comments?post=32239"}],"wp:featuredmedia":[{"embeddable":true,"href":"https:\/\/perfectionist.ch\/fr\/wp-json\/wp\/v2\/media\/2958"}],"wp:attachment":[{"href":"https:\/\/perfectionist.ch\/fr\/wp-json\/wp\/v2\/media?parent=32239"}],"wp:term":[{"taxonomy":"product_cat","embeddable":true,"href":"https:\/\/perfectionist.ch\/fr\/wp-json\/wp\/v2\/product_cat?post=32239"},{"taxonomy":"product_tag","embeddable":true,"href":"https:\/\/perfectionist.ch\/fr\/wp-json\/wp\/v2\/product_tag?post=32239"}],"curies":[{"name":"wp","href":"https:\/\/api.w.org\/{rel}","templated":true}]}}