{"id":32238,"date":"2023-06-02T13:41:11","date_gmt":"2023-06-02T11:41:11","guid":{"rendered":"https:\/\/perfectionist.ch\/product\/drying-zero-medium\/"},"modified":"2023-06-02T13:41:11","modified_gmt":"2023-06-02T11:41:11","slug":"drying-zero-medium","status":"publish","type":"product","link":"https:\/\/perfectionist.ch\/fr\/produit\/drying-zero-medium\/","title":{"rendered":"DRYING ZERO \u2013 MEDIUM"},"content":{"rendered":"","protected":false},"excerpt":{"rendered":"<p>\u00c9tonnante serviette de s\u00e9chage \u00e0 une seule couche et \u00e0 un seul c\u00f4t\u00e9, de type Twist. Une absorption d\u2019eau exceptionnelle sans le poids d\u2019une serviette double face. Convient pour s\u00e9cher l\u2019exc\u00e8s d\u2019eau de la majorit\u00e9 des types de finition de peinture.<\/p>\n<p>Recommand\u00e9 pour :<\/p>\n<ul>\n<li><span lang=\"DE-CH\">S<\/span>\u00e9chage sans effort de la peinture<\/li>\n<li>Processus de lavage sans rin\u00e7age\/sans eau comme serviette s\u00e8che finale.<\/li>\n<\/ul>\n<p><strong>MEDIUM \u2013 24.00 CHF<br \/>\n<\/strong><\/p>\n","protected":false},"featured_media":30839,"comment_status":"open","ping_status":"closed","template":"","meta":{"site-sidebar-layout":"default","site-content-layout":"default","ast-global-header-display":"","ast-banner-title-visibility":"","ast-main-header-display":"","ast-hfb-above-header-display":"","ast-hfb-below-header-display":"","ast-hfb-mobile-header-display":"","site-post-title":"","ast-breadcrumbs-content":"","ast-featured-img":"","footer-sml-layout":"","theme-transparent-header-meta":"default","adv-header-id-meta":"","stick-header-meta":"default","header-above-stick-meta":"","header-main-stick-meta":"","header-below-stick-meta":""},"product_cat":[96,97],"product_tag":[124],"class_list":["post-32238","product","type-product","status-publish","has-post-thumbnail","hentry","product_cat-kln-korea-fr","product_cat-drying-fr","product_tag-kln-korea-fr","desktop-align-left","tablet-align-center","mobile-align-left","ast-product-gallery-layout-horizontal-slider","ast-product-gallery-with-no-image","ast-product-tabs-layout-horizontal"],"_links":{"self":[{"href":"https:\/\/perfectionist.ch\/fr\/wp-json\/wp\/v2\/product\/32238","targetHints":{"allow":["GET"]}}],"collection":[{"href":"https:\/\/perfectionist.ch\/fr\/wp-json\/wp\/v2\/product"}],"about":[{"href":"https:\/\/perfectionist.ch\/fr\/wp-json\/wp\/v2\/types\/product"}],"replies":[{"embeddable":true,"href":"https:\/\/perfectionist.ch\/fr\/wp-json\/wp\/v2\/comments?post=32238"}],"wp:featuredmedia":[{"embeddable":true,"href":"https:\/\/perfectionist.ch\/fr\/wp-json\/wp\/v2\/media\/30839"}],"wp:attachment":[{"href":"https:\/\/perfectionist.ch\/fr\/wp-json\/wp\/v2\/media?parent=32238"}],"wp:term":[{"taxonomy":"product_cat","embeddable":true,"href":"https:\/\/perfectionist.ch\/fr\/wp-json\/wp\/v2\/product_cat?post=32238"},{"taxonomy":"product_tag","embeddable":true,"href":"https:\/\/perfectionist.ch\/fr\/wp-json\/wp\/v2\/product_tag?post=32238"}],"curies":[{"name":"wp","href":"https:\/\/api.w.org\/{rel}","templated":true}]}}