{"id":32237,"date":"2023-06-02T13:41:52","date_gmt":"2023-06-02T11:41:52","guid":{"rendered":"https:\/\/perfectionist.ch\/product\/buffing-king\/"},"modified":"2023-06-02T13:41:52","modified_gmt":"2023-06-02T11:41:52","slug":"buffing-king","status":"publish","type":"product","link":"https:\/\/perfectionist.ch\/fr\/produit\/buffing-king\/","title":{"rendered":"BUFFING KING"},"content":{"rendered":"","protected":false},"excerpt":{"rendered":"<p>Buffing King\u2026 Que pouvons-nous dire d\u2019autre sur cette serviette\u2026 C\u2019est un roi dans une classe \u00e0 part. Avec ses 1000GSM, l\u2019\u00e9paisseur, la douceur et la qualit\u00e9 de fabrication de ce linge ne ressemblent \u00e0 rien de ce que vous avez d\u00e9j\u00e0 utilis\u00e9. Il est difficile de trouver une serviette dans cette cat\u00e9gorie, car elle est vraiment unique. M\u00eame les peintures les plus douces ne sont pas \u00e0 la hauteur de cette serviette.<\/p>\n<p>Utilisez-la comme serviette pour enlever le vernis, comme serviette de nettoyage rapide ou comme serviette de lavage sans eau, votre peinture n\u2019aura jamais \u00e9t\u00e9 aussi s\u00fbre.<\/p>\n<p> <strong> 16.00 <\/strong><strong>CHF<br \/>\n<\/strong><\/p>\n","protected":false},"featured_media":28939,"comment_status":"open","ping_status":"closed","template":"","meta":{"site-sidebar-layout":"default","site-content-layout":"default","ast-global-header-display":"","ast-banner-title-visibility":"","ast-main-header-display":"","ast-hfb-above-header-display":"","ast-hfb-below-header-display":"","ast-hfb-mobile-header-display":"","site-post-title":"","ast-breadcrumbs-content":"","ast-featured-img":"","footer-sml-layout":"","theme-transparent-header-meta":"default","adv-header-id-meta":"","stick-header-meta":"","header-above-stick-meta":"","header-main-stick-meta":"","header-below-stick-meta":""},"product_cat":[99,96],"product_tag":[124],"class_list":["post-32237","product","type-product","status-publish","has-post-thumbnail","hentry","product_cat-finishing-fr","product_cat-kln-korea-fr","product_tag-kln-korea-fr","desktop-align-left","tablet-align-center","mobile-align-left","ast-product-gallery-layout-horizontal-slider","ast-product-tabs-layout-horizontal"],"_links":{"self":[{"href":"https:\/\/perfectionist.ch\/fr\/wp-json\/wp\/v2\/product\/32237","targetHints":{"allow":["GET"]}}],"collection":[{"href":"https:\/\/perfectionist.ch\/fr\/wp-json\/wp\/v2\/product"}],"about":[{"href":"https:\/\/perfectionist.ch\/fr\/wp-json\/wp\/v2\/types\/product"}],"replies":[{"embeddable":true,"href":"https:\/\/perfectionist.ch\/fr\/wp-json\/wp\/v2\/comments?post=32237"}],"wp:featuredmedia":[{"embeddable":true,"href":"https:\/\/perfectionist.ch\/fr\/wp-json\/wp\/v2\/media\/28939"}],"wp:attachment":[{"href":"https:\/\/perfectionist.ch\/fr\/wp-json\/wp\/v2\/media?parent=32237"}],"wp:term":[{"taxonomy":"product_cat","embeddable":true,"href":"https:\/\/perfectionist.ch\/fr\/wp-json\/wp\/v2\/product_cat?post=32237"},{"taxonomy":"product_tag","embeddable":true,"href":"https:\/\/perfectionist.ch\/fr\/wp-json\/wp\/v2\/product_tag?post=32237"}],"curies":[{"name":"wp","href":"https:\/\/api.w.org\/{rel}","templated":true}]}}