{"id":32236,"date":"2023-06-02T13:42:19","date_gmt":"2023-06-02T11:42:19","guid":{"rendered":"https:\/\/perfectionist.ch\/product\/plush-2-pack\/"},"modified":"2024-07-01T09:36:37","modified_gmt":"2024-07-01T07:36:37","slug":"plush-2-pack","status":"publish","type":"product","link":"https:\/\/perfectionist.ch\/fr\/produit\/plush-2-pack\/","title":{"rendered":"PLUSH+ \u2013 2 PACK"},"content":{"rendered":"","protected":false},"excerpt":{"rendered":"<p>Cette derni\u00e8re version de la PLUSH+ est la v\u00e9ritable d\u00e9finition de ce qu\u2019est une serviette de 500GSM. L\u2019\u00e9paisseur, la douceur et la qualit\u00e9 de fabrication de cette serviette sont in\u00e9gal\u00e9es par toute autre. La vraie diff\u00e9rence ne se voit pas, mais se ressent lorsqu\u2019elle touche la peinture. Cette serviette est de la meilleure qualit\u00e9 possible, avec des bords coup\u00e9s par ultrasons, des fibres ultra pelucheuses \u00e0 l\u2019avant et \u00e0 l\u2019arri\u00e8re, il n\u2019est pas surprenant qu\u2019elle devienne rapidement un \u00ab favori \u00bb. Elle est excellente pour enlever le vernis, la cire, et toute sorte de travail de d\u00e9tail par pulv\u00e9risation que vous pouvez avoir.<\/p>\n<p> <strong> 15.00 <\/strong><strong>CHF<br \/>\n<\/strong><\/p>\n","protected":false},"featured_media":30840,"comment_status":"open","ping_status":"closed","template":"","meta":{"site-sidebar-layout":"default","site-content-layout":"default","ast-global-header-display":"","ast-banner-title-visibility":"","ast-main-header-display":"","ast-hfb-above-header-display":"","ast-hfb-below-header-display":"","ast-hfb-mobile-header-display":"","site-post-title":"","ast-breadcrumbs-content":"","ast-featured-img":"","footer-sml-layout":"","theme-transparent-header-meta":"default","adv-header-id-meta":"","stick-header-meta":"","header-above-stick-meta":"","header-main-stick-meta":"","header-below-stick-meta":""},"product_cat":[99,96],"product_tag":[124],"class_list":["post-32236","product","type-product","status-publish","has-post-thumbnail","hentry","product_cat-finishing-fr","product_cat-kln-korea-fr","product_tag-kln-korea-fr","desktop-align-left","tablet-align-center","mobile-align-left","ast-product-gallery-layout-horizontal-slider","ast-product-tabs-layout-horizontal"],"_links":{"self":[{"href":"https:\/\/perfectionist.ch\/fr\/wp-json\/wp\/v2\/product\/32236","targetHints":{"allow":["GET"]}}],"collection":[{"href":"https:\/\/perfectionist.ch\/fr\/wp-json\/wp\/v2\/product"}],"about":[{"href":"https:\/\/perfectionist.ch\/fr\/wp-json\/wp\/v2\/types\/product"}],"replies":[{"embeddable":true,"href":"https:\/\/perfectionist.ch\/fr\/wp-json\/wp\/v2\/comments?post=32236"}],"wp:featuredmedia":[{"embeddable":true,"href":"https:\/\/perfectionist.ch\/fr\/wp-json\/wp\/v2\/media\/30840"}],"wp:attachment":[{"href":"https:\/\/perfectionist.ch\/fr\/wp-json\/wp\/v2\/media?parent=32236"}],"wp:term":[{"taxonomy":"product_cat","embeddable":true,"href":"https:\/\/perfectionist.ch\/fr\/wp-json\/wp\/v2\/product_cat?post=32236"},{"taxonomy":"product_tag","embeddable":true,"href":"https:\/\/perfectionist.ch\/fr\/wp-json\/wp\/v2\/product_tag?post=32236"}],"curies":[{"name":"wp","href":"https:\/\/api.w.org\/{rel}","templated":true}]}}