{"id":32232,"date":"2023-06-02T13:44:24","date_gmt":"2023-06-02T11:44:24","guid":{"rendered":"https:\/\/perfectionist.ch\/product\/premium-bubble-2-pack\/"},"modified":"2023-06-02T13:44:24","modified_gmt":"2023-06-02T11:44:24","slug":"premium-bubble-2-pack","status":"publish","type":"product","link":"https:\/\/perfectionist.ch\/fr\/produit\/premium-bubble-2-pack\/","title":{"rendered":"PREMIUM BUBBLE \u2013 2 PACK"},"content":{"rendered":"","protected":false},"excerpt":{"rendered":"<p>Ces serviettes en microfibres tr\u00e8s douces en forme de bulles sont parfaites pour toutes les applications automobiles int\u00e9rieures. Elles fonctionnent parfaitement sur tous les panneaux de garniture, les tableaux de bord, les si\u00e8ges en cuir et les plastiques. Ce produit est vendu en pack de 2 et contient une serviette blanche et une serviette bleue pour vous permettre de vous souvenir plus facilement de l\u2019usage que vous en faites.<\/p>\n<p> <strong> 14.00 <\/strong><strong>CHF<br \/>\n<\/strong><\/p>\n","protected":false},"featured_media":28946,"comment_status":"open","ping_status":"closed","template":"","meta":{"site-sidebar-layout":"default","site-content-layout":"default","ast-global-header-display":"","ast-banner-title-visibility":"","ast-main-header-display":"","ast-hfb-above-header-display":"","ast-hfb-below-header-display":"","ast-hfb-mobile-header-display":"","site-post-title":"","ast-breadcrumbs-content":"","ast-featured-img":"","footer-sml-layout":"","theme-transparent-header-meta":"default","adv-header-id-meta":"","stick-header-meta":"","header-above-stick-meta":"","header-main-stick-meta":"","header-below-stick-meta":""},"product_cat":[101,96],"product_tag":[124],"class_list":["post-32232","product","type-product","status-publish","has-post-thumbnail","hentry","product_cat-interior-kln-korea-fr","product_cat-kln-korea-fr","product_tag-kln-korea-fr","desktop-align-left","tablet-align-center","mobile-align-left","ast-product-gallery-layout-horizontal-slider","ast-product-tabs-layout-horizontal"],"_links":{"self":[{"href":"https:\/\/perfectionist.ch\/fr\/wp-json\/wp\/v2\/product\/32232","targetHints":{"allow":["GET"]}}],"collection":[{"href":"https:\/\/perfectionist.ch\/fr\/wp-json\/wp\/v2\/product"}],"about":[{"href":"https:\/\/perfectionist.ch\/fr\/wp-json\/wp\/v2\/types\/product"}],"replies":[{"embeddable":true,"href":"https:\/\/perfectionist.ch\/fr\/wp-json\/wp\/v2\/comments?post=32232"}],"wp:featuredmedia":[{"embeddable":true,"href":"https:\/\/perfectionist.ch\/fr\/wp-json\/wp\/v2\/media\/28946"}],"wp:attachment":[{"href":"https:\/\/perfectionist.ch\/fr\/wp-json\/wp\/v2\/media?parent=32232"}],"wp:term":[{"taxonomy":"product_cat","embeddable":true,"href":"https:\/\/perfectionist.ch\/fr\/wp-json\/wp\/v2\/product_cat?post=32232"},{"taxonomy":"product_tag","embeddable":true,"href":"https:\/\/perfectionist.ch\/fr\/wp-json\/wp\/v2\/product_tag?post=32232"}],"curies":[{"name":"wp","href":"https:\/\/api.w.org\/{rel}","templated":true}]}}