{"id":32231,"date":"2023-06-02T13:44:58","date_gmt":"2023-06-02T11:44:58","guid":{"rendered":"https:\/\/perfectionist.ch\/product\/glass-shine-hd\/"},"modified":"2023-06-02T13:44:58","modified_gmt":"2023-06-02T11:44:58","slug":"glass-shine-hd","status":"publish","type":"product","link":"https:\/\/perfectionist.ch\/fr\/produit\/glass-shine-hd\/","title":{"rendered":"GLASS SHINE HD"},"content":{"rendered":"","protected":false},"excerpt":{"rendered":"<p>Il s\u2019agit de la serviette d\u00e9di\u00e9e pour le verre la plus r\u00e9sistante que nous ayons jamais utilis\u00e9e. Avec la m\u00eame technologie que les serviettes de s\u00e9chage EVO. Signifiant qu\u2019une seule serviette suffira \u00e0 nettoyer les vitres de plusieurs v\u00e9hicules avant qu\u2019elle ne montre le moindre signe de ralentissement.<\/p>\n<p>Cette serviette \u00e0 deux faces \u00e0 un c\u00f4t\u00e9 qui est utilis\u00e9 pour \u00ab frotter et nettoyer \u00bb le verre, tandis que l\u2019autre c\u00f4t\u00e9 a un poil plus \u00e9pais pour ramasser tout liquide laiss\u00e9 sur la surface du verre.<\/p>\n<p> <strong> 10.00 <\/strong><strong>CHF<br \/>\n<\/strong><\/p>\n","protected":false},"featured_media":351,"comment_status":"open","ping_status":"closed","template":"","meta":{"site-sidebar-layout":"default","site-content-layout":"default","ast-global-header-display":"","ast-banner-title-visibility":"","ast-main-header-display":"","ast-hfb-above-header-display":"","ast-hfb-below-header-display":"","ast-hfb-mobile-header-display":"","site-post-title":"","ast-breadcrumbs-content":"","ast-featured-img":"","footer-sml-layout":"","theme-transparent-header-meta":"default","adv-header-id-meta":"","stick-header-meta":"","header-above-stick-meta":"","header-main-stick-meta":"","header-below-stick-meta":""},"product_cat":[96,100],"product_tag":[124],"class_list":["post-32231","product","type-product","status-publish","has-post-thumbnail","hentry","product_cat-kln-korea-fr","product_cat-glass-kln-korea-fr","product_tag-kln-korea-fr","desktop-align-left","tablet-align-center","mobile-align-left","ast-product-gallery-layout-horizontal-slider","ast-product-gallery-with-no-image","ast-product-tabs-layout-horizontal"],"_links":{"self":[{"href":"https:\/\/perfectionist.ch\/fr\/wp-json\/wp\/v2\/product\/32231","targetHints":{"allow":["GET"]}}],"collection":[{"href":"https:\/\/perfectionist.ch\/fr\/wp-json\/wp\/v2\/product"}],"about":[{"href":"https:\/\/perfectionist.ch\/fr\/wp-json\/wp\/v2\/types\/product"}],"replies":[{"embeddable":true,"href":"https:\/\/perfectionist.ch\/fr\/wp-json\/wp\/v2\/comments?post=32231"}],"wp:featuredmedia":[{"embeddable":true,"href":"https:\/\/perfectionist.ch\/fr\/wp-json\/wp\/v2\/media\/351"}],"wp:attachment":[{"href":"https:\/\/perfectionist.ch\/fr\/wp-json\/wp\/v2\/media?parent=32231"}],"wp:term":[{"taxonomy":"product_cat","embeddable":true,"href":"https:\/\/perfectionist.ch\/fr\/wp-json\/wp\/v2\/product_cat?post=32231"},{"taxonomy":"product_tag","embeddable":true,"href":"https:\/\/perfectionist.ch\/fr\/wp-json\/wp\/v2\/product_tag?post=32231"}],"curies":[{"name":"wp","href":"https:\/\/api.w.org\/{rel}","templated":true}]}}