{"id":32226,"date":"2023-06-02T13:47:39","date_gmt":"2023-06-02T11:47:39","guid":{"rendered":"https:\/\/perfectionist.ch\/product\/softy-series-hd-mitt\/"},"modified":"2023-06-02T13:47:39","modified_gmt":"2023-06-02T11:47:39","slug":"softy-series-hd-mitt","status":"publish","type":"product","link":"https:\/\/perfectionist.ch\/fr\/produit\/softy-series-hd-mitt\/","title":{"rendered":"SOFTY SERIES HD MITT"},"content":{"rendered":"","protected":false},"excerpt":{"rendered":"<p>\u00c9tant construite sur les bases pos\u00e9es par la Softy Series, la <b>KLIN Softy Series HD<\/b> pousse la douceur \u00e0 l\u2019extr\u00eame. En d\u00e9veloppement depuis 2019, les tampons et les moufles pr\u00e9sentent une couleur Ivory qui est id\u00e9ale pour surveiller de pr\u00e8s ce qui va exactement sur votre peinture. Cela a longtemps \u00e9t\u00e9 le favori sur un v\u00e9hicule \u00e0 rev\u00eatement c\u00e9ramique en raison de la douceur avec laquelle il soul\u00e8ve la salet\u00e9 et la lib\u00e8re facilement des fibres.<\/p>\n<p>L\u2019\u00e9ponge \u00e9paisse du tampon interne fait jaillir la solution de lavage apr\u00e8s chaque immersion du gant, ce qui est id\u00e9al pour les sections sup\u00e9rieures du v\u00e9hicule qui sont les plus visibles et les plus susceptibles d\u2019\u00eatre marqu\u00e9es par le lavage.<\/p>\n<p><strong>22.00 CHF<br \/>\n<\/strong><\/p>\n","protected":false},"featured_media":2971,"comment_status":"open","ping_status":"closed","template":"","meta":{"site-sidebar-layout":"default","site-content-layout":"default","ast-global-header-display":"","ast-banner-title-visibility":"","ast-main-header-display":"","ast-hfb-above-header-display":"","ast-hfb-below-header-display":"","ast-hfb-mobile-header-display":"","site-post-title":"","ast-breadcrumbs-content":"","ast-featured-img":"","footer-sml-layout":"","theme-transparent-header-meta":"default","adv-header-id-meta":"","stick-header-meta":"","header-above-stick-meta":"","header-main-stick-meta":"","header-below-stick-meta":""},"product_cat":[96,102],"product_tag":[124],"class_list":["post-32226","product","type-product","status-publish","has-post-thumbnail","hentry","product_cat-kln-korea-fr","product_cat-washing-fr","product_tag-kln-korea-fr","desktop-align-left","tablet-align-center","mobile-align-left","ast-product-gallery-layout-horizontal-slider","ast-product-tabs-layout-horizontal"],"_links":{"self":[{"href":"https:\/\/perfectionist.ch\/fr\/wp-json\/wp\/v2\/product\/32226","targetHints":{"allow":["GET"]}}],"collection":[{"href":"https:\/\/perfectionist.ch\/fr\/wp-json\/wp\/v2\/product"}],"about":[{"href":"https:\/\/perfectionist.ch\/fr\/wp-json\/wp\/v2\/types\/product"}],"replies":[{"embeddable":true,"href":"https:\/\/perfectionist.ch\/fr\/wp-json\/wp\/v2\/comments?post=32226"}],"wp:featuredmedia":[{"embeddable":true,"href":"https:\/\/perfectionist.ch\/fr\/wp-json\/wp\/v2\/media\/2971"}],"wp:attachment":[{"href":"https:\/\/perfectionist.ch\/fr\/wp-json\/wp\/v2\/media?parent=32226"}],"wp:term":[{"taxonomy":"product_cat","embeddable":true,"href":"https:\/\/perfectionist.ch\/fr\/wp-json\/wp\/v2\/product_cat?post=32226"},{"taxonomy":"product_tag","embeddable":true,"href":"https:\/\/perfectionist.ch\/fr\/wp-json\/wp\/v2\/product_tag?post=32226"}],"curies":[{"name":"wp","href":"https:\/\/api.w.org\/{rel}","templated":true}]}}