{"id":32224,"date":"2023-06-02T13:53:14","date_gmt":"2023-06-02T11:53:14","guid":{"rendered":"https:\/\/perfectionist.ch\/product\/softy-series-applicator-2-pack\/"},"modified":"2023-06-02T13:53:14","modified_gmt":"2023-06-02T11:53:14","slug":"softy-series-applicator-2-pack","status":"publish","type":"product","link":"https:\/\/perfectionist.ch\/fr\/produit\/softy-series-applicator-2-pack\/","title":{"rendered":"SOFTY SERIES APPLICATOR 2 PACK"},"content":{"rendered":"","protected":false},"excerpt":{"rendered":"<p>Peut-\u00eatre l\u2019une des lignes de produits les plus int\u00e9ressantes de KL!N Korea. La s\u00e9rie Softy de gants de lavage, de tampons de lavage et d\u2019applicateurs est ULTRA douce. En utilisant les m\u00e9thodes appropri\u00e9es, chaque s\u00e9rie Softy est un changement de jeu qui se remarque d\u00e8s que vous la prenez en main.<\/p>\n<p>L\u2019applicateur de la s\u00e9rie Softy, vendu en pack de 2, est un outil polyvalent. Il est utilis\u00e9 pour l\u2019application de cire, l\u2019application de rev\u00eatements, le polissage de petites surfaces ou comme tampon de lavage pour les petits espaces comme les roues et les portes. Ultra doux, durable, s\u00fbr.<\/p>\n<p><strong>14.00 CHF<br \/>\n<\/strong><\/p>\n","protected":false},"featured_media":2973,"comment_status":"open","ping_status":"closed","template":"","meta":{"site-sidebar-layout":"default","site-content-layout":"default","ast-global-header-display":"","ast-banner-title-visibility":"","ast-main-header-display":"","ast-hfb-above-header-display":"","ast-hfb-below-header-display":"","ast-hfb-mobile-header-display":"","site-post-title":"","ast-breadcrumbs-content":"","ast-featured-img":"","footer-sml-layout":"","theme-transparent-header-meta":"default","adv-header-id-meta":"","stick-header-meta":"","header-above-stick-meta":"","header-main-stick-meta":"","header-below-stick-meta":""},"product_cat":[96,103],"product_tag":[124],"class_list":["post-32224","product","type-product","status-publish","has-post-thumbnail","hentry","product_cat-kln-korea-fr","product_cat-coating-fr","product_tag-kln-korea-fr","desktop-align-left","tablet-align-center","mobile-align-left","ast-product-gallery-layout-horizontal-slider","ast-product-tabs-layout-horizontal"],"_links":{"self":[{"href":"https:\/\/perfectionist.ch\/fr\/wp-json\/wp\/v2\/product\/32224","targetHints":{"allow":["GET"]}}],"collection":[{"href":"https:\/\/perfectionist.ch\/fr\/wp-json\/wp\/v2\/product"}],"about":[{"href":"https:\/\/perfectionist.ch\/fr\/wp-json\/wp\/v2\/types\/product"}],"replies":[{"embeddable":true,"href":"https:\/\/perfectionist.ch\/fr\/wp-json\/wp\/v2\/comments?post=32224"}],"wp:featuredmedia":[{"embeddable":true,"href":"https:\/\/perfectionist.ch\/fr\/wp-json\/wp\/v2\/media\/2973"}],"wp:attachment":[{"href":"https:\/\/perfectionist.ch\/fr\/wp-json\/wp\/v2\/media?parent=32224"}],"wp:term":[{"taxonomy":"product_cat","embeddable":true,"href":"https:\/\/perfectionist.ch\/fr\/wp-json\/wp\/v2\/product_cat?post=32224"},{"taxonomy":"product_tag","embeddable":true,"href":"https:\/\/perfectionist.ch\/fr\/wp-json\/wp\/v2\/product_tag?post=32224"}],"curies":[{"name":"wp","href":"https:\/\/api.w.org\/{rel}","templated":true}]}}