{"id":32222,"date":"2023-06-02T13:53:58","date_gmt":"2023-06-02T11:53:58","guid":{"rendered":"https:\/\/perfectionist.ch\/product\/wash-pad\/"},"modified":"2024-03-19T13:41:28","modified_gmt":"2024-03-19T12:41:28","slug":"wash-pad","status":"publish","type":"product","link":"https:\/\/perfectionist.ch\/fr\/produit\/wash-pad\/","title":{"rendered":"WASH PAD+"},"content":{"rendered":"","protected":false},"excerpt":{"rendered":"<p>Doux et s\u00fbr pour les surfaces peintes, le KL!N Wash Pad+ tire le meilleur parti du savon que vous utilisez. Mesurant 24x16cm, ce tampon absorbe le savon et l\u2019eau. Pressez-le sur la surface peinte, le savon se met \u00e0 bouillonner et une mousse \u00e9paisse \u00e9limine en toute s\u00e9curit\u00e9 la salet\u00e9 de votre peinture.<\/p>\n<p>Wash Pad + est un tampon de lavage SEULEMENT et n\u2019a pas de manchette ou d\u2019ouverture.<\/p>\n<p><strong>20.00 CHF<br \/>\n<\/strong><\/p>\n","protected":false},"featured_media":30851,"comment_status":"open","ping_status":"closed","template":"","meta":{"site-sidebar-layout":"default","site-content-layout":"default","ast-global-header-display":"","ast-banner-title-visibility":"","ast-main-header-display":"","ast-hfb-above-header-display":"","ast-hfb-below-header-display":"","ast-hfb-mobile-header-display":"","site-post-title":"","ast-breadcrumbs-content":"","ast-featured-img":"","footer-sml-layout":"","theme-transparent-header-meta":"default","adv-header-id-meta":"","stick-header-meta":"default","header-above-stick-meta":"","header-main-stick-meta":"","header-below-stick-meta":""},"product_cat":[96,102],"product_tag":[124],"class_list":["post-32222","product","type-product","status-publish","has-post-thumbnail","hentry","product_cat-kln-korea-fr","product_cat-washing-fr","product_tag-kln-korea-fr","desktop-align-left","tablet-align-center","mobile-align-left","ast-product-gallery-layout-horizontal-slider","ast-product-gallery-with-no-image","ast-product-tabs-layout-horizontal"],"_links":{"self":[{"href":"https:\/\/perfectionist.ch\/fr\/wp-json\/wp\/v2\/product\/32222","targetHints":{"allow":["GET"]}}],"collection":[{"href":"https:\/\/perfectionist.ch\/fr\/wp-json\/wp\/v2\/product"}],"about":[{"href":"https:\/\/perfectionist.ch\/fr\/wp-json\/wp\/v2\/types\/product"}],"replies":[{"embeddable":true,"href":"https:\/\/perfectionist.ch\/fr\/wp-json\/wp\/v2\/comments?post=32222"}],"wp:featuredmedia":[{"embeddable":true,"href":"https:\/\/perfectionist.ch\/fr\/wp-json\/wp\/v2\/media\/30851"}],"wp:attachment":[{"href":"https:\/\/perfectionist.ch\/fr\/wp-json\/wp\/v2\/media?parent=32222"}],"wp:term":[{"taxonomy":"product_cat","embeddable":true,"href":"https:\/\/perfectionist.ch\/fr\/wp-json\/wp\/v2\/product_cat?post=32222"},{"taxonomy":"product_tag","embeddable":true,"href":"https:\/\/perfectionist.ch\/fr\/wp-json\/wp\/v2\/product_tag?post=32222"}],"curies":[{"name":"wp","href":"https:\/\/api.w.org\/{rel}","templated":true}]}}