{"id":32221,"date":"2023-06-02T13:54:22","date_gmt":"2023-06-02T11:54:22","guid":{"rendered":"https:\/\/perfectionist.ch\/product\/doum-mitt\/"},"modified":"2023-06-02T13:54:22","modified_gmt":"2023-06-02T11:54:22","slug":"doum-mitt","status":"publish","type":"product","link":"https:\/\/perfectionist.ch\/fr\/produit\/doum-mitt\/","title":{"rendered":"DOUM MITT"},"content":{"rendered":"","protected":false},"excerpt":{"rendered":"<p>Ultra doux, \u00e0 poils profonds, il convient parfaitement \u00e0 un usage int\u00e9rieur ou ext\u00e9rieur. Le DOUM a des couches de mousse super absorbantes qui retiennent votre solution de lavage pour lubrifier pendant l\u2019utilisation, lubrifiant \u00e0 chaque passage sur votre peinture.<\/p>\n<p>Un design fin et des poches int\u00e9rieures permettent \u00e0 ce gant d\u2019atteindre les coins les plus \u00e9troits, que ce soit pour une application int\u00e9rieure ou ext\u00e9rieure.<\/p>\n<p>En plus d\u2019\u00eatre un gant parfait pour l\u2019ext\u00e9rieur, le DOUM est parfait pour le d\u00e9poussi\u00e9rage int\u00e9rieur \u00e0 sec des tableaux de bord et des appareils \u00e9lectroniques, et m\u00eame pour l\u2019application de produits de protection contre les UV. Le nettoyage des cartes de porte avec un produit chimique ou m\u00eame de la vapeur avec le DOUM est un jeu d\u2019enfant.<\/p>\n<p>La manchette pliable permet de l\u2019utiliser comme Mitt sur votre main, ou comme tampon.<\/p>\n<p><strong>15.00 <\/strong><strong>CHF<br \/>\n<\/strong><\/p>\n","protected":false},"featured_media":2977,"comment_status":"open","ping_status":"closed","template":"","meta":{"site-sidebar-layout":"default","site-content-layout":"default","ast-global-header-display":"","ast-banner-title-visibility":"","ast-main-header-display":"","ast-hfb-above-header-display":"","ast-hfb-below-header-display":"","ast-hfb-mobile-header-display":"","site-post-title":"","ast-breadcrumbs-content":"","ast-featured-img":"","footer-sml-layout":"","theme-transparent-header-meta":"default","adv-header-id-meta":"","stick-header-meta":"","header-above-stick-meta":"","header-main-stick-meta":"","header-below-stick-meta":""},"product_cat":[96,102],"product_tag":[124],"class_list":["post-32221","product","type-product","status-publish","has-post-thumbnail","hentry","product_cat-kln-korea-fr","product_cat-washing-fr","product_tag-kln-korea-fr","desktop-align-left","tablet-align-center","mobile-align-left","ast-product-gallery-layout-horizontal-slider","ast-product-tabs-layout-horizontal"],"_links":{"self":[{"href":"https:\/\/perfectionist.ch\/fr\/wp-json\/wp\/v2\/product\/32221","targetHints":{"allow":["GET"]}}],"collection":[{"href":"https:\/\/perfectionist.ch\/fr\/wp-json\/wp\/v2\/product"}],"about":[{"href":"https:\/\/perfectionist.ch\/fr\/wp-json\/wp\/v2\/types\/product"}],"replies":[{"embeddable":true,"href":"https:\/\/perfectionist.ch\/fr\/wp-json\/wp\/v2\/comments?post=32221"}],"wp:featuredmedia":[{"embeddable":true,"href":"https:\/\/perfectionist.ch\/fr\/wp-json\/wp\/v2\/media\/2977"}],"wp:attachment":[{"href":"https:\/\/perfectionist.ch\/fr\/wp-json\/wp\/v2\/media?parent=32221"}],"wp:term":[{"taxonomy":"product_cat","embeddable":true,"href":"https:\/\/perfectionist.ch\/fr\/wp-json\/wp\/v2\/product_cat?post=32221"},{"taxonomy":"product_tag","embeddable":true,"href":"https:\/\/perfectionist.ch\/fr\/wp-json\/wp\/v2\/product_tag?post=32221"}],"curies":[{"name":"wp","href":"https:\/\/api.w.org\/{rel}","templated":true}]}}