{"id":32165,"date":"2023-06-02T13:09:48","date_gmt":"2023-06-02T11:09:48","guid":{"rendered":"https:\/\/perfectionist.ch\/product\/panel-prep-surface-glass-cleanser\/"},"modified":"2023-06-02T13:09:48","modified_gmt":"2023-06-02T11:09:48","slug":"panel-prep-surface-glass-cleanser","status":"publish","type":"product","link":"https:\/\/perfectionist.ch\/fr\/produit\/panel-prep-surface-glass-cleanser\/","title":{"rendered":"Panel Prep Surface &amp; Glass Cleanser"},"content":{"rendered":"","protected":false},"excerpt":{"rendered":"<div class=\"elementor-column elementor-col-50 elementor-top-column elementor-element elementor-element-77b7f3a\" data-id=\"77b7f3a\" data-element_type=\"column\">\n<div class=\"elementor-widget-wrap elementor-element-populated\">\n<div class=\"elementor-element elementor-element-3360870 elementor-widget elementor-widget-text-editor\" data-id=\"3360870\" data-element_type=\"widget\" data-widget_type=\"text-editor.default\">\n<div class=\"elementor-widget-container\">\n<p><strong>Panel Prep Surface &amp; Glass Cleanser<\/strong> a maintenant \u00e9t\u00e9 reformul\u00e9 pour \u00eatre plus fort et plus efficace.<\/p>\n<p>Panel Prep est une formule \u00e0 base d\u2019alcool con\u00e7ue pour \u00e9liminer tous les r\u00e9sidus de polish et de cire, fournissant ainsi une base parfaite pour les rev\u00eatements de protection, cr\u00e9ant une liaison plus forte et plus durable.<\/p>\n<p>De plus, gr\u00e2ce \u00e0 sa formule \u00e0 base d\u2019alcool, Panel Prep est \u00e9galement un nettoyant pour vitres tr\u00e8s efficace, cr\u00e9ant une finition sans traces tout en \u00e9tant sans danger pour le Platinum Glass et les autres rev\u00eatements pour vitres.<\/p>\n<p><strong>Mode d\u2019emploi:<\/strong><\/p>\n<ul>\n<li>Assurez-vous que toutes les surfaces sont s\u00e8ches, exemptes d\u2019huile et de salet\u00e9. Utilisez Panel Prep avant d\u2019appliquer le rev\u00eatement.<\/li>\n<li>Vaporisez Panel Prep directement sur un chiffon en microfibre doux \u00e0 une distance de 20-30 cm.<\/li>\n<li>\u00c0 l\u2019aide du microfibre humide, essuyez la surface choisie.<\/li>\n<li>Travaillez par sections, r\u00e9v\u00e9lant une finition d\u00e9contamin\u00e9e et sans trace.<\/li>\n<\/ul>\n<p><strong><u>Disponible en:<\/u><\/strong><\/p>\n<p><strong>500ml \u2013 18.00 CHF<\/strong><\/p>\n<\/div>\n<\/div>\n<\/div>\n<\/div>\n","protected":false},"featured_media":32615,"comment_status":"open","ping_status":"closed","template":"","meta":{"site-sidebar-layout":"default","site-content-layout":"default","ast-global-header-display":"","ast-banner-title-visibility":"","ast-main-header-display":"","ast-hfb-above-header-display":"","ast-hfb-below-header-display":"","ast-hfb-mobile-header-display":"","site-post-title":"","ast-breadcrumbs-content":"","ast-featured-img":"","footer-sml-layout":"","theme-transparent-header-meta":"default","adv-header-id-meta":"","stick-header-meta":"default","header-above-stick-meta":"","header-main-stick-meta":"","header-below-stick-meta":""},"product_cat":[85,89],"product_tag":[87],"class_list":["post-32165","product","type-product","status-publish","has-post-thumbnail","hentry","product_cat-carbon-collective-fr","product_cat-pre-nettoyant-carbon-collective","product_tag-carbon-collective-fr","desktop-align-left","tablet-align-center","mobile-align-left","ast-product-gallery-layout-horizontal-slider","ast-product-gallery-with-no-image","ast-product-tabs-layout-horizontal"],"_links":{"self":[{"href":"https:\/\/perfectionist.ch\/fr\/wp-json\/wp\/v2\/product\/32165","targetHints":{"allow":["GET"]}}],"collection":[{"href":"https:\/\/perfectionist.ch\/fr\/wp-json\/wp\/v2\/product"}],"about":[{"href":"https:\/\/perfectionist.ch\/fr\/wp-json\/wp\/v2\/types\/product"}],"replies":[{"embeddable":true,"href":"https:\/\/perfectionist.ch\/fr\/wp-json\/wp\/v2\/comments?post=32165"}],"wp:featuredmedia":[{"embeddable":true,"href":"https:\/\/perfectionist.ch\/fr\/wp-json\/wp\/v2\/media\/32615"}],"wp:attachment":[{"href":"https:\/\/perfectionist.ch\/fr\/wp-json\/wp\/v2\/media?parent=32165"}],"wp:term":[{"taxonomy":"product_cat","embeddable":true,"href":"https:\/\/perfectionist.ch\/fr\/wp-json\/wp\/v2\/product_cat?post=32165"},{"taxonomy":"product_tag","embeddable":true,"href":"https:\/\/perfectionist.ch\/fr\/wp-json\/wp\/v2\/product_tag?post=32165"}],"curies":[{"name":"wp","href":"https:\/\/api.w.org\/{rel}","templated":true}]}}