{"id":32164,"date":"2023-06-02T13:10:32","date_gmt":"2023-06-02T11:10:32","guid":{"rendered":"https:\/\/perfectionist.ch\/product\/react-fallout-remover\/"},"modified":"2024-03-19T10:46:11","modified_gmt":"2024-03-19T09:46:11","slug":"react-fallout-remover","status":"publish","type":"product","link":"https:\/\/perfectionist.ch\/fr\/produit\/react-fallout-remover\/","title":{"rendered":"React Fallout Remover"},"content":{"rendered":"<p><strong>Mode d\u2019emploi:<\/strong><\/p>\n<ul>\n<li>Lorsque vous appliquez le produit sur les <strong>roues<\/strong>, assurez-vous qu\u2019elles sont froides au toucher avant de l\u2019appliquer.<\/li>\n<li>Lors de l\u2019application sur des <strong>panneaux de carrosserie<\/strong>, assurez-vous que la peinture est propre et froide au toucher.<\/li>\n<li>Vaporiser React directement sur la surface.<\/li>\n<li>Laissez reposer pendant 2 \u00e0 3 minutes par roue ou panneau, le changement de couleur indique la neutralisation des particules.<\/li>\n<li>Pour les zones tenaces, agitez avec une brosse pendant le temps d\u2019attente.<\/li>\n<li>Les roues tr\u00e8s sales peuvent n\u00e9cessiter un temps d\u2019attente plus long.<\/li>\n<li>Ne laissez pas le produit s\u00e9cher sur les roues ou les panneaux de carrosserie.<\/li>\n<\/ul>\n<p><strong><a href=\"https:\/\/perfectionist.ch\/wp-content\/uploads\/2023\/06\/6.-React-Carbon-Collective-09.11.22-2.pdf\" target=\"_blank\" rel=\"noopener\">T\u00e9l\u00e9chargez la fiche de donn\u00e9es de s\u00e9curit\u00e9.<\/a><\/strong><\/p>\n","protected":false},"excerpt":{"rendered":"<p><strong>React Fallout Remover 2.0<\/strong> est la toute derni\u00e8re formule du tr\u00e8s populaire d\u00e9ferriseur.<\/p>\n<p>Cette nouvelle formule est plus forte, r\u00e9agit plus rapidement, est plus facile \u00e0 pulv\u00e9riser avec un parfum plus agr\u00e9able, tout en restant pH neutre.<\/p>\n<p>React Fallout Remover est sans danger pour les rev\u00eatement et convient parfaitement \u00e0 la peinture, aux roues et aux panneaux de carrosserie ext\u00e9rieurs.<\/p>\n<ul>\n<li>Nouvelle Formulation<\/li>\n<li>Nouveau Parfum<\/li>\n<li>Plus facile \u00e0 appliquer<\/li>\n<li>R\u00e9action plus rapide<\/li>\n<li>pH neutre<\/li>\n<li>Sans danger pour les rev\u00eatements<\/li>\n<\/ul>\n<p><strong><u>Disponible en:<\/u><\/strong><\/p>\n<ul>\n<li><strong>500ml \u2013 22.00 CHF<\/strong><\/li>\n<li><strong>1 Litre \u2013 35.00 CHF<\/strong><\/li>\n<\/ul>\n","protected":false},"featured_media":30815,"comment_status":"open","ping_status":"closed","template":"","meta":{"site-sidebar-layout":"default","site-content-layout":"default","ast-global-header-display":"","ast-banner-title-visibility":"","ast-main-header-display":"","ast-hfb-above-header-display":"","ast-hfb-below-header-display":"","ast-hfb-mobile-header-display":"","site-post-title":"","ast-breadcrumbs-content":"","ast-featured-img":"","footer-sml-layout":"","theme-transparent-header-meta":"default","adv-header-id-meta":"","stick-header-meta":"default","header-above-stick-meta":"","header-main-stick-meta":"","header-below-stick-meta":""},"product_cat":[85,95,89],"product_tag":[87],"class_list":["post-32164","product","type-product","status-publish","has-post-thumbnail","hentry","product_cat-carbon-collective-fr","product_cat-trim-tires-fr","product_cat-pre-nettoyant-carbon-collective","product_tag-carbon-collective-fr","desktop-align-left","tablet-align-center","mobile-align-left","ast-product-gallery-layout-horizontal-slider","ast-product-tabs-layout-horizontal"],"_links":{"self":[{"href":"https:\/\/perfectionist.ch\/fr\/wp-json\/wp\/v2\/product\/32164","targetHints":{"allow":["GET"]}}],"collection":[{"href":"https:\/\/perfectionist.ch\/fr\/wp-json\/wp\/v2\/product"}],"about":[{"href":"https:\/\/perfectionist.ch\/fr\/wp-json\/wp\/v2\/types\/product"}],"replies":[{"embeddable":true,"href":"https:\/\/perfectionist.ch\/fr\/wp-json\/wp\/v2\/comments?post=32164"}],"wp:featuredmedia":[{"embeddable":true,"href":"https:\/\/perfectionist.ch\/fr\/wp-json\/wp\/v2\/media\/30815"}],"wp:attachment":[{"href":"https:\/\/perfectionist.ch\/fr\/wp-json\/wp\/v2\/media?parent=32164"}],"wp:term":[{"taxonomy":"product_cat","embeddable":true,"href":"https:\/\/perfectionist.ch\/fr\/wp-json\/wp\/v2\/product_cat?post=32164"},{"taxonomy":"product_tag","embeddable":true,"href":"https:\/\/perfectionist.ch\/fr\/wp-json\/wp\/v2\/product_tag?post=32164"}],"curies":[{"name":"wp","href":"https:\/\/api.w.org\/{rel}","templated":true}]}}