{"id":32163,"date":"2023-06-02T13:11:46","date_gmt":"2023-06-02T11:11:46","guid":{"rendered":"https:\/\/perfectionist.ch\/product\/hybrid-sio2-ceramic-shampoo\/"},"modified":"2023-06-02T13:11:46","modified_gmt":"2023-06-02T11:11:46","slug":"hybrid-sio2-ceramic-shampoo","status":"publish","type":"product","link":"https:\/\/perfectionist.ch\/fr\/produit\/hybrid-sio2-ceramic-shampoo\/","title":{"rendered":"Hybrid SiO2 Ceramic Shampoo"},"content":{"rendered":"<section class=\"elementor-section elementor-top-section elementor-element elementor-element-ac00f59 elementor-section-boxed elementor-section-height-default elementor-section-height-default parallax_section_no qode_elementor_container_no\" data-id=\"ac00f59\" data-element_type=\"section\">\n<div class=\"elementor-container elementor-column-gap-default\">\n<div class=\"elementor-column elementor-col-100 elementor-top-column elementor-element elementor-element-495b291\" data-id=\"495b291\" data-element_type=\"column\">\n<div class=\"elementor-widget-wrap elementor-element-populated\">\n<div class=\"elementor-element elementor-element-47f5ad1 elementor-widget elementor-widget-text-editor\" data-id=\"47f5ad1\" data-element_type=\"widget\" data-widget_type=\"text-editor.default\">\n<div class=\"elementor-widget-container\">\n<p><strong>Caract\u00e9ristiques:<\/strong><\/p>\n<ul>\n<li>Formule \u00e0 pH neutre<\/li>\n<li>Laisse une protection SiO2 sur les v\u00e9hicules non prot\u00e9g\u00e9s.<\/li>\n<li>Restaure et renforce les rev\u00eatements c\u00e9ramiques.<\/li>\n<li>Nettoyage et protection en une seule \u00e9tape<\/li>\n<li>Nettoyage en profondeur \u2013 \u00e9limine la salet\u00e9 adh\u00e9rente des finitions prot\u00e9g\u00e9es.<\/li>\n<li>Haute concentration \u2013 seulement 50 ml par seau de 20 litres.<\/li>\n<li>Laisse une finition brillante et sans traces<\/li>\n<\/ul>\n<p>M\u00e9thodes d\u2019application:<\/p>\n<p><strong>Application au seau:<\/strong><\/p>\n<ul>\n<li>Versez 50 ml de produit dans le seau et remplissez-le de 20 litres d\u2019eau chaude. (En option, ajoutez 10 \u00e0 20 ml de shampooing Lusso pour augmenter la mousse).<\/li>\n<li>\u00c0 l\u2019aide d\u2019un de nos gants de lavage KL!N, commencez \u00e0 laver le v\u00e9hicule de haut en bas en lignes droites.<\/li>\n<li>Une fois le v\u00e9hicule propre, rincez vigoureusement jusqu\u2019\u00e0 ce que l\u2019eau devienne claire.<\/li>\n<li>R\u00e9p\u00e9tez le processus pour une durabilit\u00e9 maximale, en ajoutant une couche suppl\u00e9mentaire de protection, en augmentant la brillance et la durabilit\u00e9.<\/li>\n<\/ul>\n<p><strong>Application des gants de lavage :<\/strong><\/p>\n<p>Pr\u00e9lavage avant application.<\/p>\n<ul>\n<li>En utilisant la m\u00e9thode \u00e0 deux seaux, ajoutez 50 ml du shampoing de votre choix dans un seau et remplissez l&rsquo;autre d&rsquo;eau propre.<\/li>\n<li>Lavez la voiture de haut en bas, d\u2019avant en arri\u00e8re comme vous le feriez habituellement (en utilisant la m\u00e9thode \u00e0 deux seaux).<\/li>\n<li>Une fois la voiture propre, appliquez quelques gouttes de shampooing hybride directement sur le gant ou le tampon de lavage humide.<\/li>\n<li>Appliquer panneau par panneau, une r\u00e9action va commencer \u00e0 se produire. Compl\u00e9tez le gant avec du shampooing si n\u00e9cessaire, r\u00e9p\u00e9tez ce processus sur l\u2019ensemble de la voiture.<\/li>\n<li>Une fois le shampooing appliqu\u00e9 sur l\u2019ensemble du v\u00e9hicule, rincez vigoureusement jusqu\u2019\u00e0 ce que l\u2019eau devienne claire.<\/li>\n<li>Par temps chaud, en plein soleil, la temp\u00e9rature des panneaux peut \u00eatre \u00e9lev\u00e9e, nous vous sugg\u00e9rons de rincer chaque panneau imm\u00e9diatement apr\u00e8s l\u2019application.<\/li>\n<\/ul>\n<p><strong>Application canon \u00e0 mousse:<\/strong><\/p>\n<p>Pr\u00e9-lavez avant l\u2019application, en utilisant Ultimus ou Satsuma Snow Foam.<\/p>\n<ul>\n<li>En utilisant la m\u00e9thode \u00e0 deux seaux, ajoutez 50 ml du shampoing de votre choix dans un seau et remplissez l&rsquo;autre d&rsquo;eau propre.<\/li>\n<li>Lavez la voiture de haut en bas, d\u2019avant en arri\u00e8re comme vous le feriez habituellement (en utilisant la m\u00e9thode \u00e0 deux seaux).<\/li>\n<li>Une fois la voiture propre, ajoutez 50 ml de shampooing Hybrid dans la bouteille de la lance et remplissez-la d\u2019eau chaude.<\/li>\n<li>Appliquez sur l\u2019ensemble du v\u00e9hicule \u00e0 l\u2019aide de la lance Snow Foam.<\/li>\n<li>\u00c0 l\u2019aide du gant de lavage et seau de lavage, essuyez la voiture panneau par panneau, en rin\u00e7ant le gant dans le seau de rin\u00e7age.<\/li>\n<li>Une fois le shampooing appliqu\u00e9 sur l\u2019ensemble du v\u00e9hicule, rincez vigoureusement jusqu\u2019\u00e0 ce que l\u2019eau devienne claire.<\/li>\n<\/ul>\n<p><a href=\"https:\/\/perfectionist.ch\/wp-content\/uploads\/2023\/06\/2.-Hybrid-Shampoo-Carbon-Collective-21.11.22-R2.pdf\"><strong>T\u00e9l\u00e9chargez la fiche de donn\u00e9es de s\u00e9curit\u00e9.<\/strong><\/a><\/p>\n<\/div>\n<\/div>\n<\/div>\n<\/div>\n<\/div>\n<\/section>\n","protected":false},"excerpt":{"rendered":"<p><strong>Hybrid SiO2 Ceramic Shampoo<\/strong> est un shampooing au pH neutre formul\u00e9 pour laisser une protection durable de SiO2 sur les finitions prot\u00e9g\u00e9es et non prot\u00e9g\u00e9es, en augmentant la brillance, le perlage et comportement hydrophobe.<\/p>\n<p>Formul\u00e9 \u00e0 l\u2019origine pour nettoyer en profondeur les finitions \u00e0 rev\u00eatement c\u00e9ramique, le shampooing Hybrid laisse une couche protectrice suppl\u00e9mentaire sur la surface, prolongeant ainsi la dur\u00e9e de vie de votre rev\u00eatement c\u00e9ramique. Les propri\u00e9t\u00e9s de nettoyage en profondeur d\u2019Hybrid Shampoo \u00e9liminent en toute s\u00e9curit\u00e9 la contamination li\u00e9e aux surfaces, restaurant les propri\u00e9t\u00e9s protectrices du rev\u00eatement c\u00e9ramique tout en augmentant la brillance et le perlage.<\/p>\n<p>Bien qu\u2019il soit con\u00e7u pour entretenir les rev\u00eatements c\u00e9ramiques, le shampooing Hybrid est parfait pour les v\u00e9hicules non prot\u00e9g\u00e9s.<\/p>\n<p>C\u2019est un produit rapide et facile \u00e0 utiliser en une seule \u00e9tape, offrant un nettoyage en profondeur impressionnant et une protection instantan\u00e9e. Ses propri\u00e9t\u00e9s peu moussantes permettent un rin\u00e7age facile, ce qui aide \u00e0 pr\u00e9venir les taches d\u2019eau et \u00e0 r\u00e9duire la consommation d\u2019eau.<\/p>\n<p>Le shampooing Hybrid est un produit \u00e0 tr\u00e8s haute concentration, 50ml par seau de 20 litres, soit dix lavages avec une seule bouteille de 500 ml.<\/p>\n<p>Compatible avec les protections synth\u00e9tiques externes pour une protection en couches, le shampooing SiO2 Ceramic peut \u00eatre utilis\u00e9 en harmonie avec le Speciale SiO2 Ceramic Detailer ou le Hybrid Coating pour une brillance, une durabilit\u00e9 et une protection renforc\u00e9es.<\/p>\n<p><strong><u>Disponible en:<\/u><\/strong><\/p>\n<ul>\n<li>5<strong>00ml \u2013 29.00 CHF<\/strong><\/li>\n<li><strong>2 Litres \u2013 110.00 CHF<\/strong><\/li>\n<\/ul>\n","protected":false},"featured_media":30778,"comment_status":"open","ping_status":"closed","template":"","meta":{"site-sidebar-layout":"default","site-content-layout":"default","ast-global-header-display":"","ast-banner-title-visibility":"","ast-main-header-display":"","ast-hfb-above-header-display":"","ast-hfb-below-header-display":"","ast-hfb-mobile-header-display":"","site-post-title":"","ast-breadcrumbs-content":"","ast-featured-img":"","footer-sml-layout":"","theme-transparent-header-meta":"default","adv-header-id-meta":"","stick-header-meta":"default","header-above-stick-meta":"","header-main-stick-meta":"","header-below-stick-meta":""},"product_cat":[85,88],"product_tag":[87],"class_list":["post-32163","product","type-product","status-publish","has-post-thumbnail","hentry","product_cat-carbon-collective-fr","product_cat-shampooing","product_tag-carbon-collective-fr","desktop-align-left","tablet-align-center","mobile-align-left","ast-product-gallery-layout-horizontal-slider","ast-product-gallery-with-no-image","ast-product-tabs-layout-horizontal"],"_links":{"self":[{"href":"https:\/\/perfectionist.ch\/fr\/wp-json\/wp\/v2\/product\/32163","targetHints":{"allow":["GET"]}}],"collection":[{"href":"https:\/\/perfectionist.ch\/fr\/wp-json\/wp\/v2\/product"}],"about":[{"href":"https:\/\/perfectionist.ch\/fr\/wp-json\/wp\/v2\/types\/product"}],"replies":[{"embeddable":true,"href":"https:\/\/perfectionist.ch\/fr\/wp-json\/wp\/v2\/comments?post=32163"}],"wp:featuredmedia":[{"embeddable":true,"href":"https:\/\/perfectionist.ch\/fr\/wp-json\/wp\/v2\/media\/30778"}],"wp:attachment":[{"href":"https:\/\/perfectionist.ch\/fr\/wp-json\/wp\/v2\/media?parent=32163"}],"wp:term":[{"taxonomy":"product_cat","embeddable":true,"href":"https:\/\/perfectionist.ch\/fr\/wp-json\/wp\/v2\/product_cat?post=32163"},{"taxonomy":"product_tag","embeddable":true,"href":"https:\/\/perfectionist.ch\/fr\/wp-json\/wp\/v2\/product_tag?post=32163"}],"curies":[{"name":"wp","href":"https:\/\/api.w.org\/{rel}","templated":true}]}}