{"id":32162,"date":"2023-06-02T13:12:20","date_gmt":"2023-06-02T11:12:20","guid":{"rendered":"https:\/\/perfectionist.ch\/product\/lusso-shampoo\/"},"modified":"2023-06-02T13:12:20","modified_gmt":"2023-06-02T11:12:20","slug":"lusso-shampoo","status":"publish","type":"product","link":"https:\/\/perfectionist.ch\/fr\/produit\/lusso-shampoo\/","title":{"rendered":"Lusso Shampoo"},"content":{"rendered":"<p><strong><a href=\"https:\/\/perfectionist.ch\/wp-content\/uploads\/2023\/06\/3.-Lusso-Shampoo-Carbon-Collective-09.11.22-R3.pdf\" target=\"_blank\" rel=\"noopener\">T\u00e9l\u00e9chargez la fiche de donn\u00e9es de s\u00e9curit\u00e9.<\/a><\/strong><\/p>\n","protected":false},"excerpt":{"rendered":"<p><strong>Lusso Shampoo<\/strong> est un shampooing pur qui ne contient ni huiles ni exhausteurs de brillance. Sa formule super lisse \u00e9limine la salet\u00e9 et le film de circulation en toute s\u00e9curit\u00e9, sans inhiber les propri\u00e9t\u00e9s hydrophobes (sans danger pour les rev\u00eatements).<\/p>\n<p>Sa formule au pH neutre offre un pouvoir nettoyant sup\u00e9rieur, sans enlever la protection synth\u00e9tique, les cires ou les rev\u00eatements. Sa formule ultra lisse et tr\u00e8s moussante est con\u00e7ue pour offrir les plus hauts niveaux de lubrification, brisant doucement la tension de surface et soulevant les particules de salet\u00e9 de la surface.<\/p>\n<p>La formule hautement concentr\u00e9e ne n\u00e9cessite que 20 ml de shampooing par seau.<\/p>\n<ul>\n<li>Formule super glissante<\/li>\n<li>Hautement concentr\u00e9e<\/li>\n<li>pH neutre<\/li>\n<li>Sans danger pour la cire<\/li>\n<li>Sans danger pour les produits d\u2019\u00e9tanch\u00e9it\u00e9<\/li>\n<li>N\u2019endommage pas votre protection<\/li>\n<li>Shampooing pur (pas d\u2019huiles ni d\u2019exhausteurs de brillance)<\/li>\n<li>Parfum signature de Carbon Collective<\/li>\n<\/ul>\n<p><strong><u>Disponible en:<\/u><\/strong><\/p>\n<ul>\n<li><strong>500ml \u2013 16.00 CHF<\/strong><\/li>\n<li><strong>1 Litre \u2013 28.00 CHF<\/strong><\/li>\n<li><strong>2 Litres \u2013 50.00 CHF<\/strong><\/li>\n<\/ul>\n","protected":false},"featured_media":30816,"comment_status":"open","ping_status":"closed","template":"","meta":{"site-sidebar-layout":"default","site-content-layout":"default","ast-global-header-display":"","ast-banner-title-visibility":"","ast-main-header-display":"","ast-hfb-above-header-display":"","ast-hfb-below-header-display":"","ast-hfb-mobile-header-display":"","site-post-title":"","ast-breadcrumbs-content":"","ast-featured-img":"","footer-sml-layout":"","theme-transparent-header-meta":"default","adv-header-id-meta":"","stick-header-meta":"default","header-above-stick-meta":"","header-main-stick-meta":"","header-below-stick-meta":""},"product_cat":[85,88],"product_tag":[87],"class_list":["post-32162","product","type-product","status-publish","has-post-thumbnail","hentry","product_cat-carbon-collective-fr","product_cat-shampooing","product_tag-carbon-collective-fr","desktop-align-left","tablet-align-center","mobile-align-left","ast-product-gallery-layout-horizontal-slider","ast-product-tabs-layout-horizontal"],"_links":{"self":[{"href":"https:\/\/perfectionist.ch\/fr\/wp-json\/wp\/v2\/product\/32162","targetHints":{"allow":["GET"]}}],"collection":[{"href":"https:\/\/perfectionist.ch\/fr\/wp-json\/wp\/v2\/product"}],"about":[{"href":"https:\/\/perfectionist.ch\/fr\/wp-json\/wp\/v2\/types\/product"}],"replies":[{"embeddable":true,"href":"https:\/\/perfectionist.ch\/fr\/wp-json\/wp\/v2\/comments?post=32162"}],"wp:featuredmedia":[{"embeddable":true,"href":"https:\/\/perfectionist.ch\/fr\/wp-json\/wp\/v2\/media\/30816"}],"wp:attachment":[{"href":"https:\/\/perfectionist.ch\/fr\/wp-json\/wp\/v2\/media?parent=32162"}],"wp:term":[{"taxonomy":"product_cat","embeddable":true,"href":"https:\/\/perfectionist.ch\/fr\/wp-json\/wp\/v2\/product_cat?post=32162"},{"taxonomy":"product_tag","embeddable":true,"href":"https:\/\/perfectionist.ch\/fr\/wp-json\/wp\/v2\/product_tag?post=32162"}],"curies":[{"name":"wp","href":"https:\/\/api.w.org\/{rel}","templated":true}]}}